{"id":89357,"date":"2023-04-12T13:22:05","date_gmt":"2023-04-12T11:22:05","guid":{"rendered":"https:\/\/new.donnobikes.com\/?page_id=89357"},"modified":"2023-12-21T09:18:23","modified_gmt":"2023-12-21T08:18:23","slug":"uber-uns","status":"publish","type":"page","link":"https:\/\/donnobikes.com\/de\/uber-uns\/","title":{"rendered":"\u00dcber uns"},"content":{"rendered":"","protected":false},"excerpt":{"rendered":"","protected":false},"author":1,"featured_media":0,"parent":0,"menu_order":0,"comment_status":"closed","ping_status":"closed","template":"tempates\/su-do-noi.php","meta":{"footnotes":""},"class_list":["post-89357","page","type-page","status-publish","hentry"],"meta_box":{"data":[],"servizi_page":[],"front_page_group":[],"pagamento":[],"spedizione":[],"group_mnnetnjnlpc":[],"group_sudinoi":{"intro":{"title":"OMAR DONNINI und NATALYA POPOVA","descrizione":"Nato e cresciuto nelle Marche, Omar \u00e8 uno specialista in meccanica. Dopo essersi diplomato all\u2019Istituto Tecnico di Fano, si occupa di produzione di componenti in acciaio e macchine a controllo numerico, lavorando come progettista tecnico. Nel 2012 si trasferisce a San Benedetto del Tronto dove, nel 2014, diventa co-fondatore di Donno Bikes e direttore del reparto tecnico meccanico dell\u2019azienda.\r\n\r\nNatalya, nata e cresciuta in Ucraina e laureata in legge, nel 2002 si trasferisce in Italia, dove si laurea in economia e commercio e diventa responsabile dei rivenditori esteri per aziende internazionali. Nel 2014, diventa co-fondatrice di Donno Bikes insieme al marito Omar, e responsabile del reparto vendite e dell\u2019assistenza clienti.","image":["89362","89361","90478"]},"diversa":{"title":"AUS LEIDENSCHAFT ANDERS","descrizione":"Tutto \u00e8 inizato con la passione per \u00abla bici\u00bb, il senso di libert\u00e0 e la filosofia di vita sostenibile su una due ruote. Ma Il punto di svolta che ha trasformato il nostro stile di vita in Donno Bikes \u00e8 stato l\u2019arrivo del nostro primo figlio nel 2014.\r\n\r\nL\u2019Italia allora aveva ben poco da offrire nel settore. Ad un certo punto della gravidanza si doveva rinunciare alla bicicletta, diventava difficile mantenere l\u2019equilibrio e continuare diventava troppo pericoloso. Fu la nostra ricerca di una bicicletta sicura che ci port\u00f2 all\u2019incontro con Taga, produttore americano di cargo bike. Scoprimmo che la bici cargo a 3 ruote era non solo stabile e sicura, quindi si poteva usare senza rischi fino al giorno del parto, ma soprattutto la sua multifunzionalit\u00e0 consentiva di trasformarla in bici passeggino che avremmo potuto usare fin dal primo giorno con nostro figlio senza rinunciare a trasportare altro\u2026 WOW! Non si era mai visto niente di simile in Italia fino ad allora. Eravamo a dir poco elettrizzati.\r\n\r\nDovemmo ordinarla negli Stati Uniti e importare la bicicletta non fu semplice. Richiese settimane, per non parlare dei costi di importazione! E quando finalmente arriv\u00f2, mancava il manuale d\u2019istruzioni per il montaggio. Omar fu costretto ad assemblare al buio la nostra bici a 3 ruote. Ma nelle difficolt\u00e0 d\u2019importazione di una sola bicicletta e nelle carenze dell\u2019assistenza, vedemmo un\u2019opportunit\u00e0 per diffondere il nostro stile di vita con un prodotto innovativo per il mercato italiano. Quell\u2019anno, il 2014, nacque Donno Bikes come importatore e distributore esclusivo del marchio Taga in Italia.\r\n<p class=\"textgame\"><strong>Con<\/strong> la nostra prima bicicletta, il modello <i>Taga<\/i>, abbiamo iniziato il nostro viaggio nel mondo del ciclismo \u2728<\/p>\r\nQuando iniziammo ad importare le prime bici da carico, il riscontro del mercato italiano super\u00f2 ogni nostra aspettativa. Ci fu subito chiaro che le cargo bike soddisfacevano i bisogni del nostro tempo permettendo a molti di iniziare a muoversi in modo indipendente e sostenibile. Sapere che Donno Bikes ha dato un grande contributo a definire ed accelerare lo sviluppo del mercato delle cargo bike in Italia per noi \u00e8 bello come riguardare le foto dei nostri figli che sono nati e cresciuti in cargo bike. Eccone qualcuna.\r\n\r\nNegli anni successivi, con la continua crescita della domanda, abbiamo avviato partnership esclusive di distribuzione con altre case produttrici internazionali, continuando a cercare modelli di altissima qualit\u00e0 in grado di emozionarci come quella prima Taga. Se emozionano noi, sappiamo che risponderanno alle esigenze dei nostri clienti.","image":["89333","89331"]},"utility":{"title":"DIE U-TILITY-FAHRR\u00c4DER","descrizione":"Una tipica e-bike offre una bella pedalata, ma non molta utilit\u00e0. Una e-bike cargo non solo trasporta carichi pesanti ma cambia il modo di vivere il quotidiano. Le biciclette cargo Donno Bikes garantiscono alle persone ci\u00f2 di cui hanno veramente bisogno: e-bike per tutti i giorni progettate con la perfetta combinazione di dinamica di guida, capacit\u00e0 di carico e bel design. Un\u2019incredibile agilit\u00e0 con la capacit\u00e0 di trasportare esattamente ci\u00f2 di cui hai bisogno. La chiamiamo New Generation U-tility ed \u00e8 al centro di ogni cargo e-bike Donno.","image":"89497"},"distributore":[{"image":"89505","title":"ALLEINVERTRIEBSH\u00c4NDLER <br>ITALIEN","descrizione":"Trasportare carichi quando vuoi senza sudare, scegliendo tra cargo bike compatte o di grandi dimensioni senza mai rinunciare alla sicurezza, alla manovrabilit\u00e0 e al divertimento"},{"image":"89507","title":"ALLEINVERTRIEBSH\u00c4NDLER <br>ITALIEN","descrizione":"Una cargo bike di design non \u00e8 solo bella, garantisce anche di sentirsi bene e divertirsi guidando, con e senza carico. Quando include agilit\u00e0, capienza, sicurezza e stile, \u00e8 perfetta."},{"image":"89509","title":"ALLEINVERTRIEBSH\u00c4NDLER <br>ITALIEN","descrizione":"Una bella pedalata \u00e8 l\u2019ingrediente pi\u00f9 essenziale. Ma in citt\u00e0 \u00e8 anche indispensabile che una bici agile e sicura occupi poco spazio. Le city bike pieghevoli sono la soluzione."},{"image":"89508","title":"ALLEINVERTRIEBSH\u00c4NDLER <br>EUROPA","descrizione":"Le cargo bike a tre ruote sono progettate per quando sicurezza di guida, stabilit\u00e0, capacit\u00e0 di carico e facilit\u00e0 d\u2019uso diventano essenziali per famiglie con bambini e non solo"}],"sostenibilita":{"title":"QUALIT\u00c4T UND NACHHALTIGKEIT","descrizione":"Biciclette, bike ed e-bike, di alta qualit\u00e0 che durano nel tempo garantendo una mobilit\u00e0 ecologica e responsabile verso l\u2019ambiente e la societ\u00e0 sono il nostro pi\u00f9 importante contributo alla sostenibilit\u00e0","image":"89427","sostenibilita_group":[{"title":"Qualit\u00e0 senza compromessi","descrizione":"Gli aspetti relativi a sicurezza, stabilit\u00e0, comfort e versatilit\u00e0, combinati ad una grande facilit\u00e0 d\u2019uso, costituiscono le eccezionali caratteristiche di guida delle biciclette Donno Bikes, che hanno reso l\u2019azienda un punto di riferimento a livello italiano.\r\n\r\nIn qualit\u00e0 di specialisti di cargo bike, scegliamo esclusivamente biciclette con componenti di alta qualit\u00e0 e sul design non si scende a compromessi. La perfetta qualit\u00e0 delle biciclette Donno Bikes, altamente selezionate e personalizzabili, \u00e8 in grado di soddisfare ogni richiesta.\r\n\r\nIl valore aggiunto che distingue tutte le biciclette Donno Bikes sta nella versatilit\u00e0 e nell\u2019eccellenza dei servizi che si distinguono per prestazioni e supporto."},{"title":"Durata ed effetto positivo sul clima","descrizione":"La sostenibilit\u00e0 \u00e8 profondamente radicata nella nostra cultura aziendale. Perseguiamo l\u2019obiettivo di contribuire a un cambiamento globale positivo, partendo dallo sviluppo sostenibile del traffico locale.\r\n\r\nGrazie alla qualit\u00e0 delle biciclette Donno Bikes, i nostri clienti le usano come mezzo di trasporto per lunghi periodi di tempo, anche per diversi anni, percorrendo decine di migliaia di chilometri. Rispetto ad altri mezzi di trasporto, ebike e cargo bike risultano eccellenti in termini di impatto ambientale.\r\n\r\nLa stabilit\u00e0 delle cargo bike consente di trasportare pesanti carichi in bicicletta e sono omologate per carrelli, cesti per animali e seggiolini per bambini, costituendo una validissima alternativa all\u2019auto per famiglie, pendolari e ciclisti."}]}},"group_lavora-con-noi":[]},"_links":{"self":[{"href":"https:\/\/donnobikes.com\/de\/wp-json\/wp\/v2\/pages\/89357","targetHints":{"allow":["GET"]}}],"collection":[{"href":"https:\/\/donnobikes.com\/de\/wp-json\/wp\/v2\/pages"}],"about":[{"href":"https:\/\/donnobikes.com\/de\/wp-json\/wp\/v2\/types\/page"}],"author":[{"embeddable":true,"href":"https:\/\/donnobikes.com\/de\/wp-json\/wp\/v2\/users\/1"}],"replies":[{"embeddable":true,"href":"https:\/\/donnobikes.com\/de\/wp-json\/wp\/v2\/comments?post=89357"}],"version-history":[{"count":0,"href":"https:\/\/donnobikes.com\/de\/wp-json\/wp\/v2\/pages\/89357\/revisions"}],"wp:attachment":[{"href":"https:\/\/donnobikes.com\/de\/wp-json\/wp\/v2\/media?parent=89357"}],"curies":[{"name":"wp","href":"https:\/\/api.w.org\/{rel}","templated":true}]}}