{"id":89726,"date":"2023-04-20T15:52:19","date_gmt":"2023-04-20T13:52:19","guid":{"rendered":"https:\/\/new.donnobikes.com\/?page_id=89726"},"modified":"2023-07-26T15:00:09","modified_gmt":"2023-07-26T13:00:09","slug":"rechtliche-informationen","status":"publish","type":"page","link":"https:\/\/donnobikes.com\/de\/rechtliche-informationen\/","title":{"rendered":"Rechtliche Informationen"},"content":{"rendered":"<table class=\"legal\">\n<tbody>\n<tr>\n<td><b>Name und<br \/>\nAdresse<\/b><\/td>\n<td>DONNO BIKES SRL<br \/>\nStra\u00dfe Ugo la Malfa 31<br \/>\nSan Benedetto del Tronto, 63074, Ascoli Piceno, Italien<\/td>\n<\/tr>\n<tr>\n<td><b>Kontakt<\/b><\/td>\n<td>Telefon: +39 375 706 0406<br \/>\nE-Mail: info@donnobikes.com<br \/>\nPEC: donnobikessrl@pec.it<\/td>\n<\/tr>\n<tr>\n<td><b>Direktor<br \/>\nAllgemein<\/b><\/td>\n<td>Omar Donnini<\/td>\n<\/tr>\n<tr>\n<td><b>REA-Registrierung<\/b><\/td>\n<td>AP-259914<br \/>\nCCIAA Ascoli Piceno Wirtschafts- und Verwaltungsverzeichnis<\/td>\n<\/tr>\n<tr>\n<td><b>MwSt.-Nr.<\/b><\/td>\n<td>02400860447<\/td>\n<\/tr>\n<tr>\n<td><b>Eingetragene Marken<\/b><\/td>\n<td>Donno Bikes ist eine eingetragene Marke von Donno Bikes Srl. InBicy und iO sind Marken oder eingetragene Marken von InBicy Srl.<\/td>\n<\/tr>\n<tr>\n<td><b>Streitbeilegung<\/b><\/td>\n<td>Klicken Sie hier, um die <a href=\"https:\/\/ec.europa.eu\/consumers\/odr\/main\/index.cfm?event=main.home.chooseLanguage\" target=\"_blank\" rel=\"noopener\"><b>Europ\u00e4ische Plattform zur Online-Streitbeilegung<\/b><\/a>. Bitte beachten Sie, dass <b>\u00a0nicht <\/b>\u00a0werden wir uns an diesem Prozess beteiligen.<\/td>\n<\/tr>\n<tr>\n<td><b>Ausschluss der Haftung<\/b><\/td>\n<td>Trotz sorgf\u00e4ltiger Pr\u00fcfung der Inhalte wird die Website \"wie besehen\" ohne jegliche Garantie zur Verf\u00fcgung gestellt und kann ohne Vorank\u00fcndigung ge\u00e4ndert werden. In keinem Fall haften wir f\u00fcr direkte Sch\u00e4den, Folgesch\u00e4den, beil\u00e4ufige Sch\u00e4den oder sonstige Sch\u00e4den, die sich aus der Nutzung der Website ergeben.<\/td>\n<\/tr>\n<tr>\n<td><b>Urheberrecht<\/b><\/td>\n<td>Alle Inhalte unserer Website sind urheberrechtlich gesch\u00fctzt. Daher muss vor jeder Verwendung unsere Zustimmung eingeholt werden. Konsultieren Sie unser <a href=\"https:\/\/donnobikes.com\/de\/condizioni-di-utilizzo\/\">Bedingungen und Konditionen<\/a>\u00a0f\u00fcr weitere Informationen.<\/td>\n<\/tr>\n<\/tbody>\n<\/table>","protected":false},"excerpt":{"rendered":"<p>Nome e indirizzo DONNO BIKES SRL Via Ugo la Malfa 31 San Benedetto del Tronto, 63074, Ascoli Piceno, Italia Contatti Telefono: +39 375 706 0406 Email: info@donnobikes.com PEC: donnobikessrl@pec.it Direttore Generale Omar Donnini Iscrizione REA AP-259914 Repertorio economico amministrativo CCIAA Ascoli Piceno Partita IVA 02400860447 Marchi registrati Donno Bikes \u00e8 marchio registrato di Donno Bikes [&hellip;]<\/p>\n","protected":false},"author":1,"featured_media":0,"parent":0,"menu_order":0,"comment_status":"closed","ping_status":"closed","template":"tempates\/service-page.php","meta":{"footnotes":""},"class_list":["post-89726","page","type-page","status-publish","hentry"],"meta_box":{"data":[],"servizi_page":[],"front_page_group":[],"pagamento":[],"spedizione":[],"group_mnnetnjnlpc":[],"group_sudinoi":[],"group_lavora-con-noi":[]},"_links":{"self":[{"href":"https:\/\/donnobikes.com\/de\/wp-json\/wp\/v2\/pages\/89726","targetHints":{"allow":["GET"]}}],"collection":[{"href":"https:\/\/donnobikes.com\/de\/wp-json\/wp\/v2\/pages"}],"about":[{"href":"https:\/\/donnobikes.com\/de\/wp-json\/wp\/v2\/types\/page"}],"author":[{"embeddable":true,"href":"https:\/\/donnobikes.com\/de\/wp-json\/wp\/v2\/users\/1"}],"replies":[{"embeddable":true,"href":"https:\/\/donnobikes.com\/de\/wp-json\/wp\/v2\/comments?post=89726"}],"version-history":[{"count":0,"href":"https:\/\/donnobikes.com\/de\/wp-json\/wp\/v2\/pages\/89726\/revisions"}],"wp:attachment":[{"href":"https:\/\/donnobikes.com\/de\/wp-json\/wp\/v2\/media?parent=89726"}],"curies":[{"name":"wp","href":"https:\/\/api.w.org\/{rel}","templated":true}]}}