{"id":89728,"date":"2023-04-20T16:06:18","date_gmt":"2023-04-20T14:06:18","guid":{"rendered":"https:\/\/new.donnobikes.com\/?page_id=89728"},"modified":"2023-07-26T14:53:16","modified_gmt":"2023-07-26T12:53:16","slug":"erklarung-zur-zuganglichkeit","status":"publish","type":"page","link":"https:\/\/donnobikes.com\/de\/erklarung-zur-zuganglichkeit\/","title":{"rendered":"Erkl\u00e4rung zur Zug\u00e4nglichkeit"},"content":{"rendered":"<p>Donno Bikes ist bestrebt, eine Website zu erstellen, die f\u00fcr jeden zug\u00e4nglich ist. Wir sind immer auf der Suche nach Feedback und L\u00f6sungen, um die allgemeine Zug\u00e4nglichkeit unserer Website zu verbessern.<br \/>\nWenn Sie Schwierigkeiten beim Zugriff auf unsere Website haben, wenn Sie Inhalte, Merkmale oder Funktionen bemerken, die Ihrer Meinung nach f\u00fcr Menschen mit Behinderungen nicht vollst\u00e4ndig zug\u00e4nglich sind, oder wenn Sie einfach Vorschl\u00e4ge oder Feedback zur Zug\u00e4nglichkeit unserer Website haben, wenden Sie sich bitte an uns:<br \/>\n<strong>Telefon<\/strong>0039 (375) 706 0406 Montag bis Freitag, 9 bis 17 Uhr.<br \/>\n<strong>E-Mail<\/strong>: <a href=\"mailto:info@donnobikes.com\">info@donnobikes.com<\/a> mit dem Betreff \"Zug\u00e4nglichkeit der Website\" und geben Sie eine Beschreibung der spezifischen Funktion, die Ihrer Meinung nach nicht vollst\u00e4ndig zug\u00e4nglich ist, oder einen Verbesserungsvorschlag an.<br \/>\n<strong>Senden Sie einen Brief an<\/strong>Donno Bikes S.r.l., Abteilung f\u00fcr Zug\u00e4nglichkeit, Via Ugo La Malfa 31, San Benedetto del Tronto, 63074, Ascoli Piceno, Italien. Bitte geben Sie eine Beschreibung der spezifischen Funktionen, die Ihrer Meinung nach nicht vollst\u00e4ndig zug\u00e4nglich sind, oder einen Verbesserungsvorschlag an.<br \/>\nWir nehmen Ihr Feedback ernst und werden es ber\u00fccksichtigen, wenn wir pr\u00fcfen, wie wir alle unsere Kunden zufriedenstellen und unsere allgemeinen Zug\u00e4nglichkeitsrichtlinien umsetzen k\u00f6nnen. Auch wenn wir diese Anbieter nicht kontrollieren, ermutigen wir Drittanbieter digitaler Inhalte nachdr\u00fccklich, zug\u00e4ngliche und benutzerfreundliche Inhalte anzubieten.<\/p>\n<p><strong>WIR LEGEN WERT AUF DIGITALE INTEGRATION<\/strong><\/p>\n<p>In unserem Bestreben, allen Besuchern der Website eine vollst\u00e4ndig zug\u00e4ngliche und optimierte Benutzererfahrung zu bieten, hat www.donnobikes.com Ma\u00dfnahmen ergriffen, um eine ausgezeichnete Benutzererfahrung zu gew\u00e4hrleisten, unabh\u00e4ngig von der f\u00fcr den Zugang zu dieser Website verwendeten Hilfstechnologie oder den besonderen F\u00e4higkeiten derjenigen, die Zugang zu dieser Website suchen.<br \/>\nwww.donnobikes.com wird regelm\u00e4\u00dfig von internen Ressourcen \u00fcberwacht und getestet. Wenn Probleme mit der Zug\u00e4nglichkeit festgestellt werden, werden die Ergebnisse der automatischen und manuellen Tests verwaltet, um die Benutzerfreundlichkeit zu verbessern.<\/p>\n<p><strong>WEBSITES DRITTER<\/strong><\/p>\n<p>Auf dieser Website nutzen wir verschiedene Websites von Drittanbietern wie Instagram, YouTube, Twitter und Facebook, um Neuigkeiten und Informationen \u00fcber die Produkte und Dienstleistungen von www.donnobikes.com zu verbreiten. Diese Websites, die nicht von www.donnobikes.com kontrolliert werden, k\u00f6nnen f\u00fcr Menschen mit Behinderungen Herausforderungen darstellen, die wir nicht kontrollieren oder beheben k\u00f6nnen.<br \/>\nNachfolgend finden Sie die Zug\u00e4nglichkeitsrichtlinien dieser Drittanbieter-Websites, wie sie \u00f6ffentlich zug\u00e4nglich sind:<\/p>\n<p><a href=\"https:\/\/www.facebook.com\/help\/141636465971794\/?cms_id=141636465971794&amp;maybe_redirect_pol=true\" target=\"_blank\" rel=\"noopener\"><strong>Facebook-Richtlinie zur Barrierefreiheit<\/strong><\/a><br \/>\n<a href=\"https:\/\/support.google.com\/youtube\/answer\/189278?hl=it\" target=\"_blank\" rel=\"noopener\"><strong>YouTube-Richtlinie zur Barrierefreiheit<\/strong><\/a><\/p>","protected":false},"excerpt":{"rendered":"<p>Donno Bikes si impegna a fornire un sito web accessibile a tutti. Siamo sempre alla ricerca di feedback e soluzioni che continueranno a migliorare l&#8217;accessibilit\u00e0 generale del nostro sito Web. Se riscontri difficolt\u00e0 nell&#8217;accesso al nostro sito Web, noti qualsiasi contenuto, caratteristica o funzionalit\u00e0 che ritieni non sia completamente accessibile alle persone con disabilit\u00e0 o [&hellip;]<\/p>\n","protected":false},"author":1,"featured_media":0,"parent":0,"menu_order":0,"comment_status":"closed","ping_status":"closed","template":"tempates\/service-page.php","meta":{"footnotes":""},"class_list":["post-89728","page","type-page","status-publish","hentry"],"meta_box":{"data":[],"servizi_page":[],"front_page_group":[],"pagamento":[],"spedizione":[],"group_mnnetnjnlpc":[],"group_sudinoi":[],"group_lavora-con-noi":[]},"_links":{"self":[{"href":"https:\/\/donnobikes.com\/de\/wp-json\/wp\/v2\/pages\/89728","targetHints":{"allow":["GET"]}}],"collection":[{"href":"https:\/\/donnobikes.com\/de\/wp-json\/wp\/v2\/pages"}],"about":[{"href":"https:\/\/donnobikes.com\/de\/wp-json\/wp\/v2\/types\/page"}],"author":[{"embeddable":true,"href":"https:\/\/donnobikes.com\/de\/wp-json\/wp\/v2\/users\/1"}],"replies":[{"embeddable":true,"href":"https:\/\/donnobikes.com\/de\/wp-json\/wp\/v2\/comments?post=89728"}],"version-history":[{"count":0,"href":"https:\/\/donnobikes.com\/de\/wp-json\/wp\/v2\/pages\/89728\/revisions"}],"wp:attachment":[{"href":"https:\/\/donnobikes.com\/de\/wp-json\/wp\/v2\/media?parent=89728"}],"curies":[{"name":"wp","href":"https:\/\/api.w.org\/{rel}","templated":true}]}}