{"id":89730,"date":"2023-04-20T16:10:02","date_gmt":"2023-04-20T14:10:02","guid":{"rendered":"https:\/\/new.donnobikes.com\/?page_id=89730"},"modified":"2023-07-26T14:55:33","modified_gmt":"2023-07-26T12:55:33","slug":"bedingungen-und-konditionen","status":"publish","type":"page","link":"https:\/\/donnobikes.com\/de\/bedingungen-und-konditionen\/","title":{"rendered":"Bedingungen und Konditionen"},"content":{"rendered":"<p>Letzte Aktualisierung: 29. Juni 2022<\/p>\n<p><strong>1 - VERWALTUNG UND ZWECK<\/strong><br \/>\nDiese Website wird von DONNO BIKES SRL (im Folgenden \"Donno Bikes\" oder \"Unternehmen\" oder \"wir\") betrieben. Donno Bikes produziert, vertreibt und verkauft insbesondere muskul\u00e4re und elektrische Fahrr\u00e4der. Der Hauptzweck der Website und ihrer Dienste besteht darin, haupts\u00e4chlich Kunden, H\u00e4ndler und andere Interessenten \u00fcber die Produkte und Aktivit\u00e4ten von Donno Bikes zu informieren. Sofern nicht ausdr\u00fccklich anders angegeben, sind die Angaben auf dieser Website f\u00fcr Donno Bikes nicht rechtsverbindlich.<\/p>\n<p><strong>2 - GELTUNGSBEREICH<\/strong><br \/>\nDiese Nutzungsbedingungen gelten f\u00fcr alle Besucher von www.donnobikes.com einschlie\u00dflich aller Subdomains (zusammenfassend als \"Website\" bezeichnet). Durch die Nutzung der Website akzeptieren Sie auch diese Nutzungsbedingungen.<br \/>\nDonno Bikes beh\u00e4lt sich das Recht vor, diese Bedingungen jederzeit zu \u00e4ndern oder zu erweitern sowie sie an eventuelle \u00c4nderungen der geltenden Gesetzgebung anzupassen. Donno Bikes bittet daher die Nutzer dieser Website, die Nutzungsbedingungen regelm\u00e4\u00dfig zu konsultieren, bevor sie die Website nutzen, und sich \u00fcber etwaige \u00c4nderungen und Aktualisierungen zu informieren.<\/p>\n<p><strong>3 - ALLGEMEINE BEDINGUNGEN<\/strong><br \/>\nDonno Bikes hat das Recht, die Inhalte der Website jederzeit und ohne Vorank\u00fcndigung zu l\u00f6schen oder anzupassen, die Verf\u00fcgbarkeit der Website auszusetzen oder sie nur einem bestimmten Personenkreis zug\u00e4nglich zu machen.<br \/>\nMit dem Besuch der Website erkl\u00e4rt der Nutzer sein Einverst\u00e4ndnis, diese nur f\u00fcr die vorgesehenen Zwecke zu nutzen und verpflichtet sich, nicht auf nicht zugelassene Bereiche zuzugreifen oder \u00c4nderungen an der Website vorzunehmen, St\u00f6rungen zu verursachen, Schadsoftware zu verbreiten oder Daten anderer Nutzer zu ver\u00e4ndern oder einzusehen.<br \/>\nDer Nutzer erkl\u00e4rt sich au\u00dferdem damit einverstanden, Produkte von der Website ausschlie\u00dflich f\u00fcr den pers\u00f6nlichen, nicht-kommerziellen Gebrauch zu erwerben. Der Kauf unserer Produkte und die Nutzung unserer Dienstleistungen verbietet deren Vertrieb, Wiederverkauf oder andere kommerzielle oder professionelle Nutzung, es sei denn, der Nutzer ist ein autorisierter Gesch\u00e4ftspartner von Donno Bikes.<\/p>\n<p><strong>4 - \u00c4NDERUNGEN BEI PRODUKTEN, DIENSTLEISTUNGEN UND PREISEN<\/strong><br \/>\nDie Preise f\u00fcr unsere Produkte und Dienstleistungen k\u00f6nnen ohne Vorank\u00fcndigung ge\u00e4ndert werden.<br \/>\nWir behalten uns das Recht vor, die Dienste (oder einen Teil davon) jederzeit ohne vorherige Ank\u00fcndigung zu \u00e4ndern oder einzustellen. Wir haften weder Ihnen noch Dritten gegen\u00fcber f\u00fcr eine \u00c4nderung, Preis\u00e4nderung, Aussetzung oder Einstellung der Dienste.<\/p>\n<p><strong>5 - RICHTIGKEIT UND VOLLST\u00c4NDIGKEIT DER INFORMATIONEN<\/strong><br \/>\nWir haften nicht, wenn die auf der Website zur Verf\u00fcgung gestellten Informationen nicht korrekt, vollst\u00e4ndig oder aktuell sind. Alle Materialien werden nur zu allgemeinen Informationszwecken zur Verf\u00fcgung gestellt und sollten nicht als alleinige Grundlage f\u00fcr Entscheidungen verwendet werden, ohne prim\u00e4re Informationsquellen zu konsultieren. Jegliches Vertrauen in das Material auf den Websites geschieht auf eigene Gefahr.<\/p>\n<p><strong>6 - VERANTWORTUNG<\/strong><br \/>\nDonno Bikes lehnt jede Haftung f\u00fcr Sch\u00e4den, gleich welcher Art, ab, die durch den Zugriff auf die Seiten seiner Website, deren Nutzung und\/oder das Herunterladen oder Speichern von Informationen oder Programmen entstehen.<br \/>\nWir garantieren nicht, dass die Nutzung unserer Website ununterbrochen, zeitgerecht, sicher oder fehlerfrei ist. In keinem Fall haften Donno Bikes, unsere Direktoren, leitenden Angestellten, Mitarbeiter, Partner, Vertreter, Verk\u00e4ufer oder Dienstleister f\u00fcr direkte, indirekte, zuf\u00e4llige oder Folgesch\u00e4den jeglicher Art, einschlie\u00dflich entgangener Gewinne, verlorener Daten, Wiederbeschaffungskosten oder \u00e4hnlicher Sch\u00e4den, die sich aus der Nutzung der Website und ihrer Inhalte ergeben, oder f\u00fcr Anspr\u00fcche, die in irgendeiner Weise mit der Nutzung der Website zusammenh\u00e4ngen.<\/p>\n<p><strong>7 - PERSONEN- UND UNTERNEHMENSDATEN<\/strong><br \/>\nDie \u00dcbermittlung von Daten \u00fcber die Website unterliegt unserer Datenschutzrichtlinie. Unsere Datenschutzpolitik finden Sie unter\u00a0<a href=\"https:\/\/donnobikes.com\/de\/privacy\/\">https:\/\/www.donnobikes.com\/privacy<\/a>.<\/p>\n<p><strong>8 - H\u00c4NDLERBEREICH<\/strong><br \/>\nDer H\u00e4ndlerbereich ist nur f\u00fcr Gesch\u00e4ftspartner von Donno Bikes zug\u00e4nglich, die zu diesem Zweck pers\u00f6nliche Zugangsdaten erhalten haben.<\/p>\n<p><strong>9 - \u00dcBERMITTLUNG VON IDEEN UND VORSCHL\u00c4GEN<\/strong><br \/>\nDie unaufgeforderte Einsendung von Manuskripten zu Marketingpl\u00e4nen, Anzeigen, Produkten und Verpackungsmodellen wird grunds\u00e4tzlich abgelehnt. Sollte dies dennoch geschehen, \u00fcbernimmt Donno Bikes keine Haftung f\u00fcr die eingegangenen Materialien. Aus Zeit- und Kostengr\u00fcnden werden unaufgefordert eingesandte Manuskripte und Materialien nicht an den Absender zur\u00fcckgesandt.<\/p>\n<p><strong>10 - GEISTIGES EIGENTUM<\/strong><br \/>\nDie auf unserer Website verf\u00fcgbaren Marken, Logos, Produktmerkmale und -bezeichnungen, Bilder und Texte sowie die Seiten selbst und ihre Gestaltung unterliegen dem Urheberrecht und den gewerblichen Schutzrechten von Donno. Es ist verboten, die gewerblichen Schutzrechte von Donno Bikes ohne die schriftliche Zustimmung des Unternehmens oder des jeweiligen Markeninhabers zu nutzen. Einzelne Seiten oder Teile davon d\u00fcrfen f\u00fcr den privaten Gebrauch kopiert werden, wenn oder solange diese nicht ver\u00e4ndert werden und der Copyright-Hinweis von Donno Bikes sichtbar bleibt. Die Verwendung der Webseiten oder von Teilen davon zu kommerziellen Zwecken bedarf der ausdr\u00fccklichen vorherigen Zustimmung von Donno Bikes.<\/p>\n<p><strong>11 - LINKS VON DRITTEN<\/strong><br \/>\nJeder Link und jeder Verweis auf unsere Webseiten wurde sorgf\u00e4ltig gepr\u00fcft und enth\u00e4lt nach unserem besten Wissen keine illegalen Inhalte. Da sich die Inhalte im Internet jedoch h\u00e4ufig \u00e4ndern, \u00fcbernimmt Donno Bikes keine Verantwortung f\u00fcr die Inhalte der verlinkten Seiten und kann keinen Einfluss auf deren Gestaltung und Text nehmen. Aus diesem Grund distanziert sich Donno Bikes ausdr\u00fccklich von allen Inhalten fremder Internetseiten und macht sich diese Inhalte nicht zu eigen. Diese Erkl\u00e4rung gilt ausnahmslos f\u00fcr alle auf den Webseiten von Donno Bikes enthaltenen Links, aber auch f\u00fcr alle Inhalte der Seiten, auf die die Links beim Anklicken verweisen.<\/p>\n<p><strong>12 - ERG\u00c4NZENDE BESTIMMUNGEN<\/strong><br \/>\nSollte eine Bestimmung der Nutzungsbedingungen unwirksam oder undurchf\u00fchrbar sein oder werden, so wird dadurch die Wirksamkeit der \u00fcbrigen Bestimmungen nicht ber\u00fchrt.<br \/>\nDie vorliegenden Nutzungsbedingungen unterliegen dem italienischen Recht. Der Gerichtsstand ist Ascoli Piceno.<\/p>\n<p><strong>13 - KONTAKTINFORMATIONEN<\/strong><br \/>\nWenn Sie Fragen zu diesen Nutzungsbedingungen haben oder Ihnen etwas unklar erscheint, rufen Sie uns bitte unter der Nummer +39 375 706 0406 an, montags bis freitags von 9:00 bis 17:00 Uhr, oder schicken Sie uns eine E-Mail an <a href=\"mailto:info@donnobikes.com\">info@donnobikes.com<\/a><\/p>","protected":false},"excerpt":{"rendered":"<p>Ultimo aggiornamento: 29 Giugno 2022 1 \u2013 GESTIONE E SCOPO Il presente sito web \u00e8 gestito da DONNO BIKES SRL (di seguito \u201cDonno Bikes\u201d o \u201cAzienda\u201d o \u201cNoi\u201d). In particolare, Donno Bikes produce, distribuisce e vende biciclette muscolari ed elettriche. L&#8217;obiettivo principale del sito web e dei suoi servizi \u00e8 informare principalmente clienti, rivenditori e [&hellip;]<\/p>\n","protected":false},"author":1,"featured_media":0,"parent":0,"menu_order":0,"comment_status":"closed","ping_status":"closed","template":"tempates\/service-page.php","meta":{"footnotes":""},"class_list":["post-89730","page","type-page","status-publish","hentry"],"meta_box":{"data":[],"servizi_page":[],"front_page_group":[],"pagamento":[],"spedizione":[],"group_mnnetnjnlpc":[],"group_sudinoi":[],"group_lavora-con-noi":[]},"_links":{"self":[{"href":"https:\/\/donnobikes.com\/de\/wp-json\/wp\/v2\/pages\/89730","targetHints":{"allow":["GET"]}}],"collection":[{"href":"https:\/\/donnobikes.com\/de\/wp-json\/wp\/v2\/pages"}],"about":[{"href":"https:\/\/donnobikes.com\/de\/wp-json\/wp\/v2\/types\/page"}],"author":[{"embeddable":true,"href":"https:\/\/donnobikes.com\/de\/wp-json\/wp\/v2\/users\/1"}],"replies":[{"embeddable":true,"href":"https:\/\/donnobikes.com\/de\/wp-json\/wp\/v2\/comments?post=89730"}],"version-history":[{"count":0,"href":"https:\/\/donnobikes.com\/de\/wp-json\/wp\/v2\/pages\/89730\/revisions"}],"wp:attachment":[{"href":"https:\/\/donnobikes.com\/de\/wp-json\/wp\/v2\/media?parent=89730"}],"curies":[{"name":"wp","href":"https:\/\/api.w.org\/{rel}","templated":true}]}}