{"id":94275,"date":"2023-11-07T11:59:19","date_gmt":"2023-11-07T10:59:19","guid":{"rendered":"https:\/\/donnobikes.com\/?page_id=94275"},"modified":"2025-02-09T10:11:41","modified_gmt":"2025-02-09T09:11:41","slug":"donnosafe-anti-diebstahl-gps-2","status":"publish","type":"page","link":"https:\/\/donnobikes.com\/de\/donnosafe-anti-diebstahl-gps-2\/","title":{"rendered":"DonnoSafe - Anti-Diebstahl&amp;GPS"},"content":{"rendered":"","protected":false},"excerpt":{"rendered":"","protected":false},"author":1,"featured_media":93856,"parent":0,"menu_order":0,"comment_status":"closed","ping_status":"closed","template":"tempates\/gps.php","meta":{"footnotes":""},"class_list":["post-94275","page","type-page","status-publish","has-post-thumbnail","hentry"],"meta_box":{"data":{"intro":{"title":"Einbruchmeldeanlage verhindert Diebstahl","desc":"Proteggi la tua bicicletta con DonnoSafe \u2013 \r\nIl tuo <b>potente sistema antifurto<\/b> e di tracciamento GPS.","button":"Maggiori informazioni","image":"93856"},"caratteristiche":{"title":"Hauptmerkmale","list":[{"title":"Ultra-Compatto e Leggero","desc":"Incredibilmente piccolo, garantendo che non aggiunga peso o ingombro alla tua bicicletta ","logo":"<svg xmlns=\"http:\/\/www.w3.org\/2000\/svg\" height=\"1em\" viewBox=\"0 0 512 512\"><!--! Font Awesome Free 6.4.2 by @fontawesome - https:\/\/fontawesome.com License - https:\/\/fontawesome.com\/license (Commercial License) Copyright 2023 Fonticons, Inc. --><style>svg{fill:#008692}<\/style><path d=\"M0 112C0 85.5 21.5 64 48 64H160h80 46.5c36.8 0 71.2 18 92.1 48.2l113.5 164c13 18.7 19.9 41 19.9 63.8v12 16 48c0 17.7-14.3 32-32 32H384c-17.7 0-32-14.3-32-32V402.2L273.9 352H240 160 112c-26.5 0-48-21.5-48-48s21.5-48 48-48h48 80c26.5 0 48-21.5 48-48s-21.5-48-48-48H160 48c-26.5 0-48-21.5-48-48z\"\/><\/svg>"},{"title":"Resistente all'Acqua","desc":" Dispositivo \u00e8 progettato per resistere all'umidit\u00e0 e all'acqua ","logo":"<svg xmlns=\"http:\/\/www.w3.org\/2000\/svg\" height=\"1em\" viewBox=\"0 0 512 512\"><!--! Font Awesome Free 6.4.2 by @fontawesome - https:\/\/fontawesome.com License - https:\/\/fontawesome.com\/license (Commercial License) Copyright 2023 Fonticons, Inc. --><style>svg{fill:#008692}<\/style><path d=\"M96 320c-53 0-96-43-96-96c0-42.5 27.6-78.6 65.9-91.2C64.7 126.1 64 119.1 64 112C64 50.1 114.1 0 176 0c43.1 0 80.5 24.3 99.2 60c14.7-17.1 36.5-28 60.8-28c44.2 0 80 35.8 80 80c0 5.5-.6 10.8-1.6 16c.5 0 1.1 0 1.6 0c53 0 96 43 96 96s-43 96-96 96H96zm-6.8 52c1.3-2.5 3.9-4 6.8-4s5.4 1.5 6.8 4l35.1 64.6c4.1 7.5 6.2 15.8 6.2 24.3v3c0 26.5-21.5 48-48 48s-48-21.5-48-48v-3c0-8.5 2.1-16.9 6.2-24.3L89.2 372zm160 0c1.3-2.5 3.9-4 6.8-4s5.4 1.5 6.8 4l35.1 64.6c4.1 7.5 6.2 15.8 6.2 24.3v3c0 26.5-21.5 48-48 48s-48-21.5-48-48v-3c0-8.5 2.1-16.9 6.2-24.3L249.2 372zm124.9 64.6L409.2 372c1.3-2.5 3.9-4 6.8-4s5.4 1.5 6.8 4l35.1 64.6c4.1 7.5 6.2 15.8 6.2 24.3v3c0 26.5-21.5 48-48 48s-48-21.5-48-48v-3c0-8.5 2.1-16.9 6.2-24.3z\"\/><\/svg>"},{"title":"Controllo Costante","desc":" Utilizza l'app per monitorare in tempo reale la posizione e le condizioni della tua e-bike ","logo":"<svg xmlns=\"http:\/\/www.w3.org\/2000\/svg\" height=\"1em\" viewBox=\"0 0 448 512\"><!--! Font Awesome Free 6.4.2 by @fontawesome - https:\/\/fontawesome.com License - https:\/\/fontawesome.com\/license (Commercial License) Copyright 2023 Fonticons, Inc. --><style>svg{fill:#008692}<\/style><path d=\"M0 64C0 28.7 28.7 0 64 0H384c35.3 0 64 28.7 64 64V448c0 35.3-28.7 64-64 64H64c-35.3 0-64-28.7-64-64V64zM256 448a32 32 0 1 0 -64 0 32 32 0 1 0 64 0zM384 64H64V384H384V64z\"\/><\/svg>"},{"title":"Sempre Attivo","desc":" L'antifurto \u00e8 attivo 24\/7, garantendoti una protezione costante quando parcheggi la tua bicicletta ","logo":"<svg xmlns=\"http:\/\/www.w3.org\/2000\/svg\" height=\"1em\" viewBox=\"0 0 512 512\"><!--! Font Awesome Free 6.4.2 by @fontawesome - https:\/\/fontawesome.com License - https:\/\/fontawesome.com\/license (Commercial License) Copyright 2023 Fonticons, Inc. --><style>svg{fill:#008692}<\/style><path d=\"M288 32c0-17.7-14.3-32-32-32s-32 14.3-32 32V256c0 17.7 14.3 32 32 32s32-14.3 32-32V32zM143.5 120.6c13.6-11.3 15.4-31.5 4.1-45.1s-31.5-15.4-45.1-4.1C49.7 115.4 16 181.8 16 256c0 132.5 107.5 240 240 240s240-107.5 240-240c0-74.2-33.8-140.6-86.6-184.6c-13.6-11.3-33.8-9.4-45.1 4.1s-9.4 33.8 4.1 45.1c38.9 32.3 63.5 81 63.5 135.4c0 97.2-78.8 176-176 176s-176-78.8-176-176c0-54.4 24.7-103.1 63.5-135.4z\"\/><\/svg>"}]},"info":{"title":"Warum Sie DonnoSafe w\u00e4hlen sollten","desc":"DonnoSafe \u00e8 il compagno ideale per la tua bicicletta. Questo dispositivo ultra-compatto e leggero offre una protezione avanzata contro il furto e la possibilit\u00e0 di monitorare la tua bicicletta ovunque ti trovi.\r\n\r\nCon DonnoSafe, puoi goderti il tuo viaggio in bicicletta con la tranquillit\u00e0 di sapere che il tuo prezioso veicolo \u00e8 al sicuro. ","button":"Maggiori informazioni","list":[{"title":"Zero Impatto sulla Batteria","desc":"DonnoSafe \u00e8 progettato per non consumare energia dalla batteria della tua e-bike, consentendoti di pedalare senza preoccupazioni. Necessit\u00e0 di una ricarica ogni circa 4-5 mesi. ","image":"90657"},{"title":"Assistenza Clienti Italiana","desc":"Il nostro servizio di assistenza clienti \u00e8 disponibile in italiano, sia tramite l'app che attraverso il nostro sito web, per risolvere qualsiasi tua domanda o necessit\u00e0. ","image":"93375"},{"title":"Protezione in Tutta Europa","desc":"DonnoSafe funziona in 50 paesi in Europa, offrendoti una protezione globale per la tua bicicletta.","image":"94278"},{"title":"Posizione Nascosta","desc":"Il GPS DonnoSafe \u00e8 un dispositivo applicato alla bicicletta in una posizione che non si nota facilmente, rendendone difficile l'individuazione","image":"90644"}]},"banner":{"title":"Sch\u00fctzen Sie Ihr Fahrrad noch heute und fahren Sie mit Zuversicht","desc":"Hai domande o hai bisogno di assistenza? Contattaci tramite l\u2019app o visita il nostro sito web dedicato per assistenza clienti.","button":"Contattaci","image":"90520"}},"servizi_page":[],"front_page_group":[],"pagamento":[],"spedizione":[],"group_mnnetnjnlpc":[],"group_sudinoi":[],"group_lavora-con-noi":[]},"_links":{"self":[{"href":"https:\/\/donnobikes.com\/de\/wp-json\/wp\/v2\/pages\/94275","targetHints":{"allow":["GET"]}}],"collection":[{"href":"https:\/\/donnobikes.com\/de\/wp-json\/wp\/v2\/pages"}],"about":[{"href":"https:\/\/donnobikes.com\/de\/wp-json\/wp\/v2\/types\/page"}],"author":[{"embeddable":true,"href":"https:\/\/donnobikes.com\/de\/wp-json\/wp\/v2\/users\/1"}],"replies":[{"embeddable":true,"href":"https:\/\/donnobikes.com\/de\/wp-json\/wp\/v2\/comments?post=94275"}],"version-history":[{"count":0,"href":"https:\/\/donnobikes.com\/de\/wp-json\/wp\/v2\/pages\/94275\/revisions"}],"wp:featuredmedia":[{"embeddable":true,"href":"https:\/\/donnobikes.com\/de\/wp-json\/wp\/v2\/media\/93856"}],"wp:attachment":[{"href":"https:\/\/donnobikes.com\/de\/wp-json\/wp\/v2\/media?parent=94275"}],"curies":[{"name":"wp","href":"https:\/\/api.w.org\/{rel}","templated":true}]}}