{"id":14620,"date":"2020-07-18T00:31:43","date_gmt":"2020-07-17T22:31:43","guid":{"rendered":"https:\/\/donnobikes.com\/?post_type=product&#038;p=14620"},"modified":"2025-05-02T13:36:28","modified_gmt":"2025-05-02T11:36:28","slug":"yuba-kombi-e5-donno-bikes-mod","status":"publish","type":"product","link":"https:\/\/donnobikes.com\/de\/produkt\/yuba-kombi-e5-donno-bikes-mod\/","title":{"rendered":"Yuba Kombi E5 DonnoBikes Mod"},"content":{"rendered":"<h3>Lassen Sie die Autoschl\u00fcssel zu Hause und schwingen Sie sich mit der Familie in den Sattel!<\/h3>\n<p>Das Yuba Kombi E5 ist ein kompaktes Lastenfahrrad mit Tretunterst\u00fctzung und das beliebteste Elektromodell von Yuba. Es ist ideal f\u00fcr Stadtbewohner, die das Abenteuer Cargo ausprobieren wollen, indem sie ein Fahrrad als Ersatz f\u00fcr ihr Auto w\u00e4hlen, aber mit einer sanften Fahrt! Das Yuba Kombi E5 verf\u00fcgt \u00fcber eine Reihe von einzigartigen Eigenschaften.<\/p>\n<p><strong>Hochwertige Komponenten.<\/strong> Shimano-Komponenten sorgen f\u00fcr hohe Leistung zu einem g\u00fcnstigen Preis. Angetrieben von einem Shimano STePS E5000-Mittelmotor und einem 418-Wh-Akku, kann es Sie problemlos auf jeder Stadtstrecke begleiten. Es wird Sie mit seiner Robustheit und Man\u00f6vrierf\u00e4higkeit \u00fcberraschen. Es f\u00e4hrt sich stilvoll und seine hydraulischen Scheibenbremsen sorgen f\u00fcr Vertrauen, wenn Sie unter Last anhalten. Die 9-Gang-Schaltung erm\u00f6glicht es Ihnen, je nach Gel\u00e4nde und Beladung aus einer breiten Palette von G\u00e4ngen zu w\u00e4hlen.<\/p>\n<p><strong>Passt sich an Ihre Bed\u00fcrfnisse an<\/strong>. Das Fahrgestell des Yuba Kombi E5 kann ganz einfach f\u00fcr Sie angepasst werden. Kinder, Erwachsene, Seitentaschen... unendlich viele M\u00f6glichkeiten warten auf Sie! Sie k\u00f6nnen 2 Kindersitze f\u00fcr die Kleinen, Schutzstangen f\u00fcr die Gro\u00dfen und eine Abdeckung f\u00fcr Regentage anbringen. Alles ist m\u00f6glich mit dem Kombi E5! Sie werden ihn wahrscheinlich mehr fahren als Ihr Auto!<\/p>\n<p class=\"textgame\"><strong>La <\/strong>Das Yuba Kombi e5 verk\u00f6rpert unsere Vision eines fortschrittlichen Fahrrads, das Leistung und Vielseitigkeit in einem Design vereint, das sich an die Bed\u00fcrfnisse der Stadt anpasst, genau wie ein Fahrrad mit einer Struktur <i>faltbar<\/i> e <i>Macht<\/i>-Fahrrad.<\/p>","protected":false},"excerpt":{"rendered":"<p>Shimano STePS E5000 Motor - Farbe Silber<\/p>","protected":false},"featured_media":93111,"comment_status":"open","ping_status":"closed","template":"","meta":[],"product_brand":[],"product_cat":[621,622,623,33,624,626,594,523,21],"product_tag":[18,36],"class_list":{"0":"post-14620","1":"product","2":"type-product","3":"status-publish","4":"has-post-thumbnail","6":"product_cat-bici-da-carico","7":"product_cat-bici-da-trasporto","8":"product_cat-bici-per-trasporto-bambini","9":"product_cat-biciclette","10":"product_cat-cargo-bike","11":"product_cat-cargo-bike-elettrica","12":"product_cat-catalogo","13":"product_cat-compact-cargo","14":"product_cat-yuba","15":"product_tag-cargo-bike","16":"product_tag-e-bike","17":"product_shipping_class-bicicletta","19":"first","20":"instock","21":"sale","22":"shipping-taxable","23":"purchasable","24":"product-type-variable","25":"has-default-attributes"},"gallery_images":[93112,93110,93109],"meta_box":{"short_name":"","marketing_name":"YUBA KOMBI E5 DonnoBikes Mod","motore_for_biciclette":["90449"],"biciclette_id":"90437","consegna":"","configurator":[],"single_page_group":{"video_group":[{"link_video":"https:\/\/www.youtube.com\/watch?v=vSNIrQ30HHY&t=20s","title":"Lebensstil mit Kombi E5","preheader":"Scopri come questa cargo e-bike pu\u00f2 cambiare il tuo quotidiano","preview":"91400"},{"link_video":"https:\/\/www.youtube.com\/watch?v=OHk7DA5ESGs&t=7s","title":"Vorstellung des Kombi E5","preheader":"Una visione a 360* del nuovo modello cargo elettrico di Yuba","preview":"91401"},{"link_video":"https:\/\/www.youtube.com\/watch?v=CTBLp3q3oqg","title":"Einf\u00fchrung in die Merkmale","preheader":"Presentazione delle principali funzioni tecniche e di design","preview":"91402"},{"link_video":"https:\/\/www.youtube.com\/watch?v=e3BaDevwNv4&t=107s","title":"Kombi E5 aus der Werkstatt von Donno Bikes","preheader":"Scopri display, freni, cambio, motore Shimano e le fasi di assestamento","preview":"91422"},{"link_video":"https:\/\/www.youtube.com\/watch?v=D0kxIVarJdE&ab_channel=DonnoBikes","title":"Yuba E5 ein E-Bike, das bis zu 200 kg tragen kann","preview":"94110"}],"galleria_fotografica":{"image":["91407","91404","91408","91405","91406","91410","91409","91411","91412"],"galleria_banner":["91413","91414","91416","91415"]},"versatilita":{"title":"YUBA KOMBI E5. DIE NEUE GENERATION DES U-TILITY E-BIKES.","desc":"Yuba Kombi E5 combina la qualit\u00e0 Shimano ad un prezzo vantaggioso, senza rinunciare alla versatilit\u00e0. Il suo aspetto chic, la compattezza e la resistenza, hanno reso particolarmente popolare questa cargo e-bike. Il divertimento alla guida si unisce alla manovrabilit\u00e0, potrai superare tutti i ciclisti, anche con bambini e borse della spesa a bordo. La sua ampia gamma di accessori la rende perfettamente attrezzata per la vita familiare quotidiana in citt\u00e0 in qualunque circostanza.","versatilita_group":[{"image":"91649","desc":"Senza accessori sembra una normale e-bike ma la sua agilit\u00e0, la potenzialit\u00e0 di carico e la possibilit\u00e0 di parcheggio verticale la rendono unica."},{"image":"91648","desc":"Portapacchi da 70cm a cui agganciare grandi borse laterali e una borsa spesa nel cesto anteriore ne fanno la sostituta ideale all'automobile."},{"image":"91655","desc":"Compatible con Yepp, Qibbel e la maggior parte dei seggiolini disponibili sul mercato. La cargo bike \u00e8 progettata per portare due bambini in sicurezza."},{"image":"91652","desc":"Porta un bambino su un seggiolino e un secondo pi\u00f9 grande sul retro. Le aste di sicurezza sono facoltative ma assolutamente raccomandate."},{"image":"91654","desc":"Porta un bambino sul seggiolino e due borse laterali. Anche senza cesto anteriore, la capacit\u00e0 di carico \u00e8 considerevole."},{"image":"91651","desc":"Porta in sicurezza due bambini pi\u00f9 grandi. Le barre delle aste di sicurezza sono disegnate per sostenere, proteggere e far divertire i tuoi figli."},{"image":"91650","desc":"Trasporta uno o due passeggeri adulti. Le sponde laterali e le maniglie tra cui scegliere garantiscono comfort e appiglio sicuro durante la corsa."},{"image":"91653","desc":"Usa la cargo bike in qualunque condizione atmosferica, proteggendo il tuo carico. I tuoi passeggeri avranno sempre una vista panoramica."},{"image":"89498"}]},"fotogallery_sync":"91418","edition":"1"},"catalog_group":{"quote":"2 COLORI","text":"La cargo e-bike compatta best-seller in America arriva in Italia! Prendi le tue cose e salta in sella.","vuoi":"Una cargo bike elettrica sempre pronta all\u2019azione, divertente da guidare e facile da manovrare.  Bella e molto versatile grazie ai tanti accessori con cui equipaggiarla. Una e-bike che tutti in casa vorranno guidare, in grado di trasportare tutto quello che serve!"}},"_links":{"self":[{"href":"https:\/\/donnobikes.com\/de\/wp-json\/wp\/v2\/product\/14620","targetHints":{"allow":["GET"]}}],"collection":[{"href":"https:\/\/donnobikes.com\/de\/wp-json\/wp\/v2\/product"}],"about":[{"href":"https:\/\/donnobikes.com\/de\/wp-json\/wp\/v2\/types\/product"}],"replies":[{"embeddable":true,"href":"https:\/\/donnobikes.com\/de\/wp-json\/wp\/v2\/comments?post=14620"}],"wp:featuredmedia":[{"embeddable":true,"href":"https:\/\/donnobikes.com\/de\/wp-json\/wp\/v2\/media\/93111"}],"wp:attachment":[{"href":"https:\/\/donnobikes.com\/de\/wp-json\/wp\/v2\/media?parent=14620"}],"wp:term":[{"taxonomy":"product_brand","embeddable":true,"href":"https:\/\/donnobikes.com\/de\/wp-json\/wp\/v2\/product_brand?post=14620"},{"taxonomy":"product_cat","embeddable":true,"href":"https:\/\/donnobikes.com\/de\/wp-json\/wp\/v2\/product_cat?post=14620"},{"taxonomy":"product_tag","embeddable":true,"href":"https:\/\/donnobikes.com\/de\/wp-json\/wp\/v2\/product_tag?post=14620"}],"curies":[{"name":"wp","href":"https:\/\/api.w.org\/{rel}","templated":true}]}}