{"id":15256,"date":"2020-08-10T18:16:42","date_gmt":"2020-08-10T16:16:42","guid":{"rendered":"https:\/\/donnobikes.com\/?post_type=product&#038;p=15256"},"modified":"2026-02-09T10:06:47","modified_gmt":"2026-02-09T09:06:47","slug":"bambus-deck-yuba-kombi","status":"publish","type":"product","link":"https:\/\/donnobikes.com\/de\/produkt\/bambus-deck-yuba-kombi\/","title":{"rendered":"Bambusdeck Yuba Kombi"},"content":{"rendered":"<h3>Kompatibel mit allen Kombi-Modellen<\/h3>\n<p>Bamboo Deck Yuba Kombi ist ein geformtes Brett zur Optimierung des Laderaums der Kombi-Longtails von Yuba. Perfekt, um eine bequeme Sitzgelegenheit f\u00fcr Passagiere oder eine stabile, flache Ladefl\u00e4che zu schaffen, ist dieses Add-on unverzichtbar f\u00fcr Ihr Lastenrad Kombi.<\/p>\n<p>Das Bamboo Deck Yuba Kombi ist aus 5-lagigem Bambus, einem witterungsbest\u00e4ndigen und nachhaltigen Material, gefertigt. Der Anbau von Bambus ist schnell und verbraucht wenig Wasser. Alle unsere Bambusprodukte entsprechen den REACH-Richtlinien, die vor gef\u00e4hrlichen und giftigen Chemikalien sch\u00fctzen. F\u00fcr Bambusprodukte gilt eine einj\u00e4hrige beschr\u00e4nkte Garantie auf die strukturelle Integrit\u00e4t.<\/p>\n<p>Das Kombi Deck passt perfekt zu den Kombi Sideboards, den separat erh\u00e4ltlichen Fu\u00dfst\u00fctzen f\u00fcr den Fahrgastkomfort Ihres Yuba Kombi.<\/p>","protected":false},"excerpt":{"rendered":"<p>Compatibile con tutti i modelli Kombi Bamboo Deck Yuba Kombi \u00e8 una tavola sagomata per ottimizzare lo spazio di carico delle longtail Kombi di Yuba. Perfetto per creare una comoda area di seduta per i passeggeri o una piattaforma di carico robusta e piatta, questo componente aggiuntivo \u00e8 essenziale per la tua cargo bike Kombi. [&hellip;]<\/p>\n","protected":false},"featured_media":91183,"comment_status":"closed","ping_status":"closed","template":"","meta":[],"product_brand":[],"product_cat":[16,639,21,651],"product_tag":[],"class_list":{"0":"post-15256","1":"product","2":"type-product","3":"status-publish","4":"has-post-thumbnail","6":"product_cat-yuba-accessori","7":"product_cat-seduta-e-carico-posteriore-2","8":"product_cat-yuba","9":"product_cat-yuba-kombi-db-seduta-e-carico-posteriore-2","10":"product_shipping_class-accessori","12":"first","13":"instock","14":"shipping-taxable","15":"purchasable","16":"product-type-simple"},"gallery_images":[91187,91185,91184,91186,91188],"meta_box":{"short_name":"Tavola Portapacchi Deck Kombi","marketing_name":"","motore_for_biciclette":[],"biciclette_id":"","consegna":"","configurator":[],"single_page_group":[],"catalog_group":[]},"_links":{"self":[{"href":"https:\/\/donnobikes.com\/de\/wp-json\/wp\/v2\/product\/15256","targetHints":{"allow":["GET"]}}],"collection":[{"href":"https:\/\/donnobikes.com\/de\/wp-json\/wp\/v2\/product"}],"about":[{"href":"https:\/\/donnobikes.com\/de\/wp-json\/wp\/v2\/types\/product"}],"replies":[{"embeddable":true,"href":"https:\/\/donnobikes.com\/de\/wp-json\/wp\/v2\/comments?post=15256"}],"wp:featuredmedia":[{"embeddable":true,"href":"https:\/\/donnobikes.com\/de\/wp-json\/wp\/v2\/media\/91183"}],"wp:attachment":[{"href":"https:\/\/donnobikes.com\/de\/wp-json\/wp\/v2\/media?parent=15256"}],"wp:term":[{"taxonomy":"product_brand","embeddable":true,"href":"https:\/\/donnobikes.com\/de\/wp-json\/wp\/v2\/product_brand?post=15256"},{"taxonomy":"product_cat","embeddable":true,"href":"https:\/\/donnobikes.com\/de\/wp-json\/wp\/v2\/product_cat?post=15256"},{"taxonomy":"product_tag","embeddable":true,"href":"https:\/\/donnobikes.com\/de\/wp-json\/wp\/v2\/product_tag?post=15256"}],"curies":[{"name":"wp","href":"https:\/\/api.w.org\/{rel}","templated":true}]}}