{"id":15610,"date":"2020-08-20T23:32:19","date_gmt":"2020-08-20T21:32:19","guid":{"rendered":"https:\/\/donnobikes.com\/?post_type=product&#038;p=15610"},"modified":"2024-07-09T11:14:02","modified_gmt":"2024-07-09T09:14:02","slug":"bobike-exclusive-maxi-plus-sitz","status":"publish","type":"product","link":"https:\/\/donnobikes.com\/de\/produkt\/bobike-exclusive-maxi-plus-sitz\/","title":{"rendered":"Exklusiver Maxi Plus Kindersitz"},"content":{"rendered":"<h3>Nicht kompatibel mit den Modellen Supercargo, Spicy Curry und Taga<\/h3>\n<p>Der Exclusive Maxi Plus Sitz garantiert ein hohes Ma\u00df an Sicherheit. Er wird auf dem Gep\u00e4cktr\u00e4ger des Fahrrads montiert.<\/p>\n<ul>\n<li style=\"list-style-type: none;\">\n<ul>\n<li style=\"list-style-type: none;\">\n<ul>\n<li>Geeignet f\u00fcr Kinder im Alter von 9 Monaten bis zu 22 kg.<\/li>\n<li>Doppelwandig, grau.<\/li>\n<li>Gewicht 3,3 kg einschlie\u00dflich Easy-Montage-System.<\/li>\n<li>50 cm hohe R\u00fcckenlehne.<\/li>\n<li>29 cm breiter Sitz.<\/li>\n<li>5-Punkt-Sicherheitsgurt in H\u00f6he und Breite verstellbar.<\/li>\n<li>Integriertes Kombinationsvorh\u00e4ngeschloss.<\/li>\n<li>Verstellbare Fu\u00dfst\u00fctzen.<\/li>\n<li>Schutz vor Radspeichen.<\/li>\n<li>Weiches, wasserabweisendes Innenkissen.<\/li>\n<li>Geeignet f\u00fcr ISO 11243-gepr\u00fcfte Dachtr\u00e4ger mit einer Breite zwischen 120 und 175 mm und Seitenrohren mit einem Durchmesser zwischen 10 und 16 mm.<\/li>\n<li>Entspricht der europ\u00e4ischen Sicherheitsnorm EN 14344.<\/li>\n<\/ul>\n<\/li>\n<\/ul>\n<\/li>\n<\/ul>","protected":false},"excerpt":{"rendered":"<p>Non compatibile con i modelli Supercargo, Spicy Curry e Taga Il seggiolino Exclusive Maxi Plus garantisce un alto livello di sicurezza. Si installa sul portapacchi posteriore della bicicletta. Adatto a bambini da 9 mesi di et\u00e0 fino a 22 kg di peso. A doppia parete, di colore grigio. Peso 3.3 kg incluso il sistema di [&hellip;]<\/p>\n","protected":false},"featured_media":93064,"comment_status":"closed","ping_status":"closed","template":"","meta":[],"product_brand":[],"product_cat":[23,601],"product_tag":[],"class_list":{"0":"post-15610","1":"product","2":"type-product","3":"status-publish","4":"has-post-thumbnail","6":"product_cat-accessori-vari","7":"product_cat-seggiolini-e-sedute","8":"product_shipping_class-accessori","10":"first","11":"instock","12":"shipping-taxable","13":"purchasable","14":"product-type-simple"},"gallery_images":[],"meta_box":{"short_name":"Seggiolino Bobike Exclusive Maxi Plus","marketing_name":"","motore_for_biciclette":[],"biciclette_id":"","consegna":"","configurator":[],"single_page_group":[],"catalog_group":[]},"_links":{"self":[{"href":"https:\/\/donnobikes.com\/de\/wp-json\/wp\/v2\/product\/15610","targetHints":{"allow":["GET"]}}],"collection":[{"href":"https:\/\/donnobikes.com\/de\/wp-json\/wp\/v2\/product"}],"about":[{"href":"https:\/\/donnobikes.com\/de\/wp-json\/wp\/v2\/types\/product"}],"replies":[{"embeddable":true,"href":"https:\/\/donnobikes.com\/de\/wp-json\/wp\/v2\/comments?post=15610"}],"wp:featuredmedia":[{"embeddable":true,"href":"https:\/\/donnobikes.com\/de\/wp-json\/wp\/v2\/media\/93064"}],"wp:attachment":[{"href":"https:\/\/donnobikes.com\/de\/wp-json\/wp\/v2\/media?parent=15610"}],"wp:term":[{"taxonomy":"product_brand","embeddable":true,"href":"https:\/\/donnobikes.com\/de\/wp-json\/wp\/v2\/product_brand?post=15610"},{"taxonomy":"product_cat","embeddable":true,"href":"https:\/\/donnobikes.com\/de\/wp-json\/wp\/v2\/product_cat?post=15610"},{"taxonomy":"product_tag","embeddable":true,"href":"https:\/\/donnobikes.com\/de\/wp-json\/wp\/v2\/product_tag?post=15610"}],"curies":[{"name":"wp","href":"https:\/\/api.w.org\/{rel}","templated":true}]}}