{"id":15624,"date":"2020-08-20T23:36:54","date_gmt":"2020-08-20T21:36:54","guid":{"rendered":"https:\/\/donnobikes.com\/?post_type=product&#038;p=15624"},"modified":"2024-03-06T13:00:05","modified_gmt":"2024-03-06T12:00:05","slug":"thule-yepp-nexxt-maxi-sitz","status":"publish","type":"product","link":"https:\/\/donnobikes.com\/de\/produkt\/thule-yepp-nexxt-maxi-sitz\/","title":{"rendered":"Thule Yepp Nexxt Maxi Kindersitz"},"content":{"rendered":"<h3>Nicht kompatibel mit den Modellen Supercargo und Taga<\/h3>\n<p>Der Thule Yepp Nexxt Maxi ist ein Fahrradsitz mit modernem Design, der maximalen Komfort f\u00fcr Ihr Kind gew\u00e4hrleistet. Er wird auf dem Gep\u00e4cktr\u00e4ger montiert. Achten Sie immer darauf, dass der Gep\u00e4cktr\u00e4ger und der Fahrradrahmen f\u00fcr eine Belastung von 25-30 kg (Gewicht des Sitzes + Gewicht des Kindes) zugelassen sind.<\/p>\n<ul>\n<li>Geeignet f\u00fcr Kinder im Alter von 9 Monaten bis 22 kg.<\/li>\n<li>Starre, wasserdichte Au\u00dfenh\u00fclle mit weicher, sto\u00dfabsorbierender Polsterung auf der Innenseite.<\/li>\n<li>Gewicht 4,6 kg.<\/li>\n<li>47 cm hohe R\u00fcckenlehne.<\/li>\n<li>27 cm breite Sitzfl\u00e4che.<\/li>\n<li>In H\u00f6he und L\u00e4nge verstellbarer 5-Punkt-Gurt mit magnetischer Sicherheitsschnalle.<\/li>\n<li>Verstellbare Fu\u00dfschlaufen und Fu\u00dfst\u00fctzen.<\/li>\n<li>Integrierter Reflektor f\u00fcr bessere Sichtbarkeit.<\/li>\n<\/ul>","protected":false},"excerpt":{"rendered":"<p>Non compatibile con i modelli Supercargo e Taga Thule Yepp Nexxt Maxi \u00e8 un seggiolino da bicicletta dal design moderno, in grado di garantire il massimo comfort del bambino. Si monta sul portapacchi posteriore. Accertarsi sempre che il portapacchi e il telaio della bicicletta siano certificati per supportare un carico di 25-30 kg (peso del [&hellip;]<\/p>\n","protected":false},"featured_media":93060,"comment_status":"closed","ping_status":"closed","template":"","meta":[],"product_brand":[],"product_cat":[23,601],"product_tag":[],"class_list":{"0":"post-15624","1":"product","2":"type-product","3":"status-publish","4":"has-post-thumbnail","6":"product_cat-accessori-vari","7":"product_cat-seggiolini-e-sedute","8":"product_shipping_class-accessori","10":"first","11":"instock","12":"shipping-taxable","13":"purchasable","14":"product-type-simple"},"gallery_images":[93061,93062],"meta_box":{"short_name":"Seggiolino Yepp Nexxt Maxi","marketing_name":"","motore_for_biciclette":[],"biciclette_id":"","consegna":"","configurator":[],"single_page_group":[],"catalog_group":[]},"_links":{"self":[{"href":"https:\/\/donnobikes.com\/de\/wp-json\/wp\/v2\/product\/15624","targetHints":{"allow":["GET"]}}],"collection":[{"href":"https:\/\/donnobikes.com\/de\/wp-json\/wp\/v2\/product"}],"about":[{"href":"https:\/\/donnobikes.com\/de\/wp-json\/wp\/v2\/types\/product"}],"replies":[{"embeddable":true,"href":"https:\/\/donnobikes.com\/de\/wp-json\/wp\/v2\/comments?post=15624"}],"wp:featuredmedia":[{"embeddable":true,"href":"https:\/\/donnobikes.com\/de\/wp-json\/wp\/v2\/media\/93060"}],"wp:attachment":[{"href":"https:\/\/donnobikes.com\/de\/wp-json\/wp\/v2\/media?parent=15624"}],"wp:term":[{"taxonomy":"product_brand","embeddable":true,"href":"https:\/\/donnobikes.com\/de\/wp-json\/wp\/v2\/product_brand?post=15624"},{"taxonomy":"product_cat","embeddable":true,"href":"https:\/\/donnobikes.com\/de\/wp-json\/wp\/v2\/product_cat?post=15624"},{"taxonomy":"product_tag","embeddable":true,"href":"https:\/\/donnobikes.com\/de\/wp-json\/wp\/v2\/product_tag?post=15624"}],"curies":[{"name":"wp","href":"https:\/\/api.w.org\/{rel}","templated":true}]}}