{"id":15658,"date":"2020-08-20T23:45:24","date_gmt":"2020-08-20T21:45:24","guid":{"rendered":"https:\/\/donnobikes.com\/?post_type=product&#038;p=15658"},"modified":"2024-07-09T11:15:32","modified_gmt":"2024-07-09T09:15:32","slug":"liegesitz-hamax-caress","status":"publish","type":"product","link":"https:\/\/donnobikes.com\/de\/produkt\/liegesitz-hamax-caress\/","title":{"rendered":"Caress Liegesitz"},"content":{"rendered":"<h3>Nicht kompatibel mit den Modellen Supercargo und Taga<\/h3>\n<p>Der verstellbare Autositz Caress wurde entwickelt, um Ihrem Kind optimalen Komfort zu bieten. Die variablen ergonomischen Positionen mit einer Neigung von bis zu 20\u00b0 erm\u00f6glichen es Ihrem Kind, bequem zu reisen, w\u00e4hrend es wach ist, und seinen Kopf in einer idealen Position zu halten, w\u00e4hrend es ruht. Der Sitz l\u00e4sst sich leicht auf dem Gep\u00e4cktr\u00e4ger installieren, der f\u00fcr eine Belastung von ca. 30 kg (Gewicht des Sitzes + Gewicht des Kindes) ausgelegt sein muss.<\/p>\n<ul>\n<li>Geeignet f\u00fcr Kinder ab 9 Monaten bis zu einem H\u00f6chstgewicht von 22 kg.<\/li>\n<li>Kompatibel mit Gestellbreiten von 12 bis 17 cm, Rohrdurchmesser 10 bis 20 mm.<\/li>\n<li>49 cm hohe R\u00fcckenlehne.<\/li>\n<li>29 cm breiter Sitz.<\/li>\n<li>Er ist verstellbar und kann mit einer Hand eingestellt werden, ohne dass man vom Fahrrad absteigen muss.<\/li>\n<li>Der 5-Punkt-Sicherheitsgurt ist in H\u00f6he und L\u00e4nge verstellbar und passt sich so ideal den Bed\u00fcrfnissen einer wachsenden Familie an.<\/li>\n<li>Ausgestattet mit Reflektoren an der R\u00fcckseite des Sitzes f\u00fcr bessere Sichtbarkeit.<\/li>\n<li>Inklusive Dachtr\u00e4geradapter.<\/li>\n<\/ul>\n<p>&nbsp;<\/p>","protected":false},"excerpt":{"rendered":"<p>Non compatibile con i modelli Supercargo e Taga Il seggiolino reclinabile Caress \u00e8 progettato per offrire un comfort ottimale al tuo bambino. Le posizioni ergonomiche variabili fino a 20\u00b0 di inclinazione consentono al bambino di viaggiare comodamente da sveglio e di mantenere la testa in posizione ideale mentre \u00e8 a riposo. Il seggiolino si installa [&hellip;]<\/p>\n","protected":false},"featured_media":93055,"comment_status":"closed","ping_status":"closed","template":"","meta":[],"product_brand":[],"product_cat":[23,601],"product_tag":[],"class_list":{"0":"post-15658","1":"product","2":"type-product","3":"status-publish","4":"has-post-thumbnail","6":"product_cat-accessori-vari","7":"product_cat-seggiolini-e-sedute","8":"product_shipping_class-accessori","10":"first","11":"instock","12":"shipping-taxable","13":"purchasable","14":"product-type-simple"},"gallery_images":[93056,93057,93058],"meta_box":{"short_name":"Seggiolino Hamax Caress","marketing_name":"","motore_for_biciclette":[],"biciclette_id":"","consegna":"","configurator":[],"single_page_group":[],"catalog_group":[]},"_links":{"self":[{"href":"https:\/\/donnobikes.com\/de\/wp-json\/wp\/v2\/product\/15658","targetHints":{"allow":["GET"]}}],"collection":[{"href":"https:\/\/donnobikes.com\/de\/wp-json\/wp\/v2\/product"}],"about":[{"href":"https:\/\/donnobikes.com\/de\/wp-json\/wp\/v2\/types\/product"}],"replies":[{"embeddable":true,"href":"https:\/\/donnobikes.com\/de\/wp-json\/wp\/v2\/comments?post=15658"}],"wp:featuredmedia":[{"embeddable":true,"href":"https:\/\/donnobikes.com\/de\/wp-json\/wp\/v2\/media\/93055"}],"wp:attachment":[{"href":"https:\/\/donnobikes.com\/de\/wp-json\/wp\/v2\/media?parent=15658"}],"wp:term":[{"taxonomy":"product_brand","embeddable":true,"href":"https:\/\/donnobikes.com\/de\/wp-json\/wp\/v2\/product_brand?post=15658"},{"taxonomy":"product_cat","embeddable":true,"href":"https:\/\/donnobikes.com\/de\/wp-json\/wp\/v2\/product_cat?post=15658"},{"taxonomy":"product_tag","embeddable":true,"href":"https:\/\/donnobikes.com\/de\/wp-json\/wp\/v2\/product_tag?post=15658"}],"curies":[{"name":"wp","href":"https:\/\/api.w.org\/{rel}","templated":true}]}}