{"id":16041,"date":"2020-09-02T12:19:18","date_gmt":"2020-09-02T09:19:18","guid":{"rendered":"https:\/\/donnobikes.com\/?post_type=product&#038;p=16041"},"modified":"2024-09-30T13:18:54","modified_gmt":"2024-09-30T11:18:54","slug":"winora-baby-trailer","status":"publish","type":"product","link":"https:\/\/donnobikes.com\/de\/produkt\/winora-baby-trailer\/","title":{"rendered":"Winora Anh\u00e4nger Fahrrad"},"content":{"rendered":"<h3>Verwandeln Sie Ihr Fahrrad in ein Tandem f\u00fcr Erwachsene und Kinder!<\/h3>\n<p>Das Winora Trailer Bike f\u00fcr Kinder ist ein halbes Fahrrad mit einer Anh\u00e4ngerkupplung, die an der Sattelst\u00fctze eines von einem Erwachsenen gefahrenen Fahrrads befestigt werden kann. Mit dem Anh\u00e4nger kann das Kind in die Pedale treten und bei der Fortbewegung helfen, aber nicht bremsen.<\/p>\n<ul>\n<li>Gewicht 12 kg.<\/li>\n<li>Maximale Tragf\u00e4higkeit 39 kg.<\/li>\n<li>Geeignet f\u00fcr Kinder von 4 bis 8 Jahren.<\/li>\n<li>Stahlrahmen, silberfarben, mit klappbarer Verbindungsstange und Schraube mit Querstange zum einfachen Aufstellen und Transportieren.<\/li>\n<li>Rad mit 20\u2033-Reifen.<\/li>\n<li>Befestigung an der Aluminium-Sattelst\u00fctze, mit Schnellverschluss<\/li>\n<li>Lenker mit verstellbarem Winkel.<\/li>\n<li>Inklusive 3 Adaptern f\u00fcr Sattelst\u00fctzen 25,4 mm-26,2 mm und 27,2 mm.<\/li>\n<li>Es ist mit einem Kettenschutz, einer Sicherheitsfahne, einem hinteren und vorderen Kotfl\u00fcgel sowie einem Gep\u00e4cktr\u00e4ger mit Federklappe ausgestattet.<\/li>\n<li>Gepr\u00fcft und konform mit den Sicherheitsvorschriften f\u00fcr Fahrr\u00e4der.<\/li>\n<\/ul>","protected":false},"excerpt":{"rendered":"<p>Trasforma la tua bici in un tandem adulto-bambino! Il rimorchio per bambino Winora Trailer Bike \u00e8 una mezza bicicletta con barra di traino da agganciare al reggisella di una bicicletta guidata da un adulto. Con il rimorchio il bambino pu\u00f2 pedalare e contribuire ad andare avanti, ma non pu\u00f2 frenare. Peso 12 kg. Portata massima [&hellip;]<\/p>\n","protected":false},"featured_media":93053,"comment_status":"closed","ping_status":"closed","template":"","meta":[],"product_brand":[],"product_cat":[23],"product_tag":[],"class_list":{"0":"post-16041","1":"product","2":"type-product","3":"status-publish","4":"has-post-thumbnail","6":"product_cat-accessori-vari","7":"product_shipping_class-accessori","9":"first","10":"instock","11":"shipping-taxable","12":"purchasable","13":"product-type-simple"},"gallery_images":[],"meta_box":{"short_name":"","marketing_name":"","motore_for_biciclette":[],"biciclette_id":"","consegna":"","configurator":[],"single_page_group":[],"catalog_group":[]},"_links":{"self":[{"href":"https:\/\/donnobikes.com\/de\/wp-json\/wp\/v2\/product\/16041","targetHints":{"allow":["GET"]}}],"collection":[{"href":"https:\/\/donnobikes.com\/de\/wp-json\/wp\/v2\/product"}],"about":[{"href":"https:\/\/donnobikes.com\/de\/wp-json\/wp\/v2\/types\/product"}],"replies":[{"embeddable":true,"href":"https:\/\/donnobikes.com\/de\/wp-json\/wp\/v2\/comments?post=16041"}],"wp:featuredmedia":[{"embeddable":true,"href":"https:\/\/donnobikes.com\/de\/wp-json\/wp\/v2\/media\/93053"}],"wp:attachment":[{"href":"https:\/\/donnobikes.com\/de\/wp-json\/wp\/v2\/media?parent=16041"}],"wp:term":[{"taxonomy":"product_brand","embeddable":true,"href":"https:\/\/donnobikes.com\/de\/wp-json\/wp\/v2\/product_brand?post=16041"},{"taxonomy":"product_cat","embeddable":true,"href":"https:\/\/donnobikes.com\/de\/wp-json\/wp\/v2\/product_cat?post=16041"},{"taxonomy":"product_tag","embeddable":true,"href":"https:\/\/donnobikes.com\/de\/wp-json\/wp\/v2\/product_tag?post=16041"}],"curies":[{"name":"wp","href":"https:\/\/api.w.org\/{rel}","templated":true}]}}