{"id":16864,"date":"2020-09-24T13:00:46","date_gmt":"2020-09-24T11:00:46","guid":{"rendered":"https:\/\/donnobikes.com\/?post_type=product&#038;p=16864"},"modified":"2026-02-09T12:03:32","modified_gmt":"2026-02-09T11:03:32","slug":"fracht-fahrrad-abdeckung","status":"publish","type":"product","link":"https:\/\/donnobikes.com\/de\/produkt\/fracht-fahrrad-abdeckung\/","title":{"rendered":"Cargo Fahrradabdeckung"},"content":{"rendered":"<h3>Kompatibel mit allen Cargo-Modellen<\/h3>\n<p><span style=\"font-weight: 400;\">Die Cargo-Bike-Abdeckung von Donno Bikes ist f\u00fcr alle Longtail-Lastenradmodelle geeignet. Mit einer L\u00e4nge von \u00fcber 250 cm und der St\u00e4rke des wasserabweisenden Polyethylenmaterials ist sie ideal, um gro\u00dfe Fahrr\u00e4der vor Wetter und Staub zu sch\u00fctzen.<\/span><\/p>\n<p><span style=\"font-weight: 400;\">Die Plane ist mit Aluminium\u00f6sen an der Unterseite ausgestattet, um sie mit Gummib\u00e4ndern oder Seilen gegen den Wind und f\u00fcr einen besseren Schutz des Fahrrads zu befestigen.<\/span><\/p>","protected":false},"excerpt":{"rendered":"<p>Compatibile con tutti i modelli cargo Il telo copertura per cargo bike di Donno Bikes \u00e8 adatto a tutti i modelli di biciclette cargo longtail. Grazie a una lunghezza di oltre 250 cm e alla resistenza del materiale in polietilene idrorepellente, \u00e8 ideale per proteggere biciclette di grandi dimensioni dalle intemperie e dalla polvere. Il [&hellip;]<\/p>\n","protected":false},"featured_media":92890,"comment_status":"closed","ping_status":"closed","template":"","meta":[],"product_brand":[],"product_cat":[23,643,644,642,654,652],"product_tag":[],"class_list":{"0":"post-16864","1":"product","2":"type-product","3":"status-publish","4":"has-post-thumbnail","6":"product_cat-accessori-vari","7":"product_cat-inbicy-flashswitch-sicurezza-e-protezione-della-bici","8":"product_cat-inbicy-supernova-sicurezza-e-protezione-della-bici","9":"product_cat-sicurezza-e-protezione-della-bici","10":"product_cat-taga-family-sicurezza-e-protezione-della-bici","11":"product_cat-yuba-kombi-db-sicurezza-e-protezione-della-bici","12":"product_shipping_class-accessori","14":"first","15":"instock","16":"shipping-taxable","17":"purchasable","18":"product-type-simple"},"gallery_images":[92888,92889,92887],"meta_box":{"short_name":"","marketing_name":"","motore_for_biciclette":[],"biciclette_id":"","consegna":"","configurator":[],"single_page_group":[],"catalog_group":[]},"_links":{"self":[{"href":"https:\/\/donnobikes.com\/de\/wp-json\/wp\/v2\/product\/16864","targetHints":{"allow":["GET"]}}],"collection":[{"href":"https:\/\/donnobikes.com\/de\/wp-json\/wp\/v2\/product"}],"about":[{"href":"https:\/\/donnobikes.com\/de\/wp-json\/wp\/v2\/types\/product"}],"replies":[{"embeddable":true,"href":"https:\/\/donnobikes.com\/de\/wp-json\/wp\/v2\/comments?post=16864"}],"wp:featuredmedia":[{"embeddable":true,"href":"https:\/\/donnobikes.com\/de\/wp-json\/wp\/v2\/media\/92890"}],"wp:attachment":[{"href":"https:\/\/donnobikes.com\/de\/wp-json\/wp\/v2\/media?parent=16864"}],"wp:term":[{"taxonomy":"product_brand","embeddable":true,"href":"https:\/\/donnobikes.com\/de\/wp-json\/wp\/v2\/product_brand?post=16864"},{"taxonomy":"product_cat","embeddable":true,"href":"https:\/\/donnobikes.com\/de\/wp-json\/wp\/v2\/product_cat?post=16864"},{"taxonomy":"product_tag","embeddable":true,"href":"https:\/\/donnobikes.com\/de\/wp-json\/wp\/v2\/product_tag?post=16864"}],"curies":[{"name":"wp","href":"https:\/\/api.w.org\/{rel}","templated":true}]}}