{"id":17391,"date":"2020-10-11T11:28:46","date_gmt":"2020-10-11T09:28:46","guid":{"rendered":"https:\/\/donnobikes.com\/?post_type=product&#038;p=17391"},"modified":"2026-02-09T10:06:05","modified_gmt":"2026-02-09T09:06:05","slug":"thule-yepp-nexxt-mini-sitz","status":"publish","type":"product","link":"https:\/\/donnobikes.com\/de\/produkt\/thule-yepp-nexxt-mini-sitz\/","title":{"rendered":"Lenkersitz Mini"},"content":{"rendered":"<h3>Kompatibel mit allen Donno Bikes<\/h3>\n<p>Der Mini-Sitz ist ein leichter und eleganter Fahrradsitz f\u00fcr die Lenkermontage. Das Design konzentriert sich auf die optimale Kombination von Komfort, Sicherheit und Benutzerfreundlichkeit.<\/p>\n<ul>\n<li>Geeignet f\u00fcr Kinder ab 9 Monaten und bis zu 15 kg.<\/li>\n<li>Schwarz mit orangefarbenen und blauen Akzenten.<\/li>\n<li>Gewicht 1,62 kg.<\/li>\n<li>Hergestellt mit einer wasserabweisenden Beschichtung, leicht zu reinigen.<\/li>\n<li>Gepolsterter, verstellbarer 5-Punkt-Gurt.<\/li>\n<li>Eingebauter Reflektor f\u00fcr bessere Sichtbarkeit.<\/li>\n<li>Verstellbare Fu\u00dfst\u00fctze und Fu\u00dfst\u00fctzengurte zur Anpassung an das Wachstum des Kindes.<\/li>\n<li>Geeignet f\u00fcr normale und Ahead-Rohre.<\/li>\n<li>Inklusive Montageadapter f\u00fcr Lenkerrohr.<\/li>\n<\/ul>","protected":false},"excerpt":{"rendered":"<p>Compatibile con tutte le biciclette Donno Bikes Il seggiolino Mini \u00e8 un seggiolino per biciclette leggero ed elegante per il montaggio a manubrio. Il design si concentra sulla combinazione ottimale di comfort, sicurezza e facilit\u00e0 d&#8217;uso. Adatto a bambini da 9 mesi di et\u00e0 e fino a 15 kg di peso. Di colore nero con [&hellip;]<\/p>\n","protected":false},"featured_media":93047,"comment_status":"closed","ping_status":"closed","template":"","meta":[],"product_brand":[],"product_cat":[23,641,640,639,601,651],"product_tag":[],"class_list":{"0":"post-17391","1":"product","2":"type-product","3":"status-publish","4":"has-post-thumbnail","6":"product_cat-accessori-vari","7":"product_cat-inbicy-flashswitch-seduta-e-carico-posteriore-2","8":"product_cat-inbicy-supernova-seduta-e-carico-posteriore-2","9":"product_cat-seduta-e-carico-posteriore-2","10":"product_cat-seggiolini-e-sedute","11":"product_cat-yuba-kombi-db-seduta-e-carico-posteriore-2","12":"product_shipping_class-accessori","14":"first","15":"instock","16":"shipping-taxable","17":"purchasable","18":"product-type-simple"},"gallery_images":[93048,93049,93050],"meta_box":{"short_name":"Seggiolino a manubrio Yepp Nexxt Mini","marketing_name":"","motore_for_biciclette":[],"biciclette_id":"","consegna":"","configurator":[],"single_page_group":[],"catalog_group":[]},"_links":{"self":[{"href":"https:\/\/donnobikes.com\/de\/wp-json\/wp\/v2\/product\/17391","targetHints":{"allow":["GET"]}}],"collection":[{"href":"https:\/\/donnobikes.com\/de\/wp-json\/wp\/v2\/product"}],"about":[{"href":"https:\/\/donnobikes.com\/de\/wp-json\/wp\/v2\/types\/product"}],"replies":[{"embeddable":true,"href":"https:\/\/donnobikes.com\/de\/wp-json\/wp\/v2\/comments?post=17391"}],"wp:featuredmedia":[{"embeddable":true,"href":"https:\/\/donnobikes.com\/de\/wp-json\/wp\/v2\/media\/93047"}],"wp:attachment":[{"href":"https:\/\/donnobikes.com\/de\/wp-json\/wp\/v2\/media?parent=17391"}],"wp:term":[{"taxonomy":"product_brand","embeddable":true,"href":"https:\/\/donnobikes.com\/de\/wp-json\/wp\/v2\/product_brand?post=17391"},{"taxonomy":"product_cat","embeddable":true,"href":"https:\/\/donnobikes.com\/de\/wp-json\/wp\/v2\/product_cat?post=17391"},{"taxonomy":"product_tag","embeddable":true,"href":"https:\/\/donnobikes.com\/de\/wp-json\/wp\/v2\/product_tag?post=17391"}],"curies":[{"name":"wp","href":"https:\/\/api.w.org\/{rel}","templated":true}]}}