{"id":18319,"date":"2020-10-30T00:42:58","date_gmt":"2020-10-29T23:42:58","guid":{"rendered":"https:\/\/donnobikes.com\/?post_type=product&#038;p=18319"},"modified":"2026-02-09T10:05:49","modified_gmt":"2026-02-09T09:05:49","slug":"brotkorb-yuba","status":"publish","type":"product","link":"https:\/\/donnobikes.com\/de\/produkt\/brotkorb-yuba\/","title":{"rendered":"Yuba-Brotkorb"},"content":{"rendered":"<h3>Kompatibel mit allen Modellen Kombi, Mundo, Spicy Curry<\/h3>\n<p>Der Yuba Bread Basket ist ein Maxikorb, der bis zu 22 kg Ladung auf der Vorderseite von Yuba-Lastenr\u00e4dern transportieren kann. Er ist aus Aluminium gefertigt, was ihn stabiler und gleichzeitig leichter (weniger als 3 kg) macht. Er wird mit einer Netzabdeckung und Schnellverschlussbefestigungen geliefert, mit denen der Korb schnell montiert und demontiert werden kann, ganz wie Sie es w\u00fcnschen. Befestigungswerkzeug ist im Paket enthalten.<\/p>\n<p>Trotz seiner beachtlichen Innenma\u00dfe von 48 x 35 x 15 cm ist der Yuba Bread Basket w\u00e4hrend der Fahrt \u00e4u\u00dferst stabil, da er sich nicht mit dem Lenker dreht, sondern direkt am Lastenradrahmen befestigt wird.  Um die Ladung zu sch\u00fctzen, ist das Bread Basket Cover Kit, eine Netzabdeckung und eine zweite wetterfeste Abdeckung, separat erh\u00e4ltlich.<\/p>\n<p>&nbsp;<\/p>","protected":false},"excerpt":{"rendered":"<p>Compatibile con tutti i modelli Kombi, Mundo, Spicy Curry Il Bread Basket Yuba \u00e8 un maxi cesto che pu\u00f2 trasportare fino a 22kg di carico sulla parte anteriore delle cargo bike Yuba. Realizzato in alluminio, che lo rende pi\u00f9 resistente pur rimanendo leggero (meno di 3kg), viene fornito completo di una fodera in rete e [&hellip;]<\/p>\n","protected":false},"featured_media":91094,"comment_status":"closed","ping_status":"closed","template":"","meta":[],"product_brand":[],"product_cat":[16,635,21,649],"product_tag":[],"class_list":{"0":"post-18319","1":"product","2":"type-product","3":"status-publish","4":"has-post-thumbnail","6":"product_cat-yuba-accessori","7":"product_cat-carico-anteriore","8":"product_cat-yuba","9":"product_cat-yuba-kombi-db","10":"product_shipping_class-accessori","12":"first","13":"instock","14":"shipping-taxable","15":"purchasable","16":"product-type-simple"},"gallery_images":[91094,91086,91087,91088,91089,91090,91091,91092,91093],"meta_box":{"short_name":"Cesto Bread Basket","marketing_name":"","motore_for_biciclette":[],"biciclette_id":"","consegna":"","configurator":[],"single_page_group":[],"catalog_group":[]},"_links":{"self":[{"href":"https:\/\/donnobikes.com\/de\/wp-json\/wp\/v2\/product\/18319","targetHints":{"allow":["GET"]}}],"collection":[{"href":"https:\/\/donnobikes.com\/de\/wp-json\/wp\/v2\/product"}],"about":[{"href":"https:\/\/donnobikes.com\/de\/wp-json\/wp\/v2\/types\/product"}],"replies":[{"embeddable":true,"href":"https:\/\/donnobikes.com\/de\/wp-json\/wp\/v2\/comments?post=18319"}],"wp:featuredmedia":[{"embeddable":true,"href":"https:\/\/donnobikes.com\/de\/wp-json\/wp\/v2\/media\/91094"}],"wp:attachment":[{"href":"https:\/\/donnobikes.com\/de\/wp-json\/wp\/v2\/media?parent=18319"}],"wp:term":[{"taxonomy":"product_brand","embeddable":true,"href":"https:\/\/donnobikes.com\/de\/wp-json\/wp\/v2\/product_brand?post=18319"},{"taxonomy":"product_cat","embeddable":true,"href":"https:\/\/donnobikes.com\/de\/wp-json\/wp\/v2\/product_cat?post=18319"},{"taxonomy":"product_tag","embeddable":true,"href":"https:\/\/donnobikes.com\/de\/wp-json\/wp\/v2\/product_tag?post=18319"}],"curies":[{"name":"wp","href":"https:\/\/api.w.org\/{rel}","templated":true}]}}