{"id":19058,"date":"2020-11-07T17:24:36","date_gmt":"2020-11-07T16:24:36","guid":{"rendered":"https:\/\/donnobikes.com\/?post_type=product&#038;p=19058"},"modified":"2026-02-09T12:01:22","modified_gmt":"2026-02-09T11:01:22","slug":"kryptonite-kryptolok-anti-diebstahl-kette","status":"publish","type":"product","link":"https:\/\/donnobikes.com\/de\/produkt\/kryptonite-kryptolok-anti-diebstahl-kette\/","title":{"rendered":"Kryptonite Kryptolok 915 Anti-Diebstahl-Kette"},"content":{"rendered":"<h3>Kompatibel mit allen Fahrr\u00e4dern<\/h3>\n<p>Die Kryptonite KryptoLok 915 Anti-Diebstahl-Kette mit integriertem Schl\u00fcsselanh\u00e4nger ist ein ausgezeichneter Kompromiss zwischen Leistung und Gewicht. Praktisch mit seiner langen Anti-Diebstahl-Kette, die es erm\u00f6glicht, den Rahmen und die R\u00e4der gleichzeitig zu sperren, ist dieses Evolution Series 2 915 von Kryptonite das perfekte Modell, wenn Sie Ihr Fahrrad f\u00fcr ein paar Stunden auf der Stra\u00dfe lassen.<\/p>\n<ul>\n<li>L\u00e4nge 150 cm.<\/li>\n<li>Gewicht 3,67 kg.<\/li>\n<li>Kette mit 9,5 mm dicken sechsseitigen Gliedern aus ultra-robustem Manganstahl.<\/li>\n<li>Verst\u00e4rkte Querstange.<\/li>\n<li>Hochsicherheits-Scheibenzylinder, der gegen Hebelangriffe mit scharfen Werkzeugen und gegen das Aufbohren mit einer Bohrmaschine resistent ist.<\/li>\n<li>Wetterfeste, kratzfeste Nylonh\u00fclle0.<\/li>\n<li>Er wird mit 2 Schl\u00fcsseln geliefert.<\/li>\n<\/ul>\n<p>Sowohl das Design des Endglieds, das die Kette mit dem geh\u00e4rteten Bolzen verbindet und jegliche Spr\u00f6digkeit ausschlie\u00dft, als auch der integrierte \"gezahnte\" Bolzenkopf des Kryptonite Kryptolok 915 sind zum Patent angemeldet.<\/p>\n<div class=\"col-lg-6 col-md-6 col-sm-12 col-xs-12 SpecificationsAndFeaturesTextDetails zero-padding\">\n<div class=\"col-lg-12 col-md-12 col-sm-12 col-xs-12 FeaturesTextDetails\">\n<div class=\"tab1_parsys parsys\">\n<div class=\"text parbase section\">\n<div class=\"toppadding\">\n<div class=\"col-lg-6 col-md-6 col-sm-12 col-xs-12 zero-padding SpecificationsAndFeaturesTextDetails float-right\">\n<div class=\"tab2_parsys parsys\">\n<div class=\"text parbase section\">\n<div class=\"productPageDetails_block\"><\/div>\n<\/div>\n<\/div>\n<\/div>\n<\/div>\n<\/div>\n<\/div>\n<\/div>\n<\/div>","protected":false},"excerpt":{"rendered":"<p>Compatibile con tutte le biciclette La catena antifurto Kriptonite KryptoLok 915 con chiave a catena integrata rappresenta un eccellente compromesso tra prestazione e peso. Pratico con la sua catena antifurto lunga che permette di agganciare contemporaneamente il telaio e le ruote, questo antifurto Evolution Series 2 915 firmato Kryptonite, \u00e8 il modello perfetto per lasciare [&hellip;]<\/p>\n","protected":false},"featured_media":92991,"comment_status":"closed","ping_status":"closed","template":"","meta":[],"product_brand":[],"product_cat":[23,643,644,642,654,652],"product_tag":[],"class_list":{"0":"post-19058","1":"product","2":"type-product","3":"status-publish","4":"has-post-thumbnail","6":"product_cat-accessori-vari","7":"product_cat-inbicy-flashswitch-sicurezza-e-protezione-della-bici","8":"product_cat-inbicy-supernova-sicurezza-e-protezione-della-bici","9":"product_cat-sicurezza-e-protezione-della-bici","10":"product_cat-taga-family-sicurezza-e-protezione-della-bici","11":"product_cat-yuba-kombi-db-sicurezza-e-protezione-della-bici","12":"product_shipping_class-accessori","14":"first","15":"instock","16":"shipping-taxable","17":"purchasable","18":"product-type-simple"},"gallery_images":[92992,92993,92994,92995],"meta_box":{"short_name":"","marketing_name":"","motore_for_biciclette":[],"biciclette_id":"","consegna":"","configurator":[],"single_page_group":[],"catalog_group":[]},"_links":{"self":[{"href":"https:\/\/donnobikes.com\/de\/wp-json\/wp\/v2\/product\/19058","targetHints":{"allow":["GET"]}}],"collection":[{"href":"https:\/\/donnobikes.com\/de\/wp-json\/wp\/v2\/product"}],"about":[{"href":"https:\/\/donnobikes.com\/de\/wp-json\/wp\/v2\/types\/product"}],"replies":[{"embeddable":true,"href":"https:\/\/donnobikes.com\/de\/wp-json\/wp\/v2\/comments?post=19058"}],"wp:featuredmedia":[{"embeddable":true,"href":"https:\/\/donnobikes.com\/de\/wp-json\/wp\/v2\/media\/92991"}],"wp:attachment":[{"href":"https:\/\/donnobikes.com\/de\/wp-json\/wp\/v2\/media?parent=19058"}],"wp:term":[{"taxonomy":"product_brand","embeddable":true,"href":"https:\/\/donnobikes.com\/de\/wp-json\/wp\/v2\/product_brand?post=19058"},{"taxonomy":"product_cat","embeddable":true,"href":"https:\/\/donnobikes.com\/de\/wp-json\/wp\/v2\/product_cat?post=19058"},{"taxonomy":"product_tag","embeddable":true,"href":"https:\/\/donnobikes.com\/de\/wp-json\/wp\/v2\/product_tag?post=19058"}],"curies":[{"name":"wp","href":"https:\/\/api.w.org\/{rel}","templated":true}]}}