{"id":20326,"date":"2020-11-25T20:52:28","date_gmt":"2020-11-25T19:52:28","guid":{"rendered":"https:\/\/donnobikes.com\/?post_type=product&#038;p=20326"},"modified":"2026-02-09T12:00:35","modified_gmt":"2026-02-09T11:00:35","slug":"abus-ankerhaken","status":"publish","type":"product","link":"https:\/\/donnobikes.com\/de\/produkt\/abus-ankerhaken\/","title":{"rendered":"Abus Granit-Ankerhaken WBA100"},"content":{"rendered":"<h3>Kompatibel mit allen Fahrr\u00e4dern<\/h3>\n<p>Der Abus Granit WBA100 Ankerhaken ist ein wertvoller Verb\u00fcndeter f\u00fcr Ihre Diebstahlsicherung. Nicht immer ist es m\u00f6glich, in der Garage, im Hof oder auf dem Parkplatz etwas zu finden, woran Sie Ihr Fahrrad festbinden k\u00f6nnen. Dieses Befestigungssystem kann entweder an der Wand oder am Boden montiert werden. Sein 16-mm-Bogen aus speziell einsatzgeh\u00e4rtetem Stahl bietet eine hohe Festigkeit. Die Kombination mit einer Anti-Diebstahl-Kette (separat erh\u00e4ltlich) ist eine fortschrittliche Schutzma\u00dfnahme f\u00fcr Ihr Fahrrad.<\/p>\n<p>Dank der speziellen Konstruktion und der Qualit\u00e4t des Kunststoffmaterials kann die Granit WBA100 problemlos aus Fahrzeugen gehoben werden. Sie ist auch f\u00fcr den Au\u00dfeneinsatz geeignet. Das Montagezubeh\u00f6r ist im Lieferumfang enthalten.<\/p>\n<p>Nach ordnungsgem\u00e4\u00dfer Montage kann dieser Haken nur durch Arbeiten an der Befestigungsfl\u00e4che entfernt werden. Wenn der Ort, an dem er montiert werden soll, gemietet ist, ist es ratsam, die Genehmigung des Verwalters\/Eigent\u00fcmers einzuholen.<\/p>","protected":false},"excerpt":{"rendered":"<p>Compatibile con tutte le biciclette Il gancio di ancoraggio Abus Granit WBA100 \u00e8 un valido alleato del tuo antifurto. Non sempre \u00e8 possibile trovare qualcosa a cui legare la bicicletta in garage, box, in cortile o nei parcheggi. Questo sistema di fissaggio pu\u00f2 essere montato sia alla parete che sul pavimento. Il suo arco da [&hellip;]<\/p>\n","protected":false},"featured_media":92986,"comment_status":"closed","ping_status":"closed","template":"","meta":[],"product_brand":[],"product_cat":[23,643,644,642,654,652],"product_tag":[],"class_list":{"0":"post-20326","1":"product","2":"type-product","3":"status-publish","4":"has-post-thumbnail","6":"product_cat-accessori-vari","7":"product_cat-inbicy-flashswitch-sicurezza-e-protezione-della-bici","8":"product_cat-inbicy-supernova-sicurezza-e-protezione-della-bici","9":"product_cat-sicurezza-e-protezione-della-bici","10":"product_cat-taga-family-sicurezza-e-protezione-della-bici","11":"product_cat-yuba-kombi-db-sicurezza-e-protezione-della-bici","12":"product_shipping_class-accessori","14":"first","15":"instock","16":"shipping-taxable","17":"purchasable","18":"product-type-simple"},"gallery_images":[92987,92988,92989],"meta_box":{"short_name":"","marketing_name":"","motore_for_biciclette":[],"biciclette_id":"","consegna":"","configurator":[],"single_page_group":[],"catalog_group":[]},"_links":{"self":[{"href":"https:\/\/donnobikes.com\/de\/wp-json\/wp\/v2\/product\/20326","targetHints":{"allow":["GET"]}}],"collection":[{"href":"https:\/\/donnobikes.com\/de\/wp-json\/wp\/v2\/product"}],"about":[{"href":"https:\/\/donnobikes.com\/de\/wp-json\/wp\/v2\/types\/product"}],"replies":[{"embeddable":true,"href":"https:\/\/donnobikes.com\/de\/wp-json\/wp\/v2\/comments?post=20326"}],"wp:featuredmedia":[{"embeddable":true,"href":"https:\/\/donnobikes.com\/de\/wp-json\/wp\/v2\/media\/92986"}],"wp:attachment":[{"href":"https:\/\/donnobikes.com\/de\/wp-json\/wp\/v2\/media?parent=20326"}],"wp:term":[{"taxonomy":"product_brand","embeddable":true,"href":"https:\/\/donnobikes.com\/de\/wp-json\/wp\/v2\/product_brand?post=20326"},{"taxonomy":"product_cat","embeddable":true,"href":"https:\/\/donnobikes.com\/de\/wp-json\/wp\/v2\/product_cat?post=20326"},{"taxonomy":"product_tag","embeddable":true,"href":"https:\/\/donnobikes.com\/de\/wp-json\/wp\/v2\/product_tag?post=20326"}],"curies":[{"name":"wp","href":"https:\/\/api.w.org\/{rel}","templated":true}]}}