{"id":20477,"date":"2020-11-26T13:55:26","date_gmt":"2020-11-26T12:55:26","guid":{"rendered":"https:\/\/donnobikes.com\/?post_type=product&#038;p=20477"},"modified":"2024-03-06T13:00:06","modified_gmt":"2024-03-06T12:00:06","slug":"heads-up-lenker-verlangerung","status":"publish","type":"product","link":"https:\/\/donnobikes.com\/de\/produkt\/heads-up-lenker-verlangerung\/","title":{"rendered":"Heads Up Twist Steam Ahooga Lenkererweiterung"},"content":{"rendered":"<h3>Kompatibel mit Ahooga Modular<\/h3>\n<p>Heads Up ist eine Lenkererweiterung f\u00fcr das Ahooga Modular City E-Bike.<\/p>\n<ul>\n<li>Empfohlen f\u00fcr Radfahrer, die gr\u00f6\u00dfer als 1,80 m sind.<\/li>\n<li>Er kann f\u00fcr eine optimale Haltung in der H\u00f6he verstellt werden.<\/li>\n<li>Bei der Installation bleibt die Twist Steam-Funktion f\u00fcr den Lenker erhalten, der gedreht werden kann, um den Platzbedarf des 60% beim Parken zu verringern.<\/li>\n<\/ul>\n<p>&nbsp;<\/p>","protected":false},"excerpt":{"rendered":"<p>Compatibile con Ahooga Modular Heads Up \u00e8 un&#8217;estensione del manubrio per la city e-bike Ahooga Modular. Consigliato per ciclisti di altezza superiore a 1.80 mt. Pu\u00f2 essere regolato in altezza per una postura ottimale. Con l&#8217;installazione, si mantiene la funzione Twist Steam per il manubrio, che pu\u00f2 essere ruotato per ridurre del 60% lo spazio [&hellip;]<\/p>\n","protected":false},"featured_media":92999,"comment_status":"closed","ping_status":"closed","template":"","meta":[],"product_brand":[],"product_cat":[78,73],"product_tag":[],"class_list":{"0":"post-20477","1":"product","2":"type-product","3":"status-publish","4":"has-post-thumbnail","6":"product_cat-ahooga-accessori","7":"product_cat-ahooga","8":"product_shipping_class-accessori","10":"first","11":"instock","12":"shipping-taxable","13":"purchasable","14":"product-type-simple"},"gallery_images":[],"meta_box":{"short_name":"Estensione Manubrio Heads Up","marketing_name":"","motore_for_biciclette":[],"biciclette_id":"","consegna":"","configurator":[],"single_page_group":[],"catalog_group":[]},"_links":{"self":[{"href":"https:\/\/donnobikes.com\/de\/wp-json\/wp\/v2\/product\/20477","targetHints":{"allow":["GET"]}}],"collection":[{"href":"https:\/\/donnobikes.com\/de\/wp-json\/wp\/v2\/product"}],"about":[{"href":"https:\/\/donnobikes.com\/de\/wp-json\/wp\/v2\/types\/product"}],"replies":[{"embeddable":true,"href":"https:\/\/donnobikes.com\/de\/wp-json\/wp\/v2\/comments?post=20477"}],"wp:featuredmedia":[{"embeddable":true,"href":"https:\/\/donnobikes.com\/de\/wp-json\/wp\/v2\/media\/92999"}],"wp:attachment":[{"href":"https:\/\/donnobikes.com\/de\/wp-json\/wp\/v2\/media?parent=20477"}],"wp:term":[{"taxonomy":"product_brand","embeddable":true,"href":"https:\/\/donnobikes.com\/de\/wp-json\/wp\/v2\/product_brand?post=20477"},{"taxonomy":"product_cat","embeddable":true,"href":"https:\/\/donnobikes.com\/de\/wp-json\/wp\/v2\/product_cat?post=20477"},{"taxonomy":"product_tag","embeddable":true,"href":"https:\/\/donnobikes.com\/de\/wp-json\/wp\/v2\/product_tag?post=20477"}],"curies":[{"name":"wp","href":"https:\/\/api.w.org\/{rel}","templated":true}]}}