{"id":25048,"date":"2021-02-25T20:26:42","date_gmt":"2021-02-25T17:26:42","guid":{"rendered":"https:\/\/donnobikes.com\/?post_type=product&#038;p=25048"},"modified":"2026-02-09T11:59:46","modified_gmt":"2026-02-09T10:59:46","slug":"magneto-fahrradstander","status":"publish","type":"product","link":"https:\/\/donnobikes.com\/de\/produkt\/magneto-fahrradstander\/","title":{"rendered":"Magneto Bike Style 3.0 Halterung"},"content":{"rendered":"<h3>Kompatibel mit allen Fahrr\u00e4dern<\/h3>\n<p>Der Magneto Bike Halter ist ein magnetisches Befestigungssystem f\u00fcr Fahrr\u00e4der. Er wurde als Halterung f\u00fcr Smartphones entwickelt, besteht aus einer Aluminiumlegierung und hat keine Kunststoffteile f\u00fcr eine lange Lebensdauer.<\/p>\n<p>Die einfach zu installierenden Magnete wurden auf festen Halt auch bei hohen Geschwindigkeiten getestet und halten auch starkem Bremsen und rauen Stra\u00dfen stand. Nach der Installation l\u00e4sst sich die Halterung um 360\u00b0 drehen, so dass der Bildschirm des Telefons in jeder Position angezeigt werden kann.<\/p>\n<p>Die Magneto Bike Style 3.0 Halterung wurde f\u00fcr diejenigen entwickelt, die ihr Telefon und seine Anwendungen f\u00fcr die Mobilit\u00e4t nutzen m\u00fcssen oder f\u00fcr diejenigen, die den \u00dcberblick \u00fcber Smartphone-Benachrichtigungen behalten m\u00fcssen, ohne die H\u00e4nde vom Lenker zu nehmen.<\/p>","protected":false},"excerpt":{"rendered":"<p>Compatibile con tutte le biciclette Il supporto Magneto Bike \u00e8 un sistema di aggancio magnetico per biciclette. Progettato come supporto per smartphone, \u00e8 realizzato in lega di alluminio e non presenta parti in plastica, per una lunga durata. Facile da installare, i suoi magneti sono stati testati per una tenuta salda anche ad alta velocit\u00e0, [&hellip;]<\/p>\n","protected":false},"featured_media":93035,"comment_status":"closed","ping_status":"closed","template":"","meta":[],"product_brand":[],"product_cat":[23,648,656],"product_tag":[],"class_list":{"0":"post-25048","1":"product","2":"type-product","3":"status-publish","4":"has-post-thumbnail","6":"product_cat-accessori-vari","7":"product_cat-accessori-vari-2","8":"product_cat-accessori-vari-taga","9":"product_shipping_class-accessori","11":"first","12":"instock","13":"shipping-taxable","14":"purchasable","15":"product-type-simple"},"gallery_images":[93031,93032,93034,93036,93033],"meta_box":{"short_name":"Supporto per smartphone Magneto Style","marketing_name":"","motore_for_biciclette":[],"biciclette_id":"","consegna":"","configurator":[],"single_page_group":[],"catalog_group":[]},"_links":{"self":[{"href":"https:\/\/donnobikes.com\/de\/wp-json\/wp\/v2\/product\/25048","targetHints":{"allow":["GET"]}}],"collection":[{"href":"https:\/\/donnobikes.com\/de\/wp-json\/wp\/v2\/product"}],"about":[{"href":"https:\/\/donnobikes.com\/de\/wp-json\/wp\/v2\/types\/product"}],"replies":[{"embeddable":true,"href":"https:\/\/donnobikes.com\/de\/wp-json\/wp\/v2\/comments?post=25048"}],"wp:featuredmedia":[{"embeddable":true,"href":"https:\/\/donnobikes.com\/de\/wp-json\/wp\/v2\/media\/93035"}],"wp:attachment":[{"href":"https:\/\/donnobikes.com\/de\/wp-json\/wp\/v2\/media?parent=25048"}],"wp:term":[{"taxonomy":"product_brand","embeddable":true,"href":"https:\/\/donnobikes.com\/de\/wp-json\/wp\/v2\/product_brand?post=25048"},{"taxonomy":"product_cat","embeddable":true,"href":"https:\/\/donnobikes.com\/de\/wp-json\/wp\/v2\/product_cat?post=25048"},{"taxonomy":"product_tag","embeddable":true,"href":"https:\/\/donnobikes.com\/de\/wp-json\/wp\/v2\/product_tag?post=25048"}],"curies":[{"name":"wp","href":"https:\/\/api.w.org\/{rel}","templated":true}]}}