{"id":3029,"date":"2019-10-15T04:25:33","date_gmt":"2019-10-15T02:25:33","guid":{"rendered":"https:\/\/donnobikes.com\/product\/box-in-bambu-per-la-bicicletta-yuba-super-cargo\/"},"modified":"2024-03-06T13:00:04","modified_gmt":"2024-03-06T12:00:04","slug":"bambuskiste-yuba","status":"publish","type":"product","link":"https:\/\/donnobikes.com\/de\/produkt\/bambuskiste-yuba\/","title":{"rendered":"Bambus-Box Yuba"},"content":{"rendered":"<h3>Kompatibel mit allen Supercargo-Modellen<\/h3>\n<p>Die Yuba Bamboo Box ist ein Frontcontainer f\u00fcr das Yuba Supercargo Lastenrad. Robust, stabil und langlebig, hat sie eine enorme Ladekapazit\u00e4t! F\u00fcr die Montage wird das separat erh\u00e4ltliche Supercargo Base Board ben\u00f6tigt.<\/p>\n<p>Transportieren Sie Ihre Eink\u00e4ufe, Werkzeuge, Haustiere und Kinder sicher und gesch\u00fctzt. F\u00fcr den Komfort und die Sicherheit von Kindern w\u00e4hrend des Transports ist das separat erh\u00e4ltliche Bamboo Box Seat Kit ein Muss. Damit du deine Bamboo Box Yuba Supercargo auch an regnerischen, verschneiten, windigen oder anderen Tagen optimal nutzen kannst, kombiniere sie mit dem Yuba Canopy.<\/p>\n<p>Die Bamboo Box ist aus 3-lagigem Bambus gefertigt, einem witterungsbest\u00e4ndigen und nachhaltigen Material. Der Anbau von Bambus ist schnell und verbraucht wenig Wasser. Alle unsere Bambusprodukte entsprechen den REACH-Richtlinien, die vor gef\u00e4hrlichen und giftigen Chemikalien sch\u00fctzen. F\u00fcr Bambusprodukte gilt eine einj\u00e4hrige beschr\u00e4nkte Garantie auf die strukturelle Integrit\u00e4t.<\/p>","protected":false},"excerpt":{"rendered":"<p>Compatibile con tutti i modelli Supercargo Il Bamboo Box Yuba \u00e8 un contenitore frontale per la cargo bike Supercargo di Yuba. Robusto, stabile e resistente, ha una enorme capacit\u00e0 di carico! Per il montaggio \u00e8 necessaria la Base Board Supercargo, in vendita a parte. Trasporta la tua spesa, attrezzi, animali domestici e bambini in modo [&hellip;]<\/p>\n","protected":false},"featured_media":91305,"comment_status":"closed","ping_status":"closed","template":"","meta":[],"product_brand":[],"product_cat":[16,21],"product_tag":[],"class_list":{"0":"post-3029","1":"product","2":"type-product","3":"status-publish","4":"has-post-thumbnail","6":"product_cat-yuba-accessori","7":"product_cat-yuba","8":"product_shipping_class-accessori","10":"first","11":"instock","12":"shipping-taxable","13":"purchasable","14":"product-type-simple"},"gallery_images":[91303,91302,91304,91306,91310,91308,91309,91307],"meta_box":{"short_name":"Bamboo Box","marketing_name":"","motore_for_biciclette":[],"biciclette_id":"","consegna":"","configurator":[],"single_page_group":[],"catalog_group":[]},"_links":{"self":[{"href":"https:\/\/donnobikes.com\/de\/wp-json\/wp\/v2\/product\/3029","targetHints":{"allow":["GET"]}}],"collection":[{"href":"https:\/\/donnobikes.com\/de\/wp-json\/wp\/v2\/product"}],"about":[{"href":"https:\/\/donnobikes.com\/de\/wp-json\/wp\/v2\/types\/product"}],"replies":[{"embeddable":true,"href":"https:\/\/donnobikes.com\/de\/wp-json\/wp\/v2\/comments?post=3029"}],"wp:featuredmedia":[{"embeddable":true,"href":"https:\/\/donnobikes.com\/de\/wp-json\/wp\/v2\/media\/91305"}],"wp:attachment":[{"href":"https:\/\/donnobikes.com\/de\/wp-json\/wp\/v2\/media?parent=3029"}],"wp:term":[{"taxonomy":"product_brand","embeddable":true,"href":"https:\/\/donnobikes.com\/de\/wp-json\/wp\/v2\/product_brand?post=3029"},{"taxonomy":"product_cat","embeddable":true,"href":"https:\/\/donnobikes.com\/de\/wp-json\/wp\/v2\/product_cat?post=3029"},{"taxonomy":"product_tag","embeddable":true,"href":"https:\/\/donnobikes.com\/de\/wp-json\/wp\/v2\/product_tag?post=3029"}],"curies":[{"name":"wp","href":"https:\/\/api.w.org\/{rel}","templated":true}]}}