{"id":3033,"date":"2019-10-15T04:19:41","date_gmt":"2019-10-15T02:19:41","guid":{"rendered":"https:\/\/donnobikes.com\/product\/pianale-in-bambu-per-bici-yuba-super-cargo\/"},"modified":"2024-03-06T13:00:08","modified_gmt":"2024-03-06T12:00:08","slug":"grundplatte-yuba","status":"publish","type":"product","link":"https:\/\/donnobikes.com\/de\/produkt\/grundplatte-yuba\/","title":{"rendered":"Bambus-Basisplatte Yuba"},"content":{"rendered":"<h3>Kompatibel mit allen Supercargo-Modellen<\/h3>\n<p>Das Yuba Base Board ist eine Plattform aus Bambus, die es erm\u00f6glicht, das Yuba Supercargo-Lastenrad ohne Container zu benutzen. Es ist ideal f\u00fcr gr\u00f6\u00dfere und sperrige Lasten oder f\u00fcr Lasten, die eine flache Unterlage ben\u00f6tigen. Mit den Gurten kannst du deine Ladungsberge an Ort und Stelle halten und den Laderaum optimieren.<\/p>\n<p>Auf Ihrem Yuba Supercargo leben Sie Ihren Familien- oder Arbeitsalltag? Mit dem Yuba Bamboo Base Board ist alles m\u00f6glich! Das Base Board dient auch als Open Loader Box und Bamboo Box, die vorderen Container sind separat erh\u00e4ltlich und machen dir das Leben leichter. Vergiss nicht die Cargo Straps, die separat erh\u00e4ltlich sind, um deine Berge von Ladung an Ort und Stelle zu halten und den Platz zu optimieren!<\/p>\n<p>Hergestellt aus 3-lagigem Bambus, einem witterungsbest\u00e4ndigen und nachhaltigen Material. Der Anbau von Bambus ist schnell und verbraucht wenig Wasser. Alle unsere Bambusprodukte erf\u00fcllen die REACH-Richtlinien zum Schutz vor gef\u00e4hrlichen und giftigen Chemikalien. F\u00fcr Bambusprodukte gilt eine einj\u00e4hrige beschr\u00e4nkte Garantie auf die strukturelle Integrit\u00e4t.<\/p>","protected":false},"excerpt":{"rendered":"<p>Compatibile con tutti i modelli Supercargo La Base Board Yuba \u00e8 una pianale in bamboo che ti consente di utilizzare la piattaforma di carico della cargo bike Yuba Supercargo senza un contenitore. Ideale per carichi pi\u00f9 grandi e ingombranti, o per carichi che richiedono una base piatta. puoi utilizzare le cinghie per tenere ferme le [&hellip;]<\/p>\n","protected":false},"featured_media":91283,"comment_status":"closed","ping_status":"closed","template":"","meta":[],"product_brand":[],"product_cat":[16,21],"product_tag":[],"class_list":{"0":"post-3033","1":"product","2":"type-product","3":"status-publish","4":"has-post-thumbnail","6":"product_cat-yuba-accessori","7":"product_cat-yuba","8":"product_shipping_class-accessori","10":"first","11":"instock","12":"shipping-taxable","13":"purchasable","14":"product-type-simple"},"gallery_images":[91282,91281,91284,91290,91285,91287,91288,91289,91291],"meta_box":{"short_name":"Pianale in Bamboo Base Board","marketing_name":"","motore_for_biciclette":[],"biciclette_id":"","consegna":"","configurator":[],"single_page_group":[],"catalog_group":[]},"_links":{"self":[{"href":"https:\/\/donnobikes.com\/de\/wp-json\/wp\/v2\/product\/3033","targetHints":{"allow":["GET"]}}],"collection":[{"href":"https:\/\/donnobikes.com\/de\/wp-json\/wp\/v2\/product"}],"about":[{"href":"https:\/\/donnobikes.com\/de\/wp-json\/wp\/v2\/types\/product"}],"replies":[{"embeddable":true,"href":"https:\/\/donnobikes.com\/de\/wp-json\/wp\/v2\/comments?post=3033"}],"wp:featuredmedia":[{"embeddable":true,"href":"https:\/\/donnobikes.com\/de\/wp-json\/wp\/v2\/media\/91283"}],"wp:attachment":[{"href":"https:\/\/donnobikes.com\/de\/wp-json\/wp\/v2\/media?parent=3033"}],"wp:term":[{"taxonomy":"product_brand","embeddable":true,"href":"https:\/\/donnobikes.com\/de\/wp-json\/wp\/v2\/product_brand?post=3033"},{"taxonomy":"product_cat","embeddable":true,"href":"https:\/\/donnobikes.com\/de\/wp-json\/wp\/v2\/product_cat?post=3033"},{"taxonomy":"product_tag","embeddable":true,"href":"https:\/\/donnobikes.com\/de\/wp-json\/wp\/v2\/product_tag?post=3033"}],"curies":[{"name":"wp","href":"https:\/\/api.w.org\/{rel}","templated":true}]}}