{"id":3036,"date":"2019-10-14T13:58:44","date_gmt":"2019-10-14T11:58:44","guid":{"rendered":"https:\/\/donnobikes.com\/product\/tavole-in-bambu-appoggia-piedi-per-bici-yuba\/"},"modified":"2026-02-09T10:08:06","modified_gmt":"2026-02-09T09:08:06","slug":"bordwande-yuba-kombi","status":"publish","type":"product","link":"https:\/\/donnobikes.com\/de\/produkt\/bordwande-yuba-kombi\/","title":{"rendered":"Sideboards Sideboards Yuba Kombi"},"content":{"rendered":"<h3>Kompatibel mit allen Kombi-Modellen<\/h3>\n<p>Die Yuba Kombi Seitenbretter sind ein Paar Seitenbretter, die sich perfekt f\u00fcr den Transport von G\u00fctern und Passagieren auf dem R\u00fccken von Yuba Kombi Cargo Bikes eignen. Sie bieten eine sanfte Fahrt, egal wen oder was Sie transportieren, und sorgen f\u00fcr den Komfort Ihrer Fahrg\u00e4ste.<\/p>\n<p>Yuba Kombi Sideboards sind aus 5-lagigem Bambus gefertigt, einem witterungsbest\u00e4ndigen und nachhaltigen Material. Der Anbau von Bambus ist schnell und verbraucht wenig Wasser. Alle unsere Bambusprodukte entsprechen den REACH-Richtlinien, die vor gef\u00e4hrlichen und giftigen Chemikalien sch\u00fctzen. F\u00fcr Bambusprodukte gilt eine einj\u00e4hrige beschr\u00e4nkte Garantie auf die strukturelle Integrit\u00e4t.<\/p>","protected":false},"excerpt":{"rendered":"<p>Compatibile con tutti i modelli Kombi Sideboards Yuba Kombi sono una coppia di sponde laterali perfette per trasportare merci e passeggeri sul retro delle cargo bike Kombi di Yuba. Offrono una guida fluida, chiunque o qualunque cosa tu stia trasportando, e garantiscono il comfort dei tuoi passeggeri. Le Sideboard Yuba Kombi sono realizzate in bamb\u00f9 [&hellip;]<\/p>\n","protected":false},"featured_media":91196,"comment_status":"closed","ping_status":"closed","template":"","meta":[],"product_brand":[],"product_cat":[16,639,21,651],"product_tag":[],"class_list":{"0":"post-3036","1":"product","2":"type-product","3":"status-publish","4":"has-post-thumbnail","6":"product_cat-yuba-accessori","7":"product_cat-seduta-e-carico-posteriore-2","8":"product_cat-yuba","9":"product_cat-yuba-kombi-db-seduta-e-carico-posteriore-2","10":"product_shipping_class-accessori","12":"first","13":"instock","14":"shipping-taxable","15":"purchasable","16":"product-type-simple"},"gallery_images":[91197,91198,91199,91200,91201],"meta_box":{"short_name":"Sponde laterali Sideboards Kombi","marketing_name":"","motore_for_biciclette":[],"biciclette_id":"","consegna":"","configurator":[],"single_page_group":[],"catalog_group":[]},"_links":{"self":[{"href":"https:\/\/donnobikes.com\/de\/wp-json\/wp\/v2\/product\/3036","targetHints":{"allow":["GET"]}}],"collection":[{"href":"https:\/\/donnobikes.com\/de\/wp-json\/wp\/v2\/product"}],"about":[{"href":"https:\/\/donnobikes.com\/de\/wp-json\/wp\/v2\/types\/product"}],"replies":[{"embeddable":true,"href":"https:\/\/donnobikes.com\/de\/wp-json\/wp\/v2\/comments?post=3036"}],"wp:featuredmedia":[{"embeddable":true,"href":"https:\/\/donnobikes.com\/de\/wp-json\/wp\/v2\/media\/91196"}],"wp:attachment":[{"href":"https:\/\/donnobikes.com\/de\/wp-json\/wp\/v2\/media?parent=3036"}],"wp:term":[{"taxonomy":"product_brand","embeddable":true,"href":"https:\/\/donnobikes.com\/de\/wp-json\/wp\/v2\/product_brand?post=3036"},{"taxonomy":"product_cat","embeddable":true,"href":"https:\/\/donnobikes.com\/de\/wp-json\/wp\/v2\/product_cat?post=3036"},{"taxonomy":"product_tag","embeddable":true,"href":"https:\/\/donnobikes.com\/de\/wp-json\/wp\/v2\/product_tag?post=3036"}],"curies":[{"name":"wp","href":"https:\/\/api.w.org\/{rel}","templated":true}]}}