{"id":3046,"date":"2019-10-14T13:51:17","date_gmt":"2019-10-14T11:51:17","guid":{"rendered":"https:\/\/donnobikes.com\/product\/maxi-borse-al-portapacchi-per-yuba-spicy-e-sweet-curry\/"},"modified":"2026-02-09T10:08:29","modified_gmt":"2026-02-09T09:08:29","slug":"paar-von-2-gehen-cargo-taschen-yuba","status":"publish","type":"product","link":"https:\/\/donnobikes.com\/de\/produkt\/paar-von-2-gehen-cargo-taschen-yuba\/","title":{"rendered":"Ein Paar 2-Go Cargo Yuba-Taschen"},"content":{"rendered":"<h3>Kompatibel mit allen Spicy Curry Lastenfahrr\u00e4dern<\/h3>\n<p>Das Paar 2-Go Cargo Yuba-Taschen verf\u00fcgt \u00fcber ein innovatives und praktisches System, mit dem sie direkt am Rahmen befestigt werden k\u00f6nnen, mit einer Kapazit\u00e4t von jeweils 12 kg. Sie werden immer eine gro\u00dfe Ladekapazit\u00e4t mit Ihnen haben! Dank der wasserdichten Au\u00dfenschicht aus 1000D-Nylongewebe werden Ihre Ladung und die F\u00fc\u00dfe Ihrer Passagiere nie nass, da die Taschen auch als Schutzh\u00fclle dienen k\u00f6nnen.<\/p>\n<p>Die Ladekapazit\u00e4t ist dank der separat erh\u00e4ltlichen 2-Go Bags Extensions einstellbar. Die Taschen haben verschiedene Befestigungspunkte f\u00fcr eine perfekte Anpassung an den Rahmen und Innentaschen, um die Ladung besser zu organisieren. Die 2-Go Cargo Bags Yuba sind mit der separat erh\u00e4ltlichen Carry-On Cargo Deck Extension kompatibel.<\/p>\n<p>&nbsp;<\/p>","protected":false},"excerpt":{"rendered":"<p>Compatibile con tutte le cargo bike Spicy Curry La coppia di borse 2-Go Cargo Yuba ha un innovativo e pratico sistema che permette di agganciarle direttamente al telaio, con capacit\u00e0 di 12kg ciascuna. Avrai sempre con te una capacit\u00e0 di carico enorme! Grazie allo strato esterno impermeabile realizzato in tessuto di nylon 1000D, il tuo [&hellip;]<\/p>\n","protected":false},"featured_media":91143,"comment_status":"closed","ping_status":"closed","template":"","meta":[],"product_brand":[],"product_cat":[16,639,21,651],"product_tag":[88],"class_list":{"0":"post-3046","1":"product","2":"type-product","3":"status-publish","4":"has-post-thumbnail","6":"product_cat-yuba-accessori","7":"product_cat-seduta-e-carico-posteriore-2","8":"product_cat-yuba","9":"product_cat-yuba-kombi-db-seduta-e-carico-posteriore-2","10":"product_tag-borsa","11":"product_shipping_class-accessori","13":"first","14":"instock","15":"shipping-taxable","16":"purchasable","17":"product-type-simple"},"gallery_images":[91144,91145,91146,91147,91148,91149,91150,91151],"meta_box":{"short_name":"Coppia Borse 2-Go Cargo","marketing_name":"","motore_for_biciclette":[],"biciclette_id":"","consegna":"","configurator":[],"single_page_group":[],"catalog_group":[]},"_links":{"self":[{"href":"https:\/\/donnobikes.com\/de\/wp-json\/wp\/v2\/product\/3046","targetHints":{"allow":["GET"]}}],"collection":[{"href":"https:\/\/donnobikes.com\/de\/wp-json\/wp\/v2\/product"}],"about":[{"href":"https:\/\/donnobikes.com\/de\/wp-json\/wp\/v2\/types\/product"}],"replies":[{"embeddable":true,"href":"https:\/\/donnobikes.com\/de\/wp-json\/wp\/v2\/comments?post=3046"}],"wp:featuredmedia":[{"embeddable":true,"href":"https:\/\/donnobikes.com\/de\/wp-json\/wp\/v2\/media\/91143"}],"wp:attachment":[{"href":"https:\/\/donnobikes.com\/de\/wp-json\/wp\/v2\/media?parent=3046"}],"wp:term":[{"taxonomy":"product_brand","embeddable":true,"href":"https:\/\/donnobikes.com\/de\/wp-json\/wp\/v2\/product_brand?post=3046"},{"taxonomy":"product_cat","embeddable":true,"href":"https:\/\/donnobikes.com\/de\/wp-json\/wp\/v2\/product_cat?post=3046"},{"taxonomy":"product_tag","embeddable":true,"href":"https:\/\/donnobikes.com\/de\/wp-json\/wp\/v2\/product_tag?post=3046"}],"curies":[{"name":"wp","href":"https:\/\/api.w.org\/{rel}","templated":true}]}}