{"id":31943,"date":"2021-06-12T16:54:25","date_gmt":"2021-06-12T14:54:25","guid":{"rendered":"https:\/\/donnobikes.com\/?post_type=product&#038;p=31943"},"modified":"2024-03-06T13:00:09","modified_gmt":"2024-03-06T12:00:09","slug":"agu-h2o-tasche","status":"publish","type":"product","link":"https:\/\/donnobikes.com\/de\/produkt\/agu-h2o-tasche\/","title":{"rendered":"AGU H2O Single Performance Tasche"},"content":{"rendered":"<h3>Kompatibel mit allen Donno Bikes<\/h3>\n<p>Die AGU H2O Single Performance Tasche ist eine gro\u00dfe Seitentasche f\u00fcr Fahrr\u00e4der.<\/p>\n<ul>\n<li>Hergestellt aus recyceltem 600D-Polyester.<\/li>\n<li>Ger\u00e4umig, 31 x 38 x 14 cm gro\u00df.<\/li>\n<li>Ultraleicht mit nur 700 g.<\/li>\n<li>Fassungsverm\u00f6gen von 18 Litern.<\/li>\n<li>Dank der 3M Reflection-Technologie reflektiert die Tasche das Licht f\u00fcr eine bessere Sichtbarkeit.<\/li>\n<li>Ausgestattet mit wasserabweisender PU-Beschichtung.<\/li>\n<li><span class=\"Y2IQFc\" lang=\"it\" xml:lang=\"it\">Gro\u00dfartig<\/span>\u00a0Stauraum und Rei\u00dfverschlussf\u00e4cher auf der Vorderseite, seitliche und obere Au\u00dfenf\u00e4cher zur Befestigung von Zubeh\u00f6r.<\/li>\n<li>Das Innenfutter ist mit der Dryliner-Technologie wasserdicht.<\/li>\n<li>Die unteren Ecken und die Innenwand sind verst\u00e4rkt.<\/li>\n<li>In Kombination mit der Roll-Top Konstruktion ist der Inhalt sehr gut gegen Staub und Regen gesch\u00fctzt.<\/li>\n<li>Der Verschluss erfolgt mit einer verstellbaren Sicherheitsschnalle.<\/li>\n<li>Der Gurt ist abnehmbar, so dass die Tasche auch \u00fcber der Schulter getragen werden kann.<\/li>\n<li>Geeignet f\u00fcr Gestelle mit 8 bis 16 mm R\u00f6hren.<\/li>\n<li>Die Montage auf dem Dachtr\u00e4ger erfolgt schnell und einfach mit dem mitgelieferten KLICKfix Vario-System mit oberen und unteren Sicherheitshaken.<\/li>\n<\/ul>","protected":false},"excerpt":{"rendered":"<p>Compatibile con tutte le biciclette Donno Bikes La borsa AGU H2O Single Performance \u00e8 una grande borsa laterale per biciclette. Realizzata in poliestere 600D riciclato. Capiente, misura 31 x 38 x 14cm. Ultraleggera con il suo peso di solo 700 gr. Capacit\u00e0 di 18 litri. Grazie alla tecnologia Reflection 3M, la borsa riflette la luce [&hellip;]<\/p>\n","protected":false},"featured_media":93038,"comment_status":"closed","ping_status":"closed","template":"","meta":[],"product_brand":[],"product_cat":[23],"product_tag":[88],"class_list":{"0":"post-31943","1":"product","2":"type-product","3":"status-publish","4":"has-post-thumbnail","6":"product_cat-accessori-vari","7":"product_tag-borsa","8":"product_shipping_class-accessori","10":"first","11":"instock","12":"shipping-taxable","13":"purchasable","14":"product-type-simple"},"gallery_images":[93039,93040,93041],"meta_box":{"short_name":"Borsa AGU H2o Single Performance","marketing_name":"","motore_for_biciclette":[],"biciclette_id":"","consegna":"","configurator":[],"single_page_group":[],"catalog_group":[]},"_links":{"self":[{"href":"https:\/\/donnobikes.com\/de\/wp-json\/wp\/v2\/product\/31943","targetHints":{"allow":["GET"]}}],"collection":[{"href":"https:\/\/donnobikes.com\/de\/wp-json\/wp\/v2\/product"}],"about":[{"href":"https:\/\/donnobikes.com\/de\/wp-json\/wp\/v2\/types\/product"}],"replies":[{"embeddable":true,"href":"https:\/\/donnobikes.com\/de\/wp-json\/wp\/v2\/comments?post=31943"}],"wp:featuredmedia":[{"embeddable":true,"href":"https:\/\/donnobikes.com\/de\/wp-json\/wp\/v2\/media\/93038"}],"wp:attachment":[{"href":"https:\/\/donnobikes.com\/de\/wp-json\/wp\/v2\/media?parent=31943"}],"wp:term":[{"taxonomy":"product_brand","embeddable":true,"href":"https:\/\/donnobikes.com\/de\/wp-json\/wp\/v2\/product_brand?post=31943"},{"taxonomy":"product_cat","embeddable":true,"href":"https:\/\/donnobikes.com\/de\/wp-json\/wp\/v2\/product_cat?post=31943"},{"taxonomy":"product_tag","embeddable":true,"href":"https:\/\/donnobikes.com\/de\/wp-json\/wp\/v2\/product_tag?post=31943"}],"curies":[{"name":"wp","href":"https:\/\/api.w.org\/{rel}","templated":true}]}}