{"id":36812,"date":"2021-08-23T13:37:30","date_gmt":"2021-08-23T11:37:30","guid":{"rendered":"https:\/\/donnobikes.com\/?post_type=product&#038;p=36812"},"modified":"2024-03-06T13:00:07","modified_gmt":"2024-03-06T12:00:07","slug":"lenker-shopper-tasche","status":"publish","type":"product","link":"https:\/\/donnobikes.com\/de\/produkt\/lenker-shopper-tasche\/","title":{"rendered":"Lenker Shopper Tasche"},"content":{"rendered":"<h3>Kompatibel mit allen Donno Bikes<\/h3>\n<p>Die Handlebar Shopper Bag von Rixen Kaul ist die clevere Alternative zum herk\u00f6mmlichen Einkaufskorb. Ideal f\u00fcr Eink\u00e4ufe, Ihren Laptop und vieles mehr. Die Shopper Bag wird mit einem Klick am Lenkerrohr befestigt. Der Halt ist stabil. Wenn sie nicht gebraucht wird, kann sie zusammengefaltet auf kleinstem Raum verstaut werden. Die schnelle Befestigung und die einfache Handhabung machen sie zu einem der beliebtesten Fahrradzubeh\u00f6rteile.<\/p>\n<ul>\n<li>Abmessungen 38 x 25 x 29 cm.<\/li>\n<li>Gewicht 950 g.<\/li>\n<li>Er kann bis zu 7 kg oder 24 Liter Ladung transportieren.<\/li>\n<li>Hergestellt aus strapazierf\u00e4higem, wasserabweisendem Nylon.<\/li>\n<li>Verst\u00e4rkte Basis.<\/li>\n<li>Breite Tragegriffe.<\/li>\n<li>Kupplung aus verchromtem Stahl.<\/li>\n<li>Inklusive KLICKfix Befestigungsadapter.<\/li>\n<\/ul>","protected":false},"excerpt":{"rendered":"<p>Compatibile con tutte le biciclette Donno Bikes La Shopper Bag da manubrio, prodotta da Rixen Kaul, \u00e8 l&#8217;alternativa intelligente al tradizionale cestino. Ideale per la spesa, il laptop e molto altro. La Shopper Bag si installa con un click al tubo del manubrio. La tenuta \u00e8 stabile. Quando non \u00e8 in uso, si pu\u00f2 riporre [&hellip;]<\/p>\n","protected":false},"featured_media":92879,"comment_status":"closed","ping_status":"closed","template":"","meta":[],"product_brand":[],"product_cat":[23],"product_tag":[88],"class_list":{"0":"post-36812","1":"product","2":"type-product","3":"status-publish","4":"has-post-thumbnail","6":"product_cat-accessori-vari","7":"product_tag-borsa","8":"product_shipping_class-accessori","10":"first","11":"instock","12":"shipping-taxable","13":"purchasable","14":"product-type-simple"},"gallery_images":[92878,92880,92881,92882,92884,92883],"meta_box":{"short_name":"Shopper Bag da manubrio","marketing_name":"","motore_for_biciclette":[],"biciclette_id":"","consegna":"","configurator":[],"single_page_group":[],"catalog_group":[]},"_links":{"self":[{"href":"https:\/\/donnobikes.com\/de\/wp-json\/wp\/v2\/product\/36812","targetHints":{"allow":["GET"]}}],"collection":[{"href":"https:\/\/donnobikes.com\/de\/wp-json\/wp\/v2\/product"}],"about":[{"href":"https:\/\/donnobikes.com\/de\/wp-json\/wp\/v2\/types\/product"}],"replies":[{"embeddable":true,"href":"https:\/\/donnobikes.com\/de\/wp-json\/wp\/v2\/comments?post=36812"}],"wp:featuredmedia":[{"embeddable":true,"href":"https:\/\/donnobikes.com\/de\/wp-json\/wp\/v2\/media\/92879"}],"wp:attachment":[{"href":"https:\/\/donnobikes.com\/de\/wp-json\/wp\/v2\/media?parent=36812"}],"wp:term":[{"taxonomy":"product_brand","embeddable":true,"href":"https:\/\/donnobikes.com\/de\/wp-json\/wp\/v2\/product_brand?post=36812"},{"taxonomy":"product_cat","embeddable":true,"href":"https:\/\/donnobikes.com\/de\/wp-json\/wp\/v2\/product_cat?post=36812"},{"taxonomy":"product_tag","embeddable":true,"href":"https:\/\/donnobikes.com\/de\/wp-json\/wp\/v2\/product_tag?post=36812"}],"curies":[{"name":"wp","href":"https:\/\/api.w.org\/{rel}","templated":true}]}}