{"id":37040,"date":"2021-08-27T02:02:49","date_gmt":"2021-08-27T00:02:49","guid":{"rendered":"https:\/\/donnobikes.com\/?post_type=product&#038;p=37040"},"modified":"2024-09-03T15:31:31","modified_gmt":"2024-09-03T13:31:31","slug":"dachgepacktrager-ahooga","status":"publish","type":"product","link":"https:\/\/donnobikes.com\/de\/produkt\/dachgepacktrager-ahooga\/","title":{"rendered":"Ahooga Gep\u00e4cktr\u00e4ger"},"content":{"rendered":"<h3>Kompatibel mit Ahooga Modular<\/h3>\n<p>Der Ahooga Gep\u00e4cktr\u00e4ger verwandelt das Modular Citybike in ein leichtes E-Bike.<\/p>\n<ul>\n<li>Er besteht aus rostfreiem 6061 T6 Aluminium und l\u00e4sst sich leicht mit Schrauben montieren.<\/li>\n<li>Der Gep\u00e4cktr\u00e4ger misst 58 x 18 cm, wiegt nur 3 kg und kann 50 kg Ladung tragen.<\/li>\n<li>Er ist f\u00fcr den sicheren Transport von zwei Kindern und Sitzen mit einem Kissen oder Sitz ausgelegt.<\/li>\n<li>Er ist mit den meisten K\u00f6rben, Sitzen und Gep\u00e4cktaschen auf dem Markt kompatibel.<\/li>\n<\/ul>\n<p>Eine beeindruckende Ladekapazit\u00e4t f\u00fcr ein E-Bike, das f\u00fcr das Pendeln in der Stadt konzipiert ist.<\/p>","protected":false},"excerpt":{"rendered":"<p>Compatibile con Ahooga Modular Il portapacchi posteriore Ahooga trasforma la city bike Modular in una e-bike cargo light. Realizzato in alluminio\u00a06061 T6 color canna di fucile, si installa facilmente con viti. Il portapacchi misura 58 x 18cm, pesa solo 3kg e pu\u00f2 trasportare 50kg di carico. E&#8217; progettato per portare in sicurezza due bambini e [&hellip;]<\/p>\n","protected":false},"featured_media":93001,"comment_status":"closed","ping_status":"closed","template":"","meta":[],"product_brand":[],"product_cat":[78,73],"product_tag":[],"class_list":{"0":"post-37040","1":"product","2":"type-product","3":"status-publish","4":"has-post-thumbnail","6":"product_cat-ahooga-accessori","7":"product_cat-ahooga","8":"product_shipping_class-accessori","10":"first","11":"outofstock","12":"shipping-taxable","13":"purchasable","14":"product-type-simple"},"gallery_images":[92861,92862,92863,92864],"meta_box":{"short_name":"Portapacchi posteriore Modular","marketing_name":"","motore_for_biciclette":[],"biciclette_id":"","consegna":"","configurator":[],"single_page_group":[],"catalog_group":[]},"_links":{"self":[{"href":"https:\/\/donnobikes.com\/de\/wp-json\/wp\/v2\/product\/37040","targetHints":{"allow":["GET"]}}],"collection":[{"href":"https:\/\/donnobikes.com\/de\/wp-json\/wp\/v2\/product"}],"about":[{"href":"https:\/\/donnobikes.com\/de\/wp-json\/wp\/v2\/types\/product"}],"replies":[{"embeddable":true,"href":"https:\/\/donnobikes.com\/de\/wp-json\/wp\/v2\/comments?post=37040"}],"wp:featuredmedia":[{"embeddable":true,"href":"https:\/\/donnobikes.com\/de\/wp-json\/wp\/v2\/media\/93001"}],"wp:attachment":[{"href":"https:\/\/donnobikes.com\/de\/wp-json\/wp\/v2\/media?parent=37040"}],"wp:term":[{"taxonomy":"product_brand","embeddable":true,"href":"https:\/\/donnobikes.com\/de\/wp-json\/wp\/v2\/product_brand?post=37040"},{"taxonomy":"product_cat","embeddable":true,"href":"https:\/\/donnobikes.com\/de\/wp-json\/wp\/v2\/product_cat?post=37040"},{"taxonomy":"product_tag","embeddable":true,"href":"https:\/\/donnobikes.com\/de\/wp-json\/wp\/v2\/product_tag?post=37040"}],"curies":[{"name":"wp","href":"https:\/\/api.w.org\/{rel}","templated":true}]}}