{"id":37230,"date":"2021-08-30T17:14:55","date_gmt":"2021-08-30T15:14:55","guid":{"rendered":"https:\/\/donnobikes.com\/?post_type=product&#038;p=37230"},"modified":"2024-03-06T13:00:09","modified_gmt":"2024-03-06T12:00:09","slug":"knog-led-licht-set","status":"publish","type":"product","link":"https:\/\/donnobikes.com\/de\/produkt\/knog-led-licht-set\/","title":{"rendered":"Knog Plus Bike Light Doppelpack LED-Licht-Set"},"content":{"rendered":"<h3>Kompatibel mit allen Fahrr\u00e4dern<\/h3>\n<p>Das Knog Plus Bike Light Twinpack LED-Lichtset kann am Fahrrad montiert oder an Kleidung, Helm, Rucksack usw. befestigt werden. Das Plus Bike Light Twinpack ist als Vorder- und R\u00fccklicht gleicherma\u00dfen beeindruckend und eignet sich perfekt f\u00fcr Pendler und Rennradfahrer gleicherma\u00dfen.<\/p>\n<p>Dieses Lichtset ist unkonventionell. Sie sind die vielseitigsten Fahrradlichter \u00fcberhaupt. Montieren Sie sie am Lenker, an der Vordergabel oder nehmen Sie sie von der Rohrhalterung ab und befestigen Sie sie an so ziemlich allem.  Wenn der Akku einer der Plus Bike Lights zur Neige geht, leuchtet ein roter Ring um den Knopf. Der Ring bleibt w\u00e4hrend des Ladevorgangs sichtbar und schaltet sich aus, wenn der Akku vollst\u00e4ndig geladen ist.<\/p>\n<ul>\n<li>Integrierter USB-A-Anschluss f\u00fcr kabelloses Laden.<\/li>\n<li>Sichtbar bis zu 450 Meter weit.<\/li>\n<li>Wasserdicht mit Schutzart IP66.<\/li>\n<li>5 Beleuchtungsprogramme.<\/li>\n<li>Ultraleicht, Gewicht 17 Gramm.<\/li>\n<li>Helligkeit 40\/20 Lumen vorne\/hinten.<\/li>\n<li>Autonomie von bis zu 40 Stunden.<\/li>\n<li>LED mit COB-Technologie f\u00fcr h\u00f6chste Helligkeit und bis zu 90% Akkulaufzeit.<\/li>\n<\/ul>","protected":false},"excerpt":{"rendered":"<p>Compatibili con tutte le biciclette Il set luci LED Knog Plus Bike Light Twinpack pu\u00f2 essere montato sulla tua bici o agganciato a vestiti, casco, zaino, ecc. Altrettanto impressionanti come luci per bici anteriori e posteriori, Plus Bike Light Twinpack \u00e8 perfetto sia per i pendolari che per i ciclisti su strada. Questo set di [&hellip;]<\/p>\n","protected":false},"featured_media":93023,"comment_status":"closed","ping_status":"closed","template":"","meta":[],"product_brand":[],"product_cat":[23],"product_tag":[],"class_list":{"0":"post-37230","1":"product","2":"type-product","3":"status-publish","4":"has-post-thumbnail","6":"product_cat-accessori-vari","7":"product_shipping_class-accessori","9":"first","10":"instock","11":"shipping-taxable","12":"purchasable","13":"product-type-simple"},"gallery_images":[93024,93025,93026,93028,93027,93029],"meta_box":{"short_name":"","marketing_name":"","motore_for_biciclette":[],"biciclette_id":"","consegna":"","configurator":[],"single_page_group":[],"catalog_group":[]},"_links":{"self":[{"href":"https:\/\/donnobikes.com\/de\/wp-json\/wp\/v2\/product\/37230","targetHints":{"allow":["GET"]}}],"collection":[{"href":"https:\/\/donnobikes.com\/de\/wp-json\/wp\/v2\/product"}],"about":[{"href":"https:\/\/donnobikes.com\/de\/wp-json\/wp\/v2\/types\/product"}],"replies":[{"embeddable":true,"href":"https:\/\/donnobikes.com\/de\/wp-json\/wp\/v2\/comments?post=37230"}],"wp:featuredmedia":[{"embeddable":true,"href":"https:\/\/donnobikes.com\/de\/wp-json\/wp\/v2\/media\/93023"}],"wp:attachment":[{"href":"https:\/\/donnobikes.com\/de\/wp-json\/wp\/v2\/media?parent=37230"}],"wp:term":[{"taxonomy":"product_brand","embeddable":true,"href":"https:\/\/donnobikes.com\/de\/wp-json\/wp\/v2\/product_brand?post=37230"},{"taxonomy":"product_cat","embeddable":true,"href":"https:\/\/donnobikes.com\/de\/wp-json\/wp\/v2\/product_cat?post=37230"},{"taxonomy":"product_tag","embeddable":true,"href":"https:\/\/donnobikes.com\/de\/wp-json\/wp\/v2\/product_tag?post=37230"}],"curies":[{"name":"wp","href":"https:\/\/api.w.org\/{rel}","templated":true}]}}