{"id":38584,"date":"2021-09-16T10:31:46","date_gmt":"2021-09-16T08:31:46","guid":{"rendered":"https:\/\/donnobikes.com\/?post_type=product&#038;p=38584"},"modified":"2024-03-06T13:00:06","modified_gmt":"2024-03-06T12:00:06","slug":"anrichten-yuba-wurziges-curry","status":"publish","type":"product","link":"https:\/\/donnobikes.com\/de\/produkt\/anrichten-yuba-wurziges-curry\/","title":{"rendered":"Yuba W\u00fcrziges Curry Anrichten"},"content":{"rendered":"<h3>Kompatibel mit allen Spicy Curry Modellen<\/h3>\n<p>Die Yuba Spicy Curry Seitenbretter sind ein Paar Seitenbretter, die sich perfekt f\u00fcr den Transport von G\u00fctern und Passagieren auf dem R\u00fccken der Yuba Spicy Curry Cargo Bikes eignen. Sie bieten eine sanfte Fahrt, egal wen oder was Sie transportieren, und sorgen f\u00fcr den Komfort Ihrer Passagiere. Sie dienen auch als Seitenschienen f\u00fcr die separat erh\u00e4ltliche Carry On Spicy Curry-Lastenradverl\u00e4ngerung.<\/p>\n<p>Die Seitengitter sind aus 5-lagigem Bambus gefertigt, einem witterungsbest\u00e4ndigen und nachhaltigen Material. Der Anbau von Bambus ist schnell und verbraucht wenig Wasser. Alle unsere Bambusprodukte entsprechen den REACH-Richtlinien, die vor gef\u00e4hrlichen und giftigen Chemikalien sch\u00fctzen. F\u00fcr Bambusprodukte gilt eine einj\u00e4hrige beschr\u00e4nkte Garantie auf die strukturelle Integrit\u00e4t.<\/p>","protected":false},"excerpt":{"rendered":"<p>Compatibile con tutti i modelli Spicy Curry Sideboards Yuba Spicy Curry sono una coppia di sponde laterali perfette per trasportare merci e passeggeri sul retro delle cargo bike Spicy Curry di Yuba. Offrono una guida fluida, chiunque o qualunque cosa tu stia trasportando, e garantiscono il comfort dei tuoi passeggeri. Servono inoltre come sponde laterali [&hellip;]<\/p>\n","protected":false},"featured_media":91203,"comment_status":"closed","ping_status":"closed","template":"","meta":[],"product_brand":[],"product_cat":[16,21],"product_tag":[],"class_list":{"0":"post-38584","1":"product","2":"type-product","3":"status-publish","4":"has-post-thumbnail","6":"product_cat-yuba-accessori","7":"product_cat-yuba","8":"product_shipping_class-accessori","10":"first","11":"instock","12":"shipping-taxable","13":"purchasable","14":"product-type-simple"},"gallery_images":[91205,91204,91207,91206],"meta_box":{"short_name":"Sponde laterali Sideboards Spicy","marketing_name":"","motore_for_biciclette":[],"biciclette_id":"","consegna":"","configurator":[],"single_page_group":[],"catalog_group":[]},"_links":{"self":[{"href":"https:\/\/donnobikes.com\/de\/wp-json\/wp\/v2\/product\/38584","targetHints":{"allow":["GET"]}}],"collection":[{"href":"https:\/\/donnobikes.com\/de\/wp-json\/wp\/v2\/product"}],"about":[{"href":"https:\/\/donnobikes.com\/de\/wp-json\/wp\/v2\/types\/product"}],"replies":[{"embeddable":true,"href":"https:\/\/donnobikes.com\/de\/wp-json\/wp\/v2\/comments?post=38584"}],"wp:featuredmedia":[{"embeddable":true,"href":"https:\/\/donnobikes.com\/de\/wp-json\/wp\/v2\/media\/91203"}],"wp:attachment":[{"href":"https:\/\/donnobikes.com\/de\/wp-json\/wp\/v2\/media?parent=38584"}],"wp:term":[{"taxonomy":"product_brand","embeddable":true,"href":"https:\/\/donnobikes.com\/de\/wp-json\/wp\/v2\/product_brand?post=38584"},{"taxonomy":"product_cat","embeddable":true,"href":"https:\/\/donnobikes.com\/de\/wp-json\/wp\/v2\/product_cat?post=38584"},{"taxonomy":"product_tag","embeddable":true,"href":"https:\/\/donnobikes.com\/de\/wp-json\/wp\/v2\/product_tag?post=38584"}],"curies":[{"name":"wp","href":"https:\/\/api.w.org\/{rel}","templated":true}]}}