{"id":39054,"date":"2019-10-07T07:28:19","date_gmt":"2019-10-07T05:28:19","guid":{"rendered":"https:\/\/donnobikes.com\/product\/yuba-mundo-lux-3\/"},"modified":"2026-03-16T14:06:12","modified_gmt":"2026-03-16T13:06:12","slug":"yuba-mundo-lux","status":"publish","type":"product","link":"https:\/\/donnobikes.com\/de\/produkt\/yuba-mundo-lux\/","title":{"rendered":"Yuba Mundo Lux"},"content":{"rendered":"<h2>Entworfen wie ein zweir\u00e4driger SUV!<\/h2>\n<p>Das Yuba Mundo Lux ist das gr\u00f6\u00dfte und st\u00e4rkste Longtail-Lastenrad von Yuba, das unschlagbare Originalmodell und ein Kundenliebling.<\/p>\n<p><strong>F\u00fcr die Familie konzipiert.<\/strong> Wenn man Kinder hat, muss man viele Dinge transportieren, vor allem wenn man unterwegs ist. Kein Wunder, dass viele Eltern denken, sie m\u00fcssten einen SUV kaufen. Yuba hat eine Alternative zur Umweltverschmutzung entwickelt, ein Zweirad, das nachhaltig ist und sich angenehm fahren l\u00e4sst. Der Yuba Mundo Lux ist in puncto Technik, Ladekapazit\u00e4t und Sitzpl\u00e4tze perfekt auf die Bed\u00fcrfnisse einer vierk\u00f6pfigen Familie abgestimmt. Er bietet genug Platz f\u00fcr zwei Kinder und zwei Erwachsene, kann riesige Satteltaschen transportieren und Ihre Kinder k\u00f6nnen die Fahrt auf eine ganz andere Art und Weise genie\u00dfen, als hinter den Scheiben eines Autos.<\/p>\n<p><strong>Fracht in jeder Hinsicht.<\/strong> Es hat alle positiven Eigenschaften, die ein Lastenrad haben muss, nur ist es stabiler, leichter zu fahren und robuster. Es ist im Vergleich zu einem Longtail relativ lang und bietet mit seinen 97 Zentimetern Gep\u00e4cktr\u00e4ger eine unglaubliche Anzahl von M\u00f6glichkeiten: Zwei Kinder vom Kindergarten abholen, den Wocheneinkauf auf dem Gep\u00e4cktr\u00e4ger? Mama, Papa und Baby zu Fu\u00df auf einem Rad? Daf\u00fcr braucht man kein sperriges Familienauto. Egal, wof\u00fcr Sie das Lastenrad nutzen, das Yuba Mundo Lux wird Ihr Leben ver\u00e4ndern!<\/p>\n<p>&nbsp;<\/p>","protected":false},"excerpt":{"rendered":"<p>Muskulatur<\/p>","protected":false},"featured_media":93362,"comment_status":"open","ping_status":"closed","template":"","meta":[],"product_brand":[],"product_cat":[621,622,623,33,592,624,594,21],"product_tag":[65],"class_list":{"0":"post-39054","1":"product","2":"type-product","3":"status-publish","4":"has-post-thumbnail","6":"product_cat-bici-da-carico","7":"product_cat-bici-da-trasporto","8":"product_cat-bici-per-trasporto-bambini","9":"product_cat-biciclette","10":"product_cat-biciclette-muscolari","11":"product_cat-cargo-bike","12":"product_cat-catalogo","13":"product_cat-yuba","14":"product_tag-muscolare","15":"product_shipping_class-bicicletta","17":"first","18":"custom-in-arrivo","19":"shipping-taxable","20":"purchasable","21":"product-type-simple"},"gallery_images":[93361,93360],"meta_box":{"short_name":"","marketing_name":"YUBA MUNDO LUX","motore_for_biciclette":[],"biciclette_id":"93693","consegna":"","configurator":[],"single_page_group":{"video_group":[{"link_video":"https:\/\/www.youtube.com\/watch?v=fFoG4UaLBlg","title":"Das gr\u00f6\u00dfte Muscle Cargo Bike fahren","preheader":"Scopri la manovrabilit\u00e0 e la facilit\u00e0 di guida","preview":"93617"},{"link_video":"https:\/\/www.youtube.com\/watch?v=maPyg0FaVeg","title":"Wie sollte ein Lastenfahrrad \"klingen\"?","preheader":"Scopri la colonna sonora dei componenti di Mundo Lux!","preview":"93616"},{"link_video":"https:\/\/www.youtube.com\/watch?v=Wwl_eLSkIZA","title":"Aus unserem Workshop","preheader":"Segui il tutorial step by step per montare la cargo bike","preview":"93615"}],"galleria_fotografica":{"image":["91743","91744","91745","91746","91747","91748"],"galleria_banner":["91749","91750","91751","91752"]},"versatilita":{"title":"YUBA MUNDO LUX. NEUE GENERATION U-TILITY-BIKE.","desc":"Yuba Mundo Lux combina versatilit\u00e0 a prestazioni di carico eccezionali. La robustezza e la capacit\u00e0 di trasporto rendono questa full cargo bike uno straordinario sostituto dell'auto per le famiglie. Sebbene pi\u00f9 lunga di una normale bicicletta, \u00e8 divertente e facile da guidare. La sua ampia gamma di accessori la rende perfettamente equipaggiata per la vita familiare in qualunque situazione quotidiana.","versatilita_group":[{"image":"93189","desc":"Senza accessori sembra una bicicletta pi\u00f9 lunga del normale ma sono la facilit\u00e0 di guida e l'incredibile capacit\u00e0 di carico che la rendono unica."},{"image":"93190","desc":"Portapacchi da 97cm a cui agganciare grandi borse laterali e una borsa spesa nel cesto anteriore ne fanno una perfetta sostituta dell'automobile."},{"image":"93197","desc":"Compatible con Yepp, Qibbel e la maggior parte dei seggiolini disponibili sul mercato. La cargo bike \u00e8 progettata per portare due bambini in sicurezza."},{"image":"93194","desc":"Porta un bambino su un seggiolino e un secondo pi\u00f9 grande sul retro. Le aste di sicurezza sono facoltative ma assolutamente raccomandate."},{"image":"93192","desc":"Porta in sicurezza due bambini pi\u00f9 grandi. Le barre delle aste di sicurezza sono disegnate per sostenere, proteggere e far divertire i tuoi figli."},{"image":"93193","desc":"Trasporta uno o due passeggeri adulti. Le sponde laterali e le maniglie tra cui scegliere garantiscono comfort e appiglio sicuro durante la corsa."},{"image":"93195","desc":"Usa la cargo bike in qualunque condizione atmosferica, proteggendo il tuo carico. I tuoi passeggeri avranno sempre una vista panoramica."},{"image":"93196","desc":"Trasporta valigie fissandole con cinghie, fissa grandi borse laterali al portapacchi, e abbina una borsa a tracolla nel cesto. Fino a 250kg incluso il ciclista."},{"image":"89498"}]},"edition":"0"},"catalog_group":{"quote":"1 COLORE","text":"Lascia le chiavi dell\u2019auto a casa e sali su un minivan a due ruote! La cargo bike intramontabile.","vuoi":"La cargo bike pi\u00f9 capiente, dotata di un telaio comodo e affidabile per lunghe pedalate in citt\u00e0 e non solo. Il modello pi\u00f9 classico, pensato come un SUV per la famiglia, utile per tenersi in forma, un vero best seller che ha conquistato il mondo!"}},"_links":{"self":[{"href":"https:\/\/donnobikes.com\/de\/wp-json\/wp\/v2\/product\/39054","targetHints":{"allow":["GET"]}}],"collection":[{"href":"https:\/\/donnobikes.com\/de\/wp-json\/wp\/v2\/product"}],"about":[{"href":"https:\/\/donnobikes.com\/de\/wp-json\/wp\/v2\/types\/product"}],"replies":[{"embeddable":true,"href":"https:\/\/donnobikes.com\/de\/wp-json\/wp\/v2\/comments?post=39054"}],"wp:featuredmedia":[{"embeddable":true,"href":"https:\/\/donnobikes.com\/de\/wp-json\/wp\/v2\/media\/93362"}],"wp:attachment":[{"href":"https:\/\/donnobikes.com\/de\/wp-json\/wp\/v2\/media?parent=39054"}],"wp:term":[{"taxonomy":"product_brand","embeddable":true,"href":"https:\/\/donnobikes.com\/de\/wp-json\/wp\/v2\/product_brand?post=39054"},{"taxonomy":"product_cat","embeddable":true,"href":"https:\/\/donnobikes.com\/de\/wp-json\/wp\/v2\/product_cat?post=39054"},{"taxonomy":"product_tag","embeddable":true,"href":"https:\/\/donnobikes.com\/de\/wp-json\/wp\/v2\/product_tag?post=39054"}],"curies":[{"name":"wp","href":"https:\/\/api.w.org\/{rel}","templated":true}]}}