{"id":4736,"date":"2020-02-02T11:32:29","date_gmt":"2020-02-02T10:32:29","guid":{"rendered":"https:\/\/donnobikes.com\/product\/borsa-al-portapacchi-per-bici-yuba-2\/"},"modified":"2026-02-09T10:07:35","modified_gmt":"2026-02-09T09:07:35","slug":"baguette-tasche-yuba","status":"publish","type":"product","link":"https:\/\/donnobikes.com\/de\/produkt\/baguette-tasche-yuba\/","title":{"rendered":"Yuba Baguette-Tasche"},"content":{"rendered":"<h3>Kompatibel mit allen Kombi und Mundo Modellen<\/h3>\n<p>Die Yuba Baguette Bag ist leicht, strapazierf\u00e4hig, stilvoll und einfach zu bedienen! Die Tasche ist verstellbar und wasserdicht dank ihres Roll-up-to-close-Systems und ihrer Au\u00dfenschicht aus 1000D-Nylon. Die Rei\u00dfverschl\u00fcsse, Clips und strapazierf\u00e4higen Materialien machen diese Tasche zum perfekten Begleiter f\u00fcr alle Gelegenheiten, unabh\u00e4ngig vom Wetter.<\/p>\n<p>Mit einem Fassungsverm\u00f6gen von 30 Litern bietet die Yuba Baguette Bag den n\u00f6tigen Platz f\u00fcr allt\u00e4gliche Aktivit\u00e4ten! Sie m\u00fcssen in ein Gesch\u00e4ft? Befestigen Sie einfach den Schultergurt und heben Sie ihn an, damit sich diese Fahrradtasche in eine klassische Umh\u00e4ngetasche verwandeln kann.<\/p>","protected":false},"excerpt":{"rendered":"<p>Compatibile con tutti i modelli Kombi e Mundo La Borsa Baguette Yuba \u00e8 leggera, resistente, elegante e facile da usare! La borsa \u00e8 regolabile e impermeabile grazie al suo sistema roll-up-to-close e al suo strato esterno in nylon 1000D. Le sue cerniere, le clip e i materiali durevoli rendono questa borsa la compagna perfetta per [&hellip;]<\/p>\n","protected":false},"featured_media":91132,"comment_status":"closed","ping_status":"closed","template":"","meta":[],"product_brand":[],"product_cat":[16,639,21,651],"product_tag":[88],"class_list":{"0":"post-4736","1":"product","2":"type-product","3":"status-publish","4":"has-post-thumbnail","6":"product_cat-yuba-accessori","7":"product_cat-seduta-e-carico-posteriore-2","8":"product_cat-yuba","9":"product_cat-yuba-kombi-db-seduta-e-carico-posteriore-2","10":"product_tag-borsa","11":"product_shipping_class-accessori","13":"first","14":"instock","15":"shipping-taxable","16":"purchasable","17":"product-type-simple"},"gallery_images":[91133,91134,91135,91137,91136,91138,91139],"meta_box":{"short_name":"Borsa Baguette","marketing_name":"","motore_for_biciclette":[],"biciclette_id":"","consegna":"","configurator":[],"single_page_group":[],"catalog_group":[]},"_links":{"self":[{"href":"https:\/\/donnobikes.com\/de\/wp-json\/wp\/v2\/product\/4736","targetHints":{"allow":["GET"]}}],"collection":[{"href":"https:\/\/donnobikes.com\/de\/wp-json\/wp\/v2\/product"}],"about":[{"href":"https:\/\/donnobikes.com\/de\/wp-json\/wp\/v2\/types\/product"}],"replies":[{"embeddable":true,"href":"https:\/\/donnobikes.com\/de\/wp-json\/wp\/v2\/comments?post=4736"}],"wp:featuredmedia":[{"embeddable":true,"href":"https:\/\/donnobikes.com\/de\/wp-json\/wp\/v2\/media\/91132"}],"wp:attachment":[{"href":"https:\/\/donnobikes.com\/de\/wp-json\/wp\/v2\/media?parent=4736"}],"wp:term":[{"taxonomy":"product_brand","embeddable":true,"href":"https:\/\/donnobikes.com\/de\/wp-json\/wp\/v2\/product_brand?post=4736"},{"taxonomy":"product_cat","embeddable":true,"href":"https:\/\/donnobikes.com\/de\/wp-json\/wp\/v2\/product_cat?post=4736"},{"taxonomy":"product_tag","embeddable":true,"href":"https:\/\/donnobikes.com\/de\/wp-json\/wp\/v2\/product_tag?post=4736"}],"curies":[{"name":"wp","href":"https:\/\/api.w.org\/{rel}","templated":true}]}}