{"id":4747,"date":"2020-02-02T11:44:07","date_gmt":"2020-02-02T10:44:07","guid":{"rendered":"https:\/\/donnobikes.com\/?post_type=product&#038;p=4747"},"modified":"2026-02-09T10:07:14","modified_gmt":"2026-02-09T09:07:14","slug":"yuba-ring","status":"publish","type":"product","link":"https:\/\/donnobikes.com\/de\/produkt\/yuba-ring\/","title":{"rendered":"Yuba Ring Handle"},"content":{"rendered":"<h3>Kompatibel mit allen Modellen Kombi, Mundo, Spicy Curry, Fastrack<\/h3>\n<p>Ring Yuba ist ein eleganter Aluminium-Passagiergriff, der an verschiedenen Stellen des Gep\u00e4cktr\u00e4gers von Yuba-Lastenr\u00e4dern angebracht werden kann. Er eignet sich sowohl f\u00fcr Erwachsene als auch f\u00fcr Kinder. Er wird f\u00fcr die Verwendung mit Passagieren ab 4 Jahren empfohlen. Er kann in zwei Richtungen montiert werden und erm\u00f6glicht es Ihnen zu w\u00e4hlen, wo Ihre Passagiere sicher reisen!<\/p>\n<p>F\u00fcr die Installation ben\u00f6tigen Sie das Yuba Deck (separat erh\u00e4ltlich), das speziell f\u00fcr Ihr Lastenradmodell geeignet ist. Die Abdeckungen sind f\u00fcr alle Kombi, Mundo, Spicy Curry und Fastrack Modelle erh\u00e4ltlich.<\/p>\n<p>&nbsp;<\/p>\n<p>&nbsp;<\/p>\n<p>&nbsp;<\/p>","protected":false},"excerpt":{"rendered":"<p>Compatibile con tutti i modelli Kombi, Mundo, Spicy Curry, Fastrack Ring Yuba \u00e8 una elegante maniglia in alluminio per passeggeri, che pu\u00f2 essere montata in diversi punti lungo il portapacchi posteriore delle cargo bike Yuba. Ideale sia per adulti che per bambini. Si consiglia l&#8217;utilizzo con passeggeri a partire da 4 anni. Pu\u00f2 essere montata [&hellip;]<\/p>\n","protected":false},"featured_media":91170,"comment_status":"closed","ping_status":"closed","template":"","meta":[],"product_brand":[],"product_cat":[16,639,21,651],"product_tag":[],"class_list":{"0":"post-4747","1":"product","2":"type-product","3":"status-publish","4":"has-post-thumbnail","6":"product_cat-yuba-accessori","7":"product_cat-seduta-e-carico-posteriore-2","8":"product_cat-yuba","9":"product_cat-yuba-kombi-db-seduta-e-carico-posteriore-2","10":"product_shipping_class-accessori","12":"first","13":"instock","14":"shipping-taxable","15":"purchasable","16":"product-type-simple"},"gallery_images":[91171,91172,91175,91174,91173],"meta_box":{"short_name":"Maniglia Ring","marketing_name":"","motore_for_biciclette":[],"biciclette_id":"","consegna":"","configurator":[],"single_page_group":[],"catalog_group":[]},"_links":{"self":[{"href":"https:\/\/donnobikes.com\/de\/wp-json\/wp\/v2\/product\/4747","targetHints":{"allow":["GET"]}}],"collection":[{"href":"https:\/\/donnobikes.com\/de\/wp-json\/wp\/v2\/product"}],"about":[{"href":"https:\/\/donnobikes.com\/de\/wp-json\/wp\/v2\/types\/product"}],"replies":[{"embeddable":true,"href":"https:\/\/donnobikes.com\/de\/wp-json\/wp\/v2\/comments?post=4747"}],"wp:featuredmedia":[{"embeddable":true,"href":"https:\/\/donnobikes.com\/de\/wp-json\/wp\/v2\/media\/91170"}],"wp:attachment":[{"href":"https:\/\/donnobikes.com\/de\/wp-json\/wp\/v2\/media?parent=4747"}],"wp:term":[{"taxonomy":"product_brand","embeddable":true,"href":"https:\/\/donnobikes.com\/de\/wp-json\/wp\/v2\/product_brand?post=4747"},{"taxonomy":"product_cat","embeddable":true,"href":"https:\/\/donnobikes.com\/de\/wp-json\/wp\/v2\/product_cat?post=4747"},{"taxonomy":"product_tag","embeddable":true,"href":"https:\/\/donnobikes.com\/de\/wp-json\/wp\/v2\/product_tag?post=4747"}],"curies":[{"name":"wp","href":"https:\/\/api.w.org\/{rel}","templated":true}]}}