{"id":4758,"date":"2020-02-02T11:53:36","date_gmt":"2020-02-02T10:53:36","guid":{"rendered":"https:\/\/donnobikes.com\/?post_type=product&#038;p=4758"},"modified":"2026-02-09T10:07:05","modified_gmt":"2026-02-09T09:07:05","slug":"stiftsperre-yuba","status":"publish","type":"product","link":"https:\/\/donnobikes.com\/de\/produkt\/stiftsperre-yuba\/","title":{"rendered":"Yuba Stiftschloss"},"content":{"rendered":"<h3>Nicht kompatibel mit Spicy Curry All Terrain<\/h3>\n<p>Das Yuba Pin Lock ist ein Sicherheitsschloss. Das Pin Lock ist perfekt in die Yuba-Lastenfahrr\u00e4der integriert, dank der speziellen Halterungen im Rahmen, die es erm\u00f6glichen, es immer bei sich zu haben, ohne Angst haben zu m\u00fcssen, es zu verlieren, und ist diskret, praktisch und einfach zu bedienen. Es verriegelt das Vorderrad am Rahmen und verhindert, dass das Fahrrad vorw\u00e4rts rollt.<\/p>\n<p>Um die Diebstahlsicherung weiter zu verbessern, empfehlen wir die Verwendung zusammen mit dem separat erh\u00e4ltlichen Yuba-Sicherheitskabel Security Cable.<\/p>","protected":false},"excerpt":{"rendered":"<p>Non compatibile con Spicy Curry All Terrain Il Pin Lock Yuba \u00e8 un lucchetto di sicurezza. Perfettamente integrato nelle cargo bike Yuba grazie agli appositi supporti nel telaio che consentono di averlo sempre con s\u00e8 senza timore di smarrirlo, il Pin Lock \u00e8 discreto, pratico e facile da usare. Blocca la ruota anteriore al telaio, [&hellip;]<\/p>\n","protected":false},"featured_media":91109,"comment_status":"closed","ping_status":"closed","template":"","meta":[],"product_brand":[],"product_cat":[16,642,21,652],"product_tag":[],"class_list":{"0":"post-4758","1":"product","2":"type-product","3":"status-publish","4":"has-post-thumbnail","6":"product_cat-yuba-accessori","7":"product_cat-sicurezza-e-protezione-della-bici","8":"product_cat-yuba","9":"product_cat-yuba-kombi-db-sicurezza-e-protezione-della-bici","10":"product_shipping_class-accessori","12":"first","13":"instock","14":"shipping-taxable","15":"purchasable","16":"product-type-simple"},"gallery_images":[91110,91111,91112,91117],"meta_box":{"short_name":"","marketing_name":"","motore_for_biciclette":[],"biciclette_id":"","consegna":"","configurator":[],"single_page_group":[],"catalog_group":[]},"_links":{"self":[{"href":"https:\/\/donnobikes.com\/de\/wp-json\/wp\/v2\/product\/4758","targetHints":{"allow":["GET"]}}],"collection":[{"href":"https:\/\/donnobikes.com\/de\/wp-json\/wp\/v2\/product"}],"about":[{"href":"https:\/\/donnobikes.com\/de\/wp-json\/wp\/v2\/types\/product"}],"replies":[{"embeddable":true,"href":"https:\/\/donnobikes.com\/de\/wp-json\/wp\/v2\/comments?post=4758"}],"wp:featuredmedia":[{"embeddable":true,"href":"https:\/\/donnobikes.com\/de\/wp-json\/wp\/v2\/media\/91109"}],"wp:attachment":[{"href":"https:\/\/donnobikes.com\/de\/wp-json\/wp\/v2\/media?parent=4758"}],"wp:term":[{"taxonomy":"product_brand","embeddable":true,"href":"https:\/\/donnobikes.com\/de\/wp-json\/wp\/v2\/product_brand?post=4758"},{"taxonomy":"product_cat","embeddable":true,"href":"https:\/\/donnobikes.com\/de\/wp-json\/wp\/v2\/product_cat?post=4758"},{"taxonomy":"product_tag","embeddable":true,"href":"https:\/\/donnobikes.com\/de\/wp-json\/wp\/v2\/product_tag?post=4758"}],"curies":[{"name":"wp","href":"https:\/\/api.w.org\/{rel}","templated":true}]}}