{"id":4886,"date":"2020-02-03T00:32:54","date_gmt":"2020-02-02T23:32:54","guid":{"rendered":"https:\/\/donnobikes.com\/product\/kit-portapacchi-anteriore-e-posteriore-per-ahooga-modulare\/"},"modified":"2024-03-06T13:00:04","modified_gmt":"2024-03-06T12:00:04","slug":"ahooga-full-rack-set","status":"publish","type":"product","link":"https:\/\/donnobikes.com\/de\/produkt\/ahooga-full-rack-set\/","title":{"rendered":"Ahooga Komplettes Rack-Set"},"content":{"rendered":"<h3>Kompatibel mit Ahooga Modular<\/h3>\n<p>Das Full Rack Set verwandelt das Modular Citybike in ein Cargo Light E-Bike.<\/p>\n<ul>\n<li>Er besteht aus rostfreiem Aluminium 6061 T6 und l\u00e4sst sich leicht mit Schrauben montieren.<\/li>\n<li>Der robuste Hecktr\u00e4ger misst 58 x 18 cm, wiegt nur 3 kg und kann 50 kg Ladung tragen. Er ist f\u00fcr den sicheren Transport von zwei Kindern und Sitzen mit Kissen oder Sitz ausgelegt.<\/li>\n<li>Der Fronttr\u00e4ger, ideal f\u00fcr Kisten, Pakete und Taschen, ist 34 x 18 cm gro\u00df, wiegt 2 kg und kann bis zu 20 kg tragen.<\/li>\n<li>Sie sind beide mit den meisten auf dem Markt befindlichen Containerk\u00f6rben kompatibel.<\/li>\n<\/ul>\n<p>Eine beeindruckende Ladekapazit\u00e4t f\u00fcr ein E-Bike, das f\u00fcr das Pendeln in der Stadt konzipiert ist.<\/p>\n<p>&nbsp;<\/p>","protected":false},"excerpt":{"rendered":"<p>Compatibile con Ahooga Modular Il set portapacchi Full Rack trasforma la city bike Modular in una e-bike cargo light. Realizzato in alluminio 6061 T6 color canna di fucile, si installa facilmente con viti. Il robusto portapacchi posteriore misura 58 x 18cm, pesa solo 3kg e pu\u00f2 trasportare 50kg di carico. E&#8217; progettato per portare in [&hellip;]<\/p>\n","protected":false},"featured_media":92998,"comment_status":"closed","ping_status":"closed","template":"","meta":[],"product_brand":[],"product_cat":[78,73],"product_tag":[],"class_list":{"0":"post-4886","1":"product","2":"type-product","3":"status-publish","4":"has-post-thumbnail","6":"product_cat-ahooga-accessori","7":"product_cat-ahooga","8":"product_shipping_class-accessori","10":"first","11":"instock","12":"shipping-taxable","13":"purchasable","14":"product-type-simple"},"gallery_images":[92857,92858],"meta_box":{"short_name":"Set Portapacchi Full Rack Modular","marketing_name":"","motore_for_biciclette":[],"biciclette_id":"","consegna":"","configurator":[],"single_page_group":[],"catalog_group":[]},"_links":{"self":[{"href":"https:\/\/donnobikes.com\/de\/wp-json\/wp\/v2\/product\/4886","targetHints":{"allow":["GET"]}}],"collection":[{"href":"https:\/\/donnobikes.com\/de\/wp-json\/wp\/v2\/product"}],"about":[{"href":"https:\/\/donnobikes.com\/de\/wp-json\/wp\/v2\/types\/product"}],"replies":[{"embeddable":true,"href":"https:\/\/donnobikes.com\/de\/wp-json\/wp\/v2\/comments?post=4886"}],"wp:featuredmedia":[{"embeddable":true,"href":"https:\/\/donnobikes.com\/de\/wp-json\/wp\/v2\/media\/92998"}],"wp:attachment":[{"href":"https:\/\/donnobikes.com\/de\/wp-json\/wp\/v2\/media?parent=4886"}],"wp:term":[{"taxonomy":"product_brand","embeddable":true,"href":"https:\/\/donnobikes.com\/de\/wp-json\/wp\/v2\/product_brand?post=4886"},{"taxonomy":"product_cat","embeddable":true,"href":"https:\/\/donnobikes.com\/de\/wp-json\/wp\/v2\/product_cat?post=4886"},{"taxonomy":"product_tag","embeddable":true,"href":"https:\/\/donnobikes.com\/de\/wp-json\/wp\/v2\/product_tag?post=4886"}],"curies":[{"name":"wp","href":"https:\/\/api.w.org\/{rel}","templated":true}]}}