{"id":50876,"date":"2022-02-02T10:44:38","date_gmt":"2022-02-02T09:44:38","guid":{"rendered":"https:\/\/donnobikes.com\/?post_type=product&#038;p=50876"},"modified":"2026-02-09T11:59:05","modified_gmt":"2026-02-09T10:59:05","slug":"abus-iven-anti-diebstahl-kette-8210","status":"publish","type":"product","link":"https:\/\/donnobikes.com\/de\/produkt\/abus-iven-anti-diebstahl-kette-8210\/","title":{"rendered":"Diebstahlsicherungskette 10"},"content":{"rendered":"<h3>Kompatibel mit allen Fahrr\u00e4dern<\/h3>\n<p>Die Anti-Diebstahl-Kette 10 mit ihrer Kombination aus Schloss und Kette ist eine ausgezeichnete Wahl, wenn es um die Sicherung Ihres Fahrrads geht. Die Vielseitigkeit der Kette bietet viele M\u00f6glichkeiten, das Fahrrad an festen Gegenst\u00e4nden zu sichern. Ein auf diese Weise gesichertes Fahrrad kann nicht einfach abgeholt und weggebracht werden.<\/p>\n<ul>\n<li>Hergestellt aus speziellem Einsatzstahl.<\/li>\n<li>L\u00e4nge 85 cm.<\/li>\n<li>Sie hat eine mit Stoff \u00fcberzogene Kette mit 8 mm Sechskantprofil.<\/li>\n<li>Der robuste und flexible Bezug aus synthetischem Gewebe verhindert in Verbindung mit der weichen Auskleidung des Schlie\u00dfk\u00f6rpers Kratzer und Besch\u00e4digungen des Rahmenlacks.<\/li>\n<li>Wenn er nicht gebraucht wird, kann er kompakt um die Sattelst\u00fctze gefaltet transportiert werden.<\/li>\n<\/ul>","protected":false},"excerpt":{"rendered":"<p>Compatibile con tutte le biciclette La catena antifurto 10, con la sua combinazione di lucchetto e catena \u00e8 una scelta eccellente quando si tratta di garantire la sicurezza della vostra bici. La versatilit\u00e0 della catena offre molti modi di bloccaggio della bicicletta ad oggetti fissi. Una bici fissata in questo modo non pu\u00f2 essere semplicemente [&hellip;]<\/p>\n","protected":false},"featured_media":92982,"comment_status":"closed","ping_status":"closed","template":"","meta":[],"product_brand":[],"product_cat":[23,643,644,642,654,652],"product_tag":[],"class_list":{"0":"post-50876","1":"product","2":"type-product","3":"status-publish","4":"has-post-thumbnail","6":"product_cat-accessori-vari","7":"product_cat-inbicy-flashswitch-sicurezza-e-protezione-della-bici","8":"product_cat-inbicy-supernova-sicurezza-e-protezione-della-bici","9":"product_cat-sicurezza-e-protezione-della-bici","10":"product_cat-taga-family-sicurezza-e-protezione-della-bici","11":"product_cat-yuba-kombi-db-sicurezza-e-protezione-della-bici","12":"product_shipping_class-accessori","14":"first","15":"instock","16":"shipping-taxable","17":"purchasable","18":"product-type-simple"},"gallery_images":[92983,92984],"meta_box":{"short_name":"","marketing_name":"","motore_for_biciclette":[],"biciclette_id":"","consegna":"","configurator":[],"single_page_group":[],"catalog_group":[]},"_links":{"self":[{"href":"https:\/\/donnobikes.com\/de\/wp-json\/wp\/v2\/product\/50876","targetHints":{"allow":["GET"]}}],"collection":[{"href":"https:\/\/donnobikes.com\/de\/wp-json\/wp\/v2\/product"}],"about":[{"href":"https:\/\/donnobikes.com\/de\/wp-json\/wp\/v2\/types\/product"}],"replies":[{"embeddable":true,"href":"https:\/\/donnobikes.com\/de\/wp-json\/wp\/v2\/comments?post=50876"}],"wp:featuredmedia":[{"embeddable":true,"href":"https:\/\/donnobikes.com\/de\/wp-json\/wp\/v2\/media\/92982"}],"wp:attachment":[{"href":"https:\/\/donnobikes.com\/de\/wp-json\/wp\/v2\/media?parent=50876"}],"wp:term":[{"taxonomy":"product_brand","embeddable":true,"href":"https:\/\/donnobikes.com\/de\/wp-json\/wp\/v2\/product_brand?post=50876"},{"taxonomy":"product_cat","embeddable":true,"href":"https:\/\/donnobikes.com\/de\/wp-json\/wp\/v2\/product_cat?post=50876"},{"taxonomy":"product_tag","embeddable":true,"href":"https:\/\/donnobikes.com\/de\/wp-json\/wp\/v2\/product_tag?post=50876"}],"curies":[{"name":"wp","href":"https:\/\/api.w.org\/{rel}","templated":true}]}}