{"id":53917,"date":"2022-04-11T15:34:03","date_gmt":"2022-04-11T13:34:03","guid":{"rendered":"https:\/\/donnobikes.com\/?post_type=product&#038;p=53917"},"modified":"2025-02-27T16:44:13","modified_gmt":"2025-02-27T15:44:13","slug":"ahooga-urban","status":"publish","type":"product","link":"https:\/\/donnobikes.com\/de\/produkt\/ahooga-urban\/","title":{"rendered":"Ahooga Urban"},"content":{"rendered":"<h3><span style=\"font-size: 18.72px;\">Leistungsstarkes, einfaches und platzsparendes E-Bike f\u00fcr die Stadt!<\/span><\/h3>\n<p><span style=\"font-size: 16px;\">Das Ahooga Urban ist die Essenz eines elektrischen Citybikes, das f\u00fcr urbane Strecken konzipiert wurde. T\u00e4gliche Fahrten zur Arbeit, eine lustige Fahrt mit Freunden oder zum Einkaufen. Ein ultraleichtes und designorientiertes E-Bike. Ohne Gangschaltung, damit Sie nicht nachdenken m\u00fcssen und einfach die Fahrt genie\u00dfen k\u00f6nnen. Mit einem leistungsstarken Motor und einem langlebigen Akku, den Sie zum Aufladen \u00fcberallhin mitnehmen k\u00f6nnen. Reaktionsschnell und mit der Sicherheit von hydraulischen Bremsen. Geringer Getriebeverschlei\u00df und niedrige Wartungskosten. <\/span><\/p>\n<p><span style=\"font-size: 16px;\"><strong>Mehr als elektrisch, hybrid! <\/strong><\/span><span style=\"font-size: 16px;\">Ein sanfter und weicher Pedaltritt, der zum Hybridfahren einl\u00e4dt und die Lebensdauer der Batterie verl\u00e4ngert. Denn das Urban ist f\u00fcr ein einzigartiges Fahrerlebnis auch ohne elektrische Unterst\u00fctzung konzipiert. Sie entscheiden selbst, aus welcher Energiequelle Sie sch\u00f6pfen, aus Ihrer oder der des Motors. <\/span><\/p>\n<p><strong>Sparen Sie Platz mit Twistlock. <\/strong>Ein E-Bike, das f\u00fcr die Stadt entwickelt wurde, wo der Platz knapp ist. Das Twistlock-System des Lenkers erm\u00f6glicht es Ihnen, ihn um 90 Grad zu drehen und so die Abstellfl\u00e4che des 60% zu verringern. Sie k\u00f6nnen es praktisch \u00fcberall abstellen: im Flur Ihrer Wohnung, im B\u00fcro oder in der Garage.<\/p>","protected":false},"excerpt":{"rendered":"<p>Aikema 250W Motor - Akku 400W\/h - Kettenantrieb<\/p>","protected":false},"featured_media":93271,"comment_status":"open","ping_status":"closed","template":"","meta":[],"product_brand":[],"product_cat":[73,33,594,526],"product_tag":[69,36],"class_list":{"0":"post-53917","1":"product","2":"type-product","3":"status-publish","4":"has-post-thumbnail","6":"product_cat-ahooga","7":"product_cat-biciclette","8":"product_cat-catalogo","9":"product_cat-city-bike","10":"product_tag-city-bike","11":"product_tag-e-bike","12":"product_shipping_class-bicicletta","13":"pa_trasmissione-catena","14":"pa_trasmissione-cinghia","16":"first","17":"instock","18":"shipping-taxable","19":"purchasable","20":"product-type-variable","21":"has-default-attributes"},"gallery_images":[93269,93270],"meta_box":{"short_name":"","marketing_name":"AHOOGA URBAN","motore_for_biciclette":["92521"],"biciclette_id":"92519","consegna":"","configurator":[],"single_page_group":{"video_group":[{"link_video":"https:\/\/www.youtube.com\/watch?v=u-JzExcJNFY","title":"Einfacher Gang, leistungsstark und leicht","preheader":"Unisex e concepita per gli spazi urbani","preview":"93637"},{"link_video":"https:\/\/www.youtube.com\/watch?v=sHZzF8Al9sY","title":"Alles, was Sie in einem E-Bike brauchen!","preheader":"Ideale per grandi citt\u00e0 ma non solo","preview":"93638"},{"link_video":"https:\/\/www.youtube.com\/watch?v=WLI5RM-ed9c","title":"Details zum Stil","preheader":"Panoramica live del design","preview":"93636"}],"galleria_fotografica":{"image":["92505","92506","92507","92508","92512","92510","92511","92509","92513"],"galleria_banner":["92514","93276","92515"]},"fotogallery_sync":"89769"},"catalog_group":{"quote":"1 COLORE \/ 4 VARIANTI","text":"Tutto ci\u00f2 di cui hai bisogno in una e-bike per un\u2019esperienza di guida unica in citt\u00e0 e non solo!","vuoi":"Una potente city bike elettrica, elegante e confortevole. La semplicit\u00e0 di una singola velocit\u00e0 con cui ti puoi concentrare sulla strada anzich\u00e9 sulla marcia giusta. Una bicicletta leggera che grazie al peso ridotto puoi pedalare senza sforzo anche senza assistenza elettrica!"}},"_links":{"self":[{"href":"https:\/\/donnobikes.com\/de\/wp-json\/wp\/v2\/product\/53917","targetHints":{"allow":["GET"]}}],"collection":[{"href":"https:\/\/donnobikes.com\/de\/wp-json\/wp\/v2\/product"}],"about":[{"href":"https:\/\/donnobikes.com\/de\/wp-json\/wp\/v2\/types\/product"}],"replies":[{"embeddable":true,"href":"https:\/\/donnobikes.com\/de\/wp-json\/wp\/v2\/comments?post=53917"}],"wp:featuredmedia":[{"embeddable":true,"href":"https:\/\/donnobikes.com\/de\/wp-json\/wp\/v2\/media\/93271"}],"wp:attachment":[{"href":"https:\/\/donnobikes.com\/de\/wp-json\/wp\/v2\/media?parent=53917"}],"wp:term":[{"taxonomy":"product_brand","embeddable":true,"href":"https:\/\/donnobikes.com\/de\/wp-json\/wp\/v2\/product_brand?post=53917"},{"taxonomy":"product_cat","embeddable":true,"href":"https:\/\/donnobikes.com\/de\/wp-json\/wp\/v2\/product_cat?post=53917"},{"taxonomy":"product_tag","embeddable":true,"href":"https:\/\/donnobikes.com\/de\/wp-json\/wp\/v2\/product_tag?post=53917"}],"curies":[{"name":"wp","href":"https:\/\/api.w.org\/{rel}","templated":true}]}}