{"id":56149,"date":"2022-05-31T15:33:57","date_gmt":"2022-05-31T13:33:57","guid":{"rendered":"https:\/\/donnobikes.com\/?post_type=product&#038;p=56149"},"modified":"2026-02-07T16:06:46","modified_gmt":"2026-02-07T15:06:46","slug":"inbicy-gepacktrager-2-sitze","status":"publish","type":"product","link":"https:\/\/donnobikes.com\/de\/produkt\/inbicy-gepacktrager-2-sitze\/","title":{"rendered":"InBicy Rear Rack 2 Sitze"},"content":{"rendered":"<h3>Kompatibel mit allen iO InBicy-Modellen<\/h3>\n<p>Der InBicy Rear Rack 2 Seats wurde f\u00fcr geringes Gewicht und gro\u00dfe Ladekapazit\u00e4t entwickelt. Ideal f\u00fcr den Transport von zwei Personen.<\/p>\n<ul>\n<li>Abmessungen 70 x 16 x 26 cm.<\/li>\n<li>Gewicht 3,1 kg.<\/li>\n<li>Maximale Tragf\u00e4higkeit 90 kg<\/li>\n<li>Hergestellt aus 16-mm-Aluminiumrohren.<\/li>\n<li>Kompatibel mit den meisten auf dem Markt erh\u00e4ltlichen Sitzen und Polstern.<\/li>\n<li>Wenn keine Last vorhanden ist, \u00fcbt ein Magnetsystem einen konstanten Druck aus, um Reibungsger\u00e4usche zwischen der Zahnstange und dem Rahmen zu vermeiden.<\/li>\n<li>Dank der einzigartigen, patentierten Flash-Switch\u00ae-Technologie l\u00e4sst er sich in Sekundenschnelle und ohne den Einsatz von Werkzeug an- und ablegen.<\/li>\n<\/ul>\n<p>Sie k\u00f6nnen die Ausr\u00fcstung Ihres iO InBicy mehrmals am Tag wechseln, ohne Zeit zu verlieren. Vielseitigkeit, die das Leben leichter macht!<\/p>","protected":false},"excerpt":{"rendered":"<p>Compatibile con tutti i modelli iO InBicy Il portapacchi Rear Rack 2 Seats InBicy \u00e8 stato progettato per garantire leggerezza ma grande capacit\u00e0 di carico. Ideale per il trasporto di due passeggeri. Dimensioni 70 x 16 x 26 cm. Peso 3.1 kg. Portata massima 90 kg Realizzato con tubi di alluminio da 16 mm. Compatibile [&hellip;]<\/p>\n","protected":false},"featured_media":90920,"comment_status":"closed","ping_status":"closed","template":"","meta":[],"product_brand":[],"product_cat":[140,136,641,639],"product_tag":[],"class_list":{"0":"post-56149","1":"product","2":"type-product","3":"status-publish","4":"has-post-thumbnail","6":"product_cat-inbicy-accessori","7":"product_cat-inbicy","8":"product_cat-inbicy-flashswitch-seduta-e-carico-posteriore-2","9":"product_cat-seduta-e-carico-posteriore-2","10":"product_shipping_class-accessori","12":"first","13":"instock","14":"shipping-taxable","15":"purchasable","16":"product-type-simple"},"gallery_images":[90919,90924,90921,90922,90930],"meta_box":{"short_name":"Portapacchi Rear Rack 2 Seats","marketing_name":"","motore_for_biciclette":[],"biciclette_id":"","consegna":"","configurator":[],"single_page_group":[],"catalog_group":[]},"_links":{"self":[{"href":"https:\/\/donnobikes.com\/de\/wp-json\/wp\/v2\/product\/56149","targetHints":{"allow":["GET"]}}],"collection":[{"href":"https:\/\/donnobikes.com\/de\/wp-json\/wp\/v2\/product"}],"about":[{"href":"https:\/\/donnobikes.com\/de\/wp-json\/wp\/v2\/types\/product"}],"replies":[{"embeddable":true,"href":"https:\/\/donnobikes.com\/de\/wp-json\/wp\/v2\/comments?post=56149"}],"wp:featuredmedia":[{"embeddable":true,"href":"https:\/\/donnobikes.com\/de\/wp-json\/wp\/v2\/media\/90920"}],"wp:attachment":[{"href":"https:\/\/donnobikes.com\/de\/wp-json\/wp\/v2\/media?parent=56149"}],"wp:term":[{"taxonomy":"product_brand","embeddable":true,"href":"https:\/\/donnobikes.com\/de\/wp-json\/wp\/v2\/product_brand?post=56149"},{"taxonomy":"product_cat","embeddable":true,"href":"https:\/\/donnobikes.com\/de\/wp-json\/wp\/v2\/product_cat?post=56149"},{"taxonomy":"product_tag","embeddable":true,"href":"https:\/\/donnobikes.com\/de\/wp-json\/wp\/v2\/product_tag?post=56149"}],"curies":[{"name":"wp","href":"https:\/\/api.w.org\/{rel}","templated":true}]}}