{"id":56151,"date":"2022-05-31T15:34:33","date_gmt":"2022-05-31T13:34:33","guid":{"rendered":"https:\/\/donnobikes.com\/?post_type=product&#038;p=56151"},"modified":"2026-02-07T16:06:35","modified_gmt":"2026-02-07T15:06:35","slug":"inbicy-kinderriegel-2","status":"publish","type":"product","link":"https:\/\/donnobikes.com\/de\/produkt\/inbicy-kinderriegel-2\/","title":{"rendered":"InBicy Kid Riegel"},"content":{"rendered":"<h3>Kompatibel mit allen iO InBicy-Modellen<\/h3>\n<p>InBicy Kid Bars sind ein wichtiges Sicherheitselement f\u00fcr den Transport von Kindern jeden Alters. Sie sind auch ein R\u00fcckhalteelement f\u00fcr den Transport von Lasten verschiedener Art.<\/p>\n<ul>\n<li>Hergestellt aus 25 mm starken 6061er Aluminiumrohren.<\/li>\n<li>Abmessungen 46 x 42 x 25 cm.<\/li>\n<li>Gewicht 2,8 kg.<\/li>\n<li>F\u00fcr die Montage ist der separat erh\u00e4ltliche InBicy Rear Rack 1 Seat erforderlich, an dem sie mit vier 6 mm Schrauben befestigt werden m\u00fcssen.<\/li>\n<li>Im Inneren der Stangen kann je nach Bedarf Zubeh\u00f6r montiert werden: Kindersitze, Kissen, Taschen.<\/li>\n<li>Wenn die Stangen auf dem Gestell montiert sind, brauchen sie nicht demontiert zu werden, um das Gestell auszuh\u00e4ngen und zu entfernen.<\/li>\n<\/ul>\n<p>&nbsp;<\/p>","protected":false},"excerpt":{"rendered":"<p>Compatibili con tutti i modelli iO InBicy Le aste corte Kid Bars InBicy sono\u00a0un elemento di sicurezza importante per il trasporto di bambini di ogni et\u00e0. Sono inoltre un elemento di contenimento per il trasporto di carichi di vario tipo. Realizzate con tubi di alluminio 6061 da 25 mm. Dimensioni 46 x 42 x 25 [&hellip;]<\/p>\n","protected":false},"featured_media":90900,"comment_status":"closed","ping_status":"closed","template":"","meta":[],"product_brand":[],"product_cat":[140,136,641,640,639],"product_tag":[],"class_list":{"0":"post-56151","1":"product","2":"type-product","3":"status-publish","4":"has-post-thumbnail","6":"product_cat-inbicy-accessori","7":"product_cat-inbicy","8":"product_cat-inbicy-flashswitch-seduta-e-carico-posteriore-2","9":"product_cat-inbicy-supernova-seduta-e-carico-posteriore-2","10":"product_cat-seduta-e-carico-posteriore-2","11":"product_shipping_class-accessori","13":"first","14":"instock","15":"shipping-taxable","16":"purchasable","17":"product-type-simple"},"gallery_images":[90899,90904,90902,90901,90903,90905],"meta_box":{"short_name":"Aste Corte Kid Bars","marketing_name":"","motore_for_biciclette":[],"biciclette_id":"","consegna":"","configurator":[],"single_page_group":[],"catalog_group":[]},"_links":{"self":[{"href":"https:\/\/donnobikes.com\/de\/wp-json\/wp\/v2\/product\/56151","targetHints":{"allow":["GET"]}}],"collection":[{"href":"https:\/\/donnobikes.com\/de\/wp-json\/wp\/v2\/product"}],"about":[{"href":"https:\/\/donnobikes.com\/de\/wp-json\/wp\/v2\/types\/product"}],"replies":[{"embeddable":true,"href":"https:\/\/donnobikes.com\/de\/wp-json\/wp\/v2\/comments?post=56151"}],"wp:featuredmedia":[{"embeddable":true,"href":"https:\/\/donnobikes.com\/de\/wp-json\/wp\/v2\/media\/90900"}],"wp:attachment":[{"href":"https:\/\/donnobikes.com\/de\/wp-json\/wp\/v2\/media?parent=56151"}],"wp:term":[{"taxonomy":"product_brand","embeddable":true,"href":"https:\/\/donnobikes.com\/de\/wp-json\/wp\/v2\/product_brand?post=56151"},{"taxonomy":"product_cat","embeddable":true,"href":"https:\/\/donnobikes.com\/de\/wp-json\/wp\/v2\/product_cat?post=56151"},{"taxonomy":"product_tag","embeddable":true,"href":"https:\/\/donnobikes.com\/de\/wp-json\/wp\/v2\/product_tag?post=56151"}],"curies":[{"name":"wp","href":"https:\/\/api.w.org\/{rel}","templated":true}]}}