{"id":56155,"date":"2022-05-31T15:39:01","date_gmt":"2022-05-31T13:39:01","guid":{"rendered":"https:\/\/donnobikes.com\/?post_type=product&#038;p=56155"},"modified":"2026-02-07T16:05:55","modified_gmt":"2026-02-07T15:05:55","slug":"maxi-brotkorb-inbicy","status":"publish","type":"product","link":"https:\/\/donnobikes.com\/de\/produkt\/maxi-brotkorb-inbicy\/","title":{"rendered":"InBicy Maxi-Brotkorb"},"content":{"rendered":"<h3>Kompatibel mit allen iO InBicy-Modellen<\/h3>\n<p>Der Bread Basket von InBicy hat eine gro\u00dfe Tragf\u00e4higkeit. Ideal f\u00fcr den Transport von Taschen, Einkaufstaschen, Rucks\u00e4cken und allen m\u00f6glichen anderen Gegenst\u00e4nden.<\/p>\n<ul>\n<li>Abmessungen 42 x 39,5 x 23 cm.<\/li>\n<li>Gewicht 2,8 kg.<\/li>\n<li>Maximale Tragf\u00e4higkeit 25 kg.<\/li>\n<li>Hergestellt aus 16-mm-Aluminiumrohren.<\/li>\n<li>Ausgestattet mit einer 10 mm dicken Holzplattform.<\/li>\n<li>Dank der einzigartigen, patentierten Flash-Switch\u00ae-Technologie l\u00e4sst er sich durch Drehen des Spannhandrads in Sekundenschnelle und ohne den Einsatz von Werkzeug an- und abmontieren.<\/li>\n<\/ul>\n<p>Mehrmals t\u00e4glich die Ausr\u00fcstung Ihres iO InBicy zu wechseln, ohne Zeit zu verlieren, ist ein Kinderspiel. Vielseitigkeit, die das Leben leichter macht!<\/p>","protected":false},"excerpt":{"rendered":"<p>Kompatibel mit allen iO InBicy-Modellen Der InBicy Bread Basket hat eine gro\u00dfe Ladekapazit\u00e4t. Ideal f\u00fcr den Transport von Taschen, Einkaufstaschen, Rucks\u00e4cken und allen m\u00f6glichen Gegenst\u00e4nden. Abmessungen 42 x 39,5 x 23 cm. Gewicht 2,8 kg. Maximale Tragf\u00e4higkeit 25 kg<\/p>","protected":false},"featured_media":90917,"comment_status":"closed","ping_status":"closed","template":"","meta":[],"product_brand":[],"product_cat":[140,635,136,637,636],"product_tag":[],"class_list":{"0":"post-56155","1":"product","2":"type-product","3":"status-publish","4":"has-post-thumbnail","6":"product_cat-inbicy-accessori","7":"product_cat-carico-anteriore","8":"product_cat-inbicy","9":"product_cat-inbicy-flashswitch","10":"product_cat-inbicy-supernova","11":"product_shipping_class-accessori","13":"first","14":"instock","15":"shipping-taxable","16":"purchasable","17":"product-type-simple"},"gallery_images":[90884,90888,90916,90915,90886,90885,90887],"meta_box":{"short_name":"Maxi Cesto Bread Basket","marketing_name":"","motore_for_biciclette":[],"biciclette_id":"","consegna":"","configurator":[],"single_page_group":[],"catalog_group":[]},"_links":{"self":[{"href":"https:\/\/donnobikes.com\/de\/wp-json\/wp\/v2\/product\/56155","targetHints":{"allow":["GET"]}}],"collection":[{"href":"https:\/\/donnobikes.com\/de\/wp-json\/wp\/v2\/product"}],"about":[{"href":"https:\/\/donnobikes.com\/de\/wp-json\/wp\/v2\/types\/product"}],"replies":[{"embeddable":true,"href":"https:\/\/donnobikes.com\/de\/wp-json\/wp\/v2\/comments?post=56155"}],"wp:featuredmedia":[{"embeddable":true,"href":"https:\/\/donnobikes.com\/de\/wp-json\/wp\/v2\/media\/90917"}],"wp:attachment":[{"href":"https:\/\/donnobikes.com\/de\/wp-json\/wp\/v2\/media?parent=56155"}],"wp:term":[{"taxonomy":"product_brand","embeddable":true,"href":"https:\/\/donnobikes.com\/de\/wp-json\/wp\/v2\/product_brand?post=56155"},{"taxonomy":"product_cat","embeddable":true,"href":"https:\/\/donnobikes.com\/de\/wp-json\/wp\/v2\/product_cat?post=56155"},{"taxonomy":"product_tag","embeddable":true,"href":"https:\/\/donnobikes.com\/de\/wp-json\/wp\/v2\/product_tag?post=56155"}],"curies":[{"name":"wp","href":"https:\/\/api.w.org\/{rel}","templated":true}]}}