{"id":56317,"date":"2022-05-30T15:47:27","date_gmt":"2022-05-30T13:47:27","guid":{"rendered":"https:\/\/donnobikes.com\/?post_type=product&#038;p=56317"},"modified":"2024-03-06T13:00:08","modified_gmt":"2024-03-06T12:00:08","slug":"transporttasche-fur-faltrad","status":"publish","type":"product","link":"https:\/\/donnobikes.com\/de\/produkt\/transporttasche-fur-faltrad\/","title":{"rendered":"Transporttasche f\u00fcr Faltrad"},"content":{"rendered":"<h3>Kompatibel mit allen Ahooga-Faltmaschinen<\/h3>\n<p>Die von lamaki:lab hergestellte Klappradtasche wurde speziell f\u00fcr die f\u00fchrenden Marken von Klappr\u00e4dern mit R\u00e4dern bis zu 20\u2033 entwickelt.<\/p>\n<ul>\n<li>Abmessungen 82 x 32 x 67 cm.<\/li>\n<li>Gewicht 1,3 kg.<\/li>\n<li>Gemacht <span class=\"a-list-item\">Hergestellt aus hochwertigem Nylon, 1680D Oxford-Gewebe.<\/span><\/li>\n<li><span class=\"a-list-item\">Rei\u00dffest.<\/span><\/li>\n<li><span class=\"a-list-item\">Es kann w\u00e4hrend der Fahrt am Lenker befestigt werden, so dass es bei Bedarf zur Verf\u00fcgung steht.<\/span><\/li>\n<li><span class=\"a-list-item\">Mit dem breiten, verst\u00e4rkten Schultergurt l\u00e4sst sich ein Faltrad bequem tragen, so dass Sie die H\u00e4nde frei haben, ohne Ihre Kleidung zu beschmutzen.<\/span><\/li>\n<\/ul>","protected":false},"excerpt":{"rendered":"<p>Compatibile con tutte le pieghevoli Ahooga La borsa da trasporto per bici pieghevole prodotta da lamaki:lab \u00e8 sviluppata appositamente per i principali marchi di pieghevoli con ruote fino a 20&#8243;. Dimensioni 82 x 32 x 67 cm. Peso 1.3 kg. Realizzata in nylon di altissima qualit\u00e0, tessuto Oxford 1680D. Resistente agli strappi. Si pu\u00f2 fissare [&hellip;]<\/p>\n","protected":false},"featured_media":92846,"comment_status":"closed","ping_status":"closed","template":"","meta":[],"product_brand":[],"product_cat":[23],"product_tag":[88],"class_list":{"0":"post-56317","1":"product","2":"type-product","3":"status-publish","4":"has-post-thumbnail","6":"product_cat-accessori-vari","7":"product_tag-borsa","8":"product_shipping_class-accessori","10":"first","11":"instock","12":"shipping-taxable","13":"purchasable","14":"product-type-simple"},"gallery_images":[92847,92848,92849,92850],"meta_box":{"short_name":"Borsa da trasporto bici pieghevole","marketing_name":"","motore_for_biciclette":[],"biciclette_id":"","consegna":"","configurator":[],"single_page_group":[],"catalog_group":[]},"_links":{"self":[{"href":"https:\/\/donnobikes.com\/de\/wp-json\/wp\/v2\/product\/56317","targetHints":{"allow":["GET"]}}],"collection":[{"href":"https:\/\/donnobikes.com\/de\/wp-json\/wp\/v2\/product"}],"about":[{"href":"https:\/\/donnobikes.com\/de\/wp-json\/wp\/v2\/types\/product"}],"replies":[{"embeddable":true,"href":"https:\/\/donnobikes.com\/de\/wp-json\/wp\/v2\/comments?post=56317"}],"wp:featuredmedia":[{"embeddable":true,"href":"https:\/\/donnobikes.com\/de\/wp-json\/wp\/v2\/media\/92846"}],"wp:attachment":[{"href":"https:\/\/donnobikes.com\/de\/wp-json\/wp\/v2\/media?parent=56317"}],"wp:term":[{"taxonomy":"product_brand","embeddable":true,"href":"https:\/\/donnobikes.com\/de\/wp-json\/wp\/v2\/product_brand?post=56317"},{"taxonomy":"product_cat","embeddable":true,"href":"https:\/\/donnobikes.com\/de\/wp-json\/wp\/v2\/product_cat?post=56317"},{"taxonomy":"product_tag","embeddable":true,"href":"https:\/\/donnobikes.com\/de\/wp-json\/wp\/v2\/product_tag?post=56317"}],"curies":[{"name":"wp","href":"https:\/\/api.w.org\/{rel}","templated":true}]}}