{"id":68186,"date":"2022-08-18T12:39:29","date_gmt":"2022-08-18T10:39:29","guid":{"rendered":"https:\/\/donnobikes.com\/?post_type=product&#038;p=68186"},"modified":"2026-03-16T14:09:45","modified_gmt":"2026-03-16T13:09:45","slug":"yuba-mundo-ep8-donno-bikes-mod","status":"publish","type":"product","link":"https:\/\/donnobikes.com\/de\/produkt\/yuba-mundo-ep8-donno-bikes-mod\/","title":{"rendered":"Yuba Mundo EP8 Donno Bikes Mod"},"content":{"rendered":"<h2>Der Cargo-Bike-Minivan mit Turboboost!<\/h2>\n<p>Der Yuba Mundo EP8 ist das Zweirad mit dem meisten Minivan-Charakter. Wenn man Kinder hat, muss man viele Dinge transportieren, vor allem wenn man unterwegs ist. Kein Wunder, dass viele Eltern denken, sie m\u00fcssten einen Minivan kaufen. Yuba hat eine Alternative zur Umweltverschmutzung entwickelt, ein Zweirad, das nachhaltig ist und sich angenehm fahren l\u00e4sst. Der Mundo EP8 bietet genug Platz f\u00fcr zwei Kinder, riesige Satteltaschen und einen starken Motor, um Sie stressfrei ans Ziel zu bringen. Und Ihre Kinder k\u00f6nnen die Fahrt auf eine ganz andere Weise genie\u00dfen als hinter den Scheiben eines Autos.<\/p>\n<p>Sein durchdachtes Design wird Sie \u00fcberzeugen. Es hat alle positiven Eigenschaften, die ein Lastenrad haben sollte, nur ist es solider, leichter zu fahren und robuster. Mit dem Mundo EP8 brauchen Sie kein zweites Auto. Es ist relativ lang im Vergleich zu einem Longtail, aber mit seinen zus\u00e4tzlichen 21 Zentimetern Gep\u00e4cktr\u00e4ger gibt es unglaublich viele M\u00f6glichkeiten: Mit dem Sohn und einem kleinen Freund zum See fahren? Zwei Kinder vom Kindergarten abholen mit dem Wocheneinkauf auf dem Gep\u00e4cktr\u00e4ger? Mama, Papa und Kind auf einem Fahrrad? Daf\u00fcr brauchen Sie kein sperriges Familienauto, sondern nur den Mundo EP8. Machen Sie es zu Ihrem Zweitwagen, Ihrem Firmenwagen, Ihrem Schulbus, Ihrem Einkaufswagen. Egal, wof\u00fcr Sie Ihr Lastenrad verwenden, Mundo wird Ihr Leben ver\u00e4ndern!<\/p>\n<p class=\"textgame\">Das Modell Yuba Mundo Shimano ist die Kr\u00f6nung des <strong>von<\/strong> unser Engagement f\u00fcr das Lastenradfahren, bei dem jedes Fahrrad f\u00fcr die Leistung von <i>Superlast<\/i>Einfacher und sicherer Transport von bis zu 250 kg<\/p>","protected":false},"excerpt":{"rendered":"<p>Shimano STePS EP800 Motor - Farbe Sandstone<\/p>","protected":false},"featured_media":93118,"comment_status":"open","ping_status":"closed","template":"","meta":[],"product_brand":[],"product_cat":[621,622,623,33,624,626,594,524,21],"product_tag":[36],"class_list":{"0":"post-68186","1":"product","2":"type-product","3":"status-publish","4":"has-post-thumbnail","6":"product_cat-bici-da-carico","7":"product_cat-bici-da-trasporto","8":"product_cat-bici-per-trasporto-bambini","9":"product_cat-biciclette","10":"product_cat-cargo-bike","11":"product_cat-cargo-bike-elettrica","12":"product_cat-catalogo","13":"product_cat-full-size-cargo","14":"product_cat-yuba","15":"product_tag-e-bike","16":"product_shipping_class-bicicletta","18":"first","19":"outofstock","20":"shipping-taxable","21":"purchasable","22":"product-type-variable","23":"has-default-attributes"},"gallery_images":[93117,93116,93119],"meta_box":{"short_name":"","marketing_name":"YUBA MUNDO EP8","motore_for_biciclette":["91715"],"biciclette_id":"91718","consegna":"","configurator":[],"single_page_group":{"video_group":[{"link_video":"https:\/\/www.youtube.com\/watch?v=VS2899SAz_A","title":"Ein Lastenfahrrad, das Ihren Horizont erweitert","preheader":"Supera i limiti di ci\u00f2 che avresti mai pensato una bicicletta potesse fare!","preview":"93611"},{"link_video":"https:\/\/www.youtube.com\/watch?v=O9S5HFqxBZY","title":"Cargo-Bike paarweise","preheader":"Niente bambini? Mundp EP8 pu\u00f2 portare fino a 3 adulti!","preview":"93614"},{"link_video":"https:\/\/www.youtube.com\/watch?v=kO_QAQGQ1oE","title":"Entdecken Sie alle Funktionen des gr\u00f6\u00dften Lastenfahrrads","preheader":"Una visione a 360* di Mundo EP8","preview":"93612"},{"link_video":"https:\/\/www.youtube.com\/watch?v=2F9voaJvCsQ","title":"Wie ist es, ein Lastenfahrrad in voller Gr\u00f6\u00dfe zu fahren?","preheader":"Scopri com'\u00e8 l'esperienza di guida della cargo bike pi\u00f9 grande di Yuba","preview":"93613"}],"galleria_fotografica":{"image":["91725","91726","91727","91728","91729","91730","91731","91732","91733"],"galleria_banner":["91734","91735","91736","91737"]},"versatilita":{"title":"YUBA MUNDO EP8. NEUE GENERATION U-TILITY E-BIKE.","desc":"Yuba Mundo EP8 combina la qualit\u00e0 Shimano a prestazioni di carico eccezionali. La versatilit\u00e0, la robustezza e la capacit\u00e0 di trasporto rendono questa full cargo e-bike uno straordinario sostituto dell'auto per le famiglie. Sebbene pi\u00f9 lunga di una normale bicicletta \u00e8 maneggevole, divertente e facile da guidare. La sua ampia gamma di accessori la rende perfettamente equipaggiata per la vita familiare in qualunque situazione quotidiana.","versatilita_group":[{"image":"93181","desc":"Senza accessori sembra una e-bike pi\u00f9 lunga del normale ma sono la facilit\u00e0 di guida e l'incredibile capacit\u00e0 di carico che la rendono unica."},{"image":"93182","desc":"Portapacchi da 97cm a cui agganciare grandi borse laterali e una borsa spesa nel cesto anteriore ne fanno una perfetta sostituta dell'automobile."},{"image":"93188","desc":"Compatible con Yepp, Qibbel e la maggior parte dei seggiolini disponibili sul mercato. La cargo bike \u00e8 progettata per portare due bambini in sicurezza."},{"image":"93185","desc":"Porta un bambino su un seggiolino e un secondo pi\u00f9 grande sul retro. Le aste di sicurezza sono facoltative ma assolutamente raccomandate."},{"image":"93184","desc":"Porta in sicurezza due bambini pi\u00f9 grandi. Le barre delle aste di sicurezza sono disegnate per sostenere, proteggere e far divertire i tuoi figli."},{"image":"93183","desc":"Trasporta uno o due passeggeri adulti. Le sponde laterali e le maniglie tra cui scegliere garantiscono comfort e appiglio sicuro durante la corsa."},{"image":"93186","desc":"Usa la cargo bike in qualunque condizione atmosferica, proteggendo il tuo carico. I tuoi passeggeri avranno sempre una vista panoramica."},{"image":"93187","desc":"Trasporta valigie fissandole con cinghie, fissa grandi borse laterali al portapacchi, e abbina una borsa a tracolla nel cesto. Fino a 250kg incluso il ciclista."},{"image":"89498"}]},"edition":"1"},"catalog_group":{"quote":"2 COLORI","text":"Il restyling dell\u2019intramontabile Mundo, diventa un minivan a due ruote dalla spinta turbo!","vuoi":"Una cargo bike elettrica in grado di unire tecnologia, migliore qualit\u00e0 di guida, pedalata fluida senza flessioni, un esclusivo telaio che assicuri di reggere bene sotto grandi carichi. Bella da guardare. Una cargo bike long tail di lusso!"}},"_links":{"self":[{"href":"https:\/\/donnobikes.com\/de\/wp-json\/wp\/v2\/product\/68186","targetHints":{"allow":["GET"]}}],"collection":[{"href":"https:\/\/donnobikes.com\/de\/wp-json\/wp\/v2\/product"}],"about":[{"href":"https:\/\/donnobikes.com\/de\/wp-json\/wp\/v2\/types\/product"}],"replies":[{"embeddable":true,"href":"https:\/\/donnobikes.com\/de\/wp-json\/wp\/v2\/comments?post=68186"}],"wp:featuredmedia":[{"embeddable":true,"href":"https:\/\/donnobikes.com\/de\/wp-json\/wp\/v2\/media\/93118"}],"wp:attachment":[{"href":"https:\/\/donnobikes.com\/de\/wp-json\/wp\/v2\/media?parent=68186"}],"wp:term":[{"taxonomy":"product_brand","embeddable":true,"href":"https:\/\/donnobikes.com\/de\/wp-json\/wp\/v2\/product_brand?post=68186"},{"taxonomy":"product_cat","embeddable":true,"href":"https:\/\/donnobikes.com\/de\/wp-json\/wp\/v2\/product_cat?post=68186"},{"taxonomy":"product_tag","embeddable":true,"href":"https:\/\/donnobikes.com\/de\/wp-json\/wp\/v2\/product_tag?post=68186"}],"curies":[{"name":"wp","href":"https:\/\/api.w.org\/{rel}","templated":true}]}}