{"id":69625,"date":"2022-08-25T11:16:16","date_gmt":"2022-08-25T09:16:16","guid":{"rendered":"https:\/\/donnobikes.com\/?post_type=product&#038;p=69625"},"modified":"2024-03-06T13:00:07","modified_gmt":"2024-03-06T12:00:07","slug":"vario-gestell","status":"publish","type":"product","link":"https:\/\/donnobikes.com\/de\/produkt\/vario-gestell\/","title":{"rendered":"Vario-Gestell Rixen &amp; Kaul"},"content":{"rendered":"<h3>Kompatibel mit allen faltbaren Ahooga-Modellen<\/h3>\n<p>Der universelle Vario Rack von Rixen &amp; Kaul ist f\u00fcr Faltr\u00e4der und Fahrr\u00e4der ohne Gep\u00e4cktr\u00e4ger konzipiert. Ideal f\u00fcr den Transport von Taschen, Laptoptaschen, Rucks\u00e4cken und mehr.<\/p>\n<ul>\n<li>Hergestellt aus schwarzem Aluminium, extrem leicht.<\/li>\n<li>Abmessungen 21 x 32 x 17 cm.<\/li>\n<li>Ausgestattet mit KLICKfix Lenkeradapter, inklusive.<\/li>\n<li>Er kann in 2 verschiedenen H\u00f6hen auf dem Adapter platziert werden.<\/li>\n<li><span class=\"a-list-item\">Die Gurte sind reflektierend und k\u00f6nnen mit einer zentralen Schnalle leicht befestigt werden. <\/span><\/li>\n<li><span class=\"a-list-item\">Das Gestell kann in Sekundenschnelle entfernt werden, wenn es nicht ben\u00f6tigt wird. <\/span><\/li>\n<\/ul>","protected":false},"excerpt":{"rendered":"<p>Compatibile con tutti i modelli Ahooga pieghevoli Il portapacchi universale Vario Rack, prodotto da Rixen &amp; Kaul, \u00e8 progettato per bici pieghevoli e bici senza portapacchi.\u00a0Ideale per trasportare borse, custodie per laptop, zaini e altro. Realizzato in alluminio di colore nero, estremamente leggero. Dimensioni 21 x 32 x 17 cm. Dotato di adattatore per manubrio [&hellip;]<\/p>\n","protected":false},"featured_media":92954,"comment_status":"closed","ping_status":"closed","template":"","meta":[],"product_brand":[],"product_cat":[23],"product_tag":[],"class_list":{"0":"post-69625","1":"product","2":"type-product","3":"status-publish","4":"has-post-thumbnail","6":"product_cat-accessori-vari","7":"product_shipping_class-accessori","9":"first","10":"instock","11":"shipping-taxable","12":"purchasable","13":"product-type-simple"},"gallery_images":[92952,92955,92956,92953,92957],"meta_box":{"short_name":"Portapacchi Vario Rack","marketing_name":"","motore_for_biciclette":[],"biciclette_id":"","consegna":"","configurator":[],"single_page_group":[],"catalog_group":[]},"_links":{"self":[{"href":"https:\/\/donnobikes.com\/de\/wp-json\/wp\/v2\/product\/69625","targetHints":{"allow":["GET"]}}],"collection":[{"href":"https:\/\/donnobikes.com\/de\/wp-json\/wp\/v2\/product"}],"about":[{"href":"https:\/\/donnobikes.com\/de\/wp-json\/wp\/v2\/types\/product"}],"replies":[{"embeddable":true,"href":"https:\/\/donnobikes.com\/de\/wp-json\/wp\/v2\/comments?post=69625"}],"wp:featuredmedia":[{"embeddable":true,"href":"https:\/\/donnobikes.com\/de\/wp-json\/wp\/v2\/media\/92954"}],"wp:attachment":[{"href":"https:\/\/donnobikes.com\/de\/wp-json\/wp\/v2\/media?parent=69625"}],"wp:term":[{"taxonomy":"product_brand","embeddable":true,"href":"https:\/\/donnobikes.com\/de\/wp-json\/wp\/v2\/product_brand?post=69625"},{"taxonomy":"product_cat","embeddable":true,"href":"https:\/\/donnobikes.com\/de\/wp-json\/wp\/v2\/product_cat?post=69625"},{"taxonomy":"product_tag","embeddable":true,"href":"https:\/\/donnobikes.com\/de\/wp-json\/wp\/v2\/product_tag?post=69625"}],"curies":[{"name":"wp","href":"https:\/\/api.w.org\/{rel}","templated":true}]}}