{"id":75932,"date":"2022-10-13T04:58:25","date_gmt":"2022-10-13T02:58:25","guid":{"rendered":"https:\/\/donnobikes.com\/?post_type=product&#038;p=75932"},"modified":"2026-03-16T14:10:28","modified_gmt":"2026-03-16T13:10:28","slug":"yuba-fastrack-donno-bikes-mod","status":"publish","type":"product","link":"https:\/\/donnobikes.com\/de\/produkt\/yuba-fastrack-donno-bikes-mod\/","title":{"rendered":"Yuba Fastrack Donno Bikes Mod"},"content":{"rendered":"<h3>Das Cargo-E-Bike mit einem umbaubaren Gep\u00e4cktr\u00e4ger!<\/h3>\n<p>Yuba Fastrack ist nicht nur ein kompaktes, sondern auch ein urbanes E-Bike und ein City-Lastenrad. Sein integrierter, faltbarer Gep\u00e4cktr\u00e4ger l\u00e4sst sich mit einem einzigen Klick \u00f6ffnen und schlie\u00dfen, um das Fastrack von einem kompakten E-Bike in ein Mid-Tail-Lastenrad zu verwandeln.<\/p>\n<p><strong>DRS-Rack (Dual Rack System). <\/strong>In diesem echten Transformator auf zwei R\u00e4dern verbirgt sich ein kleiner Frachtriese. Der Transport von gro\u00dfen und sperrigen Gegenst\u00e4nden ist kein Problem, und der w\u00f6chentliche Einkauf ist ein Kinderspiel! Das DRS-System bietet vier integrierte Transportmodi mit noch nie dagewesener Vielseitigkeit. Mit heruntergeklapptem Dachgep\u00e4cktr\u00e4ger zur Arbeit, dann mit dem Dachgep\u00e4cktr\u00e4ger als Fu\u00dfst\u00fctze die Kinder abholen oder mit dem Dachgep\u00e4cktr\u00e4ger als Ladefl\u00e4che in den Supermarkt? Kein Problem, das DRS wechselt seine Position in Sekundenschnelle! Die ideale L\u00f6sung f\u00fcr jede Ladung ist immer verf\u00fcgbar und muss nur bei Bedarf eingesetzt werden!<\/p>\n<p><strong>Sparen Sie Platz.<\/strong> In den beengten Verh\u00e4ltnissen der St\u00e4dte, in denen die Kosten f\u00fcr Garagen und Parkpl\u00e4tze in die H\u00f6he schie\u00dfen, ist es von unsch\u00e4tzbarem Wert, wenn man sein Fahrzeug problemlos in Aufz\u00fcge und Flure tragen kann und dabei nur wenig Platz ben\u00f6tigt. Und das Parken zu Hause bleibt der beste Diebstahlschutz! Dank der kleinen R\u00e4der, die in den Rahmen integriert sind, kann Yuba Fastrack vertikal transportiert und auf der Fl\u00e4che eines Billy Ikea B\u00fccherregals abgestellt werden!<\/p>\n<p class=\"textgame\">Der Yuba Fastrack, unser <i>Finale<\/i> in dieser Innovationskette und treten in die Pedale f\u00fcr eine Zukunft, in der jedes Fahrrad, <strong>als ein Mosaik der Nachhaltigkeit<\/strong>zeigt ein gr\u00f6\u00dferes Bild. Die St\u00fccke aufheben <strong>Gr\u00fcnzeug<\/strong> unserer Fahrradgeschichte, um das Bild zu vervollst\u00e4ndigen<\/p>","protected":false},"excerpt":{"rendered":"<p>Shimano STePS E7000 Motor - Farbe Gr\u00fcn<\/p>","protected":false},"featured_media":93099,"comment_status":"open","ping_status":"closed","template":"","meta":[],"product_brand":[],"product_cat":[621,622,623,33,624,626,594,523,21],"product_tag":[18,36],"class_list":{"0":"post-75932","1":"product","2":"type-product","3":"status-publish","4":"has-post-thumbnail","6":"product_cat-bici-da-carico","7":"product_cat-bici-da-trasporto","8":"product_cat-bici-per-trasporto-bambini","9":"product_cat-biciclette","10":"product_cat-cargo-bike","11":"product_cat-cargo-bike-elettrica","12":"product_cat-catalogo","13":"product_cat-compact-cargo","14":"product_cat-yuba","15":"product_tag-cargo-bike","16":"product_tag-e-bike","17":"product_shipping_class-bicicletta","19":"first","20":"instock","21":"shipping-taxable","22":"purchasable","23":"product-type-variable","24":"has-default-attributes"},"gallery_images":[93098,93097,93095,93096],"meta_box":{"short_name":"","marketing_name":"YUBA FASTRACK","motore_for_biciclette":["91674"],"biciclette_id":"91665","consegna":"","configurator":[],"single_page_group":{"video_group":[{"link_video":"https:\/\/www.youtube.com\/watch?v=ExeYQaVon2I&list=PLy81_ZTJG-sDiNMZ-qHL6yB49NN2x9yKo&index=20","title":"Entdecken Sie das Beste von Yubas brandneuem Urban Cargo E-Bike","preheader":"Panoramica delle caratteristiche speciali","preview":"91825"},{"link_video":"https:\/\/www.youtube.com\/watch?v=ztYqJC2uIcU&list=PLy81_ZTJG-sDiNMZ-qHL6yB49NN2x9yKo","title":"Unendliche M\u00f6glichkeiten f\u00fcr Ihre Ladeanforderungen","preheader":"Un portapacchi non basta? Fastrack si fa in quattro!","preview":"91826"},{"link_video":"https:\/\/www.youtube.com\/watch?v=lgTjHjkAVf0&list=PLy81_ZTJG-sDiNMZ-qHL6yB49NN2x9yKo&index=4","title":"Fastrack Familienzeit","preheader":"Famiglia con uno o due bambini? Semplice con Fastrack","preview":"91827"},{"link_video":"https:\/\/www.youtube.com\/watch?v=alRlpOZ-TIs&list=PLy81_ZTJG-sDiNMZ-qHL6yB49NN2x9yKo&index=3","title":"Yuba Fastrack Lebensstil","preheader":"Una cargo e-bike pensata per la vita quotidiana","preview":"91828"},{"link_video":"https:\/\/www.youtube.com\/watch?v=KK2F6WcKObw&ab_channel=DonnoBikes","title":"Fastrack Familienzeit","preheader":"Cargo bike Yuba Fastrack e l'Avventura on the Road!","preview":"95900"}],"galleria_fotografica":{"image":["91681","91682","91683","91684","91685","91686","91687","91688","91689"],"galleria_banner":["91691","91692","91693","91830"]},"versatilita":{"title":"YUBA FASTRACK. NEUE GENERATION U-TILITY E-BIKE.","desc":"Fastrack \u00e8 una e-bike cargo urbana di ultima generazione. Belle linee, colori trendy, potenza e capienza sono i suoi punti forti. In pi\u00f9, Yuba ha sviluppato un sistema di portapacchi che consente a Fastrack di adattarsi a qualsiasi tipo di carico. Il Dual Rack System (DRS) offre quattro modalit\u00e0 integrate di trasporto con una versatilit\u00e0 senza precedenti. La soluzione ideale per ogni  tipo di carico \u00e8 sempre a disposizione e da utilizzare solo quando serve.","versatilita_group":[{"image":"91696","desc":"Senza accessori sembra una normale e-bike ma dispone del portapacchi integrato in modalit\u00e0 Flat e la possibilit\u00e0 di parcheggio verticale."},{"image":"91697","desc":"In modalit\u00e0 Sideloader il portapacchi si apre in posizione bassa per portare i  passeggeri, offrendo comfort durante la corsa."},{"image":"91698","desc":"Porta un bambino su un seggiolino e un secondo pi\u00f9 grande sul retro. Le aste di sicurezza sono facoltative ma assolutamente raccomandate."},{"image":"91699","desc":"Compatible con Yepp, Qibbel e la maggior parte dei seggiolini disponibili sul mercato. La cargo bike \u00e8 progettata per portare due bambini in sicurezza."},{"image":"91700","desc":"In modalit\u00e0 Carry-On, portapacchi piatto aperto in posizione alta, porta  carichi larghi. Indispensabile l'uso di cinghie Cargo Straps per fissali."},{"image":"91701","desc":"In modalit\u00e0 Compact contiene il carico con sponde laterali. Per proteggere borse, cassette, pacchi e altri oggetti durante il trasporto."},{"image":"91702","desc":"Portapacchi da 83cm a cui agganciare enormi borse laterali e una borsa spesa nel cesto anteriore offrono una grande capacit\u00e0 di carico."},{"image":"91703","desc":"DRS Sling \u00e8 una doppia borsa che poggia lateralmente sul portapacchi aperto in basso. Solleva il portapacchi e DRS Sling si trasforma in una copertura per il carico."},{"image":"89498"}]},"edition":"1"},"catalog_group":{"quote":"3 COLORI","text":"Una cargo bike elettrica di grande impatto! Una trasformista con portapacchi integrato multifunzione.","vuoi":"Una e-bike piccola dai colori trendy, da manovrare con facilit\u00e0 in spazi stretti. Con la stessa capacit\u00e0 di carico di una cargo pi\u00f9 grande. Con un portapacchi integrato che si adatta al carico. La ciliegina sulla torta? Che occupi poco spazio perch\u00e9 pu\u00f2 essere parcheggiata verticalmente."}},"_links":{"self":[{"href":"https:\/\/donnobikes.com\/de\/wp-json\/wp\/v2\/product\/75932","targetHints":{"allow":["GET"]}}],"collection":[{"href":"https:\/\/donnobikes.com\/de\/wp-json\/wp\/v2\/product"}],"about":[{"href":"https:\/\/donnobikes.com\/de\/wp-json\/wp\/v2\/types\/product"}],"replies":[{"embeddable":true,"href":"https:\/\/donnobikes.com\/de\/wp-json\/wp\/v2\/comments?post=75932"}],"wp:featuredmedia":[{"embeddable":true,"href":"https:\/\/donnobikes.com\/de\/wp-json\/wp\/v2\/media\/93099"}],"wp:attachment":[{"href":"https:\/\/donnobikes.com\/de\/wp-json\/wp\/v2\/media?parent=75932"}],"wp:term":[{"taxonomy":"product_brand","embeddable":true,"href":"https:\/\/donnobikes.com\/de\/wp-json\/wp\/v2\/product_brand?post=75932"},{"taxonomy":"product_cat","embeddable":true,"href":"https:\/\/donnobikes.com\/de\/wp-json\/wp\/v2\/product_cat?post=75932"},{"taxonomy":"product_tag","embeddable":true,"href":"https:\/\/donnobikes.com\/de\/wp-json\/wp\/v2\/product_tag?post=75932"}],"curies":[{"name":"wp","href":"https:\/\/api.w.org\/{rel}","templated":true}]}}