{"id":81324,"date":"2022-10-24T16:21:28","date_gmt":"2022-10-24T14:21:28","guid":{"rendered":"https:\/\/donnobikes.com\/?post_type=product&#038;p=81324"},"modified":"2025-06-13T13:04:51","modified_gmt":"2025-06-13T11:04:51","slug":"ahooga-modular","status":"publish","type":"product","link":"https:\/\/donnobikes.com\/de\/produkt\/ahooga-modular\/","title":{"rendered":"Ahooga Modular"},"content":{"rendered":"<h3>Ein modulares City Cargo light: drei E-Bikes in einem!<\/h3>\n<p>Mit dem Ahooga Modular haben Sie ein robustes Fahrrad f\u00fcr den Alltag, ein schickes E-Bike f\u00fcr den Einkauf und ein kompaktes Lastenrad f\u00fcr den Transport von Kindern und Eink\u00e4ufen. Lassen Sie sich nicht von seiner Silhouette t\u00e4uschen. Einmal ausger\u00fcstet, tr\u00e4gt das Modular eine beeindruckende Menge an Kilos. Wenn Sie den Gep\u00e4cktr\u00e4ger anbringen, k\u00f6nnen Sie hinten \u00fcber 30 kg und vorne 20 kg transportieren. Wenn Sie die Gep\u00e4cktr\u00e4ger entfernen, wird das Modular wieder zu einem schlanken, kompakten E-Bike.<\/p>\n<p><strong>Zwei Varianten.<\/strong> Das Ahooga Modular ist in zwei Varianten erh\u00e4ltlich, mit hohem oder niedrigem Rahmen f\u00fcr einen leichten Einstieg in den Sattel, und wurde f\u00fcr das hektische Stadtleben entwickelt. Einkaufen, die Kinder zur Schule und nach der Schule bringen, ins Fitnessstudio gehen und vieles mehr geh\u00f6rt heute f\u00fcr uns alle zum t\u00e4glichen Arbeitsweg.<\/p>\n<p><strong>Platzsparend.<\/strong> Das Ahooga Modular, das f\u00fcr die Stadt konzipiert wurde, verf\u00fcgt \u00fcber ein platzsparendes System. Durch Drehen des Lenkers mit dem Twistlock-System und Abschrauben der Pedale, nimmt das Fahrrad 65% weniger Platz. Au\u00dferdem ist es sehr leicht. Sie k\u00f6nnen es einfach und sicher im Hausflur, im B\u00fcro oder in der Garage verstauen.<\/p>\n<p class=\"textgame\">Ahooga Modular ist das Ergebnis unserer kontinuierlichen Forschung, die die <strong>weiter<\/strong> die Grenzen der Gestaltung des <i>kleines Genie <\/i>der Kompaktheit und Tragbarkeit, \u00e4hnlich wie bei den Fahrr\u00e4dern der E-Reihe.<\/p>\n<p>&nbsp;<\/p>","protected":false},"excerpt":{"rendered":"<p>Aikema 250W Motor - Rahmen mit hohem Fassungsverm\u00f6gen<\/p>","protected":false},"featured_media":93279,"comment_status":"open","ping_status":"closed","template":"","meta":[],"product_brand":[],"product_cat":[73,33,594,526],"product_tag":[18,69,36],"class_list":{"0":"post-81324","1":"product","2":"type-product","3":"status-publish","4":"has-post-thumbnail","6":"product_cat-ahooga","7":"product_cat-biciclette","8":"product_cat-catalogo","9":"product_cat-city-bike","10":"product_tag-cargo-bike","11":"product_tag-city-bike","12":"product_tag-e-bike","13":"product_shipping_class-bicicletta","14":"pa_canna-low-step","15":"pa_canna-unisex","17":"first","18":"outofstock","19":"shipping-taxable","20":"purchasable","21":"product-type-simple"},"gallery_images":[93320],"meta_box":{"short_name":"","marketing_name":"AHOOGA MODULAR","motore_for_biciclette":["92530"],"biciclette_id":"92531","consegna":"","configurator":[],"single_page_group":{"video_group":[{"link_video":"https:\/\/www.youtube.com\/watch?v=fAF_1p2vfxc","title":"Details, die den Unterschied machen","preheader":"Panoramica delle caratteristiche speciali","preview":"93634"},{"link_video":"https:\/\/www.youtube.com\/watch?v=mVHyuFvtAxA","title":"Modularer Lebensstil","preheader":"Una city cargo bike light per la vita moderna!","preview":"93635"},{"link_video":"https:\/\/www.youtube.com\/watch?v=dSLc4UAVH8o","title":"Stichwort: Sichtbarkeit!","preheader":"Scopri com'\u00e8 guidare una Ahooga Modular di notte","preview":"93630"},{"link_video":"https:\/\/www.youtube.com\/watch?v=mhzjlvJykiY","title":"Ahooga Modular | Alle Merkmale","preheader":"Una City Cargo light modulare: tre e-bike in una!","preview":"94225"},{"link_video":"https:\/\/www.youtube.com\/watch?v=R8NESZ3zWTI","title":"Modularer Ahooga mit hohem Fassungsverm\u00f6gen","preview":"94227"}],"galleria_fotografica":{"image":["92536","92537","92538","92539","92540","92541","92542","92543","92544"],"galleria_banner":["92532","92533","92534","92535"]},"versatilita":{"title":"AHOOGA MODULAR. NEUE GENERATION U-TILITY E-BIKE.","desc":"Ahooga Modular \u00e8 una e-bike ideale per single e pendolari ma, grazie ai suoi accessori, \u00e8 perfetta anche come cargo bike light per famiglie. Combina linee grintose e moderne, versatilit\u00e0 e qualit\u00e0 ad un prezzo vantaggioso. Ahooga ha racchiuso in questa city bike a pedalata assistita tutte le caratteristiche per soddisfare le esigenze di chi usa la bicicletta da solo e per chi ha necessit\u00e0 di trasportare piccoli carichi e bambini. Una bicicletta che rester\u00e0 in famiglia molto a lungo adattandosi alle tue circostanze.","versatilita_group":[{"image":"92707","desc":"Senza accessori \u00e8 una e-bike agile e scattante che si differenzia per leggerezza e manubrio Twistlock per parcheggiare in pochissimo spazio."},{"image":"92710","desc":"Portapacchi anteriore con portata fino a 20kg per agganciare cestini e borsa spesa, ideale per chi non ha bisogno di trasportare grandi carichi n\u00e8 passeggeri."},{"image":"92711","desc":"Portapacchi posteriore per carichi fino a 50kg, compatibile con vari cestini contenitori presenti sul mercato come Thule. "},{"image":"92708","desc":"Compatible con Yepp, Qibbel e la maggior parte dei seggiolini disponibili sul mercato. La cargo-light bike \u00e8 progettata per portare i bambini in sicurezza."},{"image":"92706","desc":"Porta un bambino pi\u00f9 grande sul portapacchi posteriore. Con il cesto anteriore hai ancora notevole capacit\u00e0 di carico."},{"image":"92705","desc":"Porta in sicurezza due bambini pi\u00f9 grandi. Modular \u00e8 compatibile con le aste di sicurezza Yuba Kombi per proteggere i bambini."},{"image":"93277","desc":"Trasporta un animale domestico di piccola taglia. Il trasportino da bicicletta garantisce sicurezza\r\ndurante la corsa."},{"image":"92709","desc":"Porta casse di bibite, pacchi e altri carichi. Con il set completo di portapacchi pu\u00f2 trasportare fino a 70kg, da assicurare con cinghie."},{"image":"89498"}]},"edition":"0"},"catalog_group":{"quote":"3 COLORI \/ 2 VARIANTI","text":"La pi\u00f9 piccola delle compatte, una city cargo light modulare che \u00e8 tre biciclette elettriche in una!","vuoi":"Una grintosa e-bike da pendolare, una elegante city bike elettrica per fare shopping e una cargo bike per trasportare tutto quello che serve. Ideale per single ma anche per la famiglia grazie ai portapacchi che si possono aggiungere, accessoriare e rimuovere in base alle esigenze. "}},"_links":{"self":[{"href":"https:\/\/donnobikes.com\/de\/wp-json\/wp\/v2\/product\/81324","targetHints":{"allow":["GET"]}}],"collection":[{"href":"https:\/\/donnobikes.com\/de\/wp-json\/wp\/v2\/product"}],"about":[{"href":"https:\/\/donnobikes.com\/de\/wp-json\/wp\/v2\/types\/product"}],"replies":[{"embeddable":true,"href":"https:\/\/donnobikes.com\/de\/wp-json\/wp\/v2\/comments?post=81324"}],"wp:featuredmedia":[{"embeddable":true,"href":"https:\/\/donnobikes.com\/de\/wp-json\/wp\/v2\/media\/93279"}],"wp:attachment":[{"href":"https:\/\/donnobikes.com\/de\/wp-json\/wp\/v2\/media?parent=81324"}],"wp:term":[{"taxonomy":"product_brand","embeddable":true,"href":"https:\/\/donnobikes.com\/de\/wp-json\/wp\/v2\/product_brand?post=81324"},{"taxonomy":"product_cat","embeddable":true,"href":"https:\/\/donnobikes.com\/de\/wp-json\/wp\/v2\/product_cat?post=81324"},{"taxonomy":"product_tag","embeddable":true,"href":"https:\/\/donnobikes.com\/de\/wp-json\/wp\/v2\/product_tag?post=81324"}],"curies":[{"name":"wp","href":"https:\/\/api.w.org\/{rel}","templated":true}]}}