{"id":8239,"date":"2020-03-24T19:16:42","date_gmt":"2020-03-24T18:16:42","guid":{"rendered":"https:\/\/donnobikes.com\/?post_type=product&#038;p=8239"},"modified":"2026-05-07T11:16:39","modified_gmt":"2026-05-07T09:16:39","slug":"yuba-supercargo","status":"publish","type":"product","link":"https:\/\/donnobikes.com\/de\/produkt\/yuba-supercargo\/","title":{"rendered":"Yuba Supercargo"},"content":{"rendered":"<h3>Viel mehr als ein Zweirad!<\/h3>\n<p>Yuba Supercargo ist ein Lastenfahrrad mit langem Klo, d.h. mit einer vorderen Ladefl\u00e4che. Dieses auch in Italien immer beliebter werdende Lastenradmodell ist ideal f\u00fcr kleine und gro\u00dfe Familien sowie f\u00fcr Unternehmen, die sperrige Lasten \u00fcber kurze Strecken umweltfreundlich und nachhaltig transportieren m\u00f6chten.<\/p>\n<p><strong>Agil und sportlich im Stadtverkehr.<\/strong> Der Yuba Supercargo ist wirklich schnell und wendig, auch wenn er mit der Frontbox und Passagieren an Bord ausgestattet ist. Sein Geheimnis ist die Doppelseillenkung, die sensibel und reaktionsschnell auf die kleinsten Lenkman\u00f6ver reagiert, und der niedrige Schwerpunkt, der durch die Gr\u00f6\u00dfe der R\u00e4der gew\u00e4hrleistet wird. Der Sitz und der Lenker im Stil eines Mountainbikes sorgen f\u00fcr ein sportliches und agiles Fahrgef\u00fchl.<\/p>\n<p class=\"textgame\">Der Yuba Supercargo macht jede Reise zu einem Abenteuer <i>w\u00fcrzig<\/i>Neudefinition der <strong>Radfahren<\/strong> nachhaltig mit seiner au\u00dfergew\u00f6hnlichen Kapazit\u00e4t und seinem innovativen Design<\/p>\n<p><strong>Stil und Spa\u00df im t\u00e4glichen Leben.<\/strong> Mit Supercargo macht alles mehr Spa\u00df. Mit Supercargo in die Schule oder in den Kindergarten zu fahren, macht die Kinder gl\u00fccklich, und mit Supercargo zu fahren, ist ein echter Hingucker! Ob beim Einkaufen oder beim Beladen mit allem, was man f\u00fcr eine Grillparty im Park braucht, oder mit Sack, Rucksack und Zelt f\u00fcr eine Wanderung, der Stil dieses Lastenfahrrads wird Ihre Kinder vor Freude verr\u00fcckt machen und es Ihnen erm\u00f6glichen, sie w\u00e4hrend der Fahrt unter Kontrolle zu halten.<\/p>\n<p><strong>Bringen Sie alles mit, was Sie wollen.<\/strong> Wenn es um den Transport geht, ist der Yuba Supercargo sehr flexibel. Sie k\u00f6nnen nicht nur zwischen zwei Arten von Frontcontainern w\u00e4hlen, um Passagiere und alle Arten von Ladung zu transportieren, sondern auch, wenn Sie etwas Sperriges transportieren m\u00fcssen, k\u00f6nnen Sie die Basis ohne Box mit Gurten verwenden, um die Ladung zu sichern.<\/p>","protected":false},"excerpt":{"rendered":"<p>Farbe Gunmetal Grey<\/p>","protected":false},"featured_media":97901,"comment_status":"open","ping_status":"closed","template":"","meta":[],"product_brand":[],"product_cat":[621,622,623,33,592,624,21],"product_tag":[65],"class_list":{"0":"post-8239","1":"product","2":"type-product","3":"status-publish","4":"has-post-thumbnail","6":"product_cat-bici-da-carico","7":"product_cat-bici-da-trasporto","8":"product_cat-bici-per-trasporto-bambini","9":"product_cat-biciclette","10":"product_cat-biciclette-muscolari","11":"product_cat-cargo-bike","12":"product_cat-yuba","13":"product_tag-muscolare","14":"product_shipping_class-bicicletta","16":"first","17":"outofstock","18":"shipping-taxable","19":"purchasable","20":"product-type-variable","21":"has-default-attributes"},"gallery_images":[97903,97904,97905,97906,97907,97908,97909,97910,97911,97912],"meta_box":{"short_name":"","marketing_name":"YUBA SUPERCARGO","motore_for_biciclette":[],"biciclette_id":"93126","consegna":"","configurator":[],"single_page_group":{"video_group":[{"link_video":"https:\/\/www.youtube.com\/watch?v=nZb2InxVYZ0","title":"Finden Sie heraus, was Sie mit einem Long-John-Lastenfahrrad alles machen k\u00f6nnen!","preheader":"Trasporta comodamente bambini, animali domestici  tutto quello che serve","preview":"93603"}],"galleria_fotografica":{"image":["93417","93418","93419","93420","93421","93422","93423","93424","93425"],"galleria_banner":["93413","93414","93415","93416"]},"versatilita":{"title":"YUBA SUPERCARGO. NEUE GENERATION U-TILITY-BIKE.","desc":"Yuba Supercargo combina prestazioni di carico straordinarie con versatilit\u00e0 e robustezza. Il carico frontale mantiene la cargo bike sorprendentemente facile da guidare nonostante le dimensioni. La sua gamma di accessori la rende ideale per le attivit\u00e0 professionali che hanno esigenze di trasporto locale. La possibilit\u00e0 di scegliere tra sedute posizionate sul fronte o il classico trasporto sul portapacchi la rende perfetta per famiglie.","versatilita_group":[{"image":"93203","desc":"Senza accessori sembra una normale front cargo bike ma sono la facilit\u00e0 di guida e l'incredibile capacit\u00e0 di carico che la rendono unica."},{"image":"93207","desc":"Trasporta qualunque di carico con la Base Board. Pu\u00f2 portare cassette, pacchi e tutto quanto richieda una superficie piana e solida."},{"image":"93202","desc":"Trasporta in sicurezza i tuoi carichi all'interno del robusto ed elegante Bamboo Box. Per il montaggio \u00e8 necessaria la Base Board."},{"image":"93200","desc":"Trasporta due bambini in sicurezza dentro al Bamboo Box. Sono necessari il kit seduta e il seggiolino 2b3. "},{"image":"93201","desc":"Compatibile con seggiolino Thule Yepp Maxi Easy Fit. Trasporta un secondo bambino nel Bamboo Box e rimane spazio per tutto il carico che serve."},{"image":"93206","desc":"Trasporta in sicurezza i tuoi carichi all'interno dell'Open Loader in tessuto. Per il montaggio \u00e8 necessaria la Base Board."},{"image":"93205","desc":"Trasporta due bambini aggiungendo il kit seduta e il seggiolino 2b3. Le cinture integrate garantiscono la sicurezza durante la corsa."},{"image":"93204","desc":"Usa la cargo bike in qualunque condizione atmosferica, proteggendo il tuo carico. I tuoi passeggeri avranno sempre una vista panoramica."},{"image":"89498"}]},"edition":"0","tags":["Portata record 300 kg","Sterzo a doppio cavo","Baricentro ultra basso"],"short_description":"Il massimo del controllo visivo e dello spazio: trasporta fino a 3 bambini nel capiente cestone anteriore, vivendo l'emozione pura della pedalata muscolare."},"catalog_group":{"quote":"2 COLORI","text":"Molto pi\u00f9 di una due ruote. Una cargo bike per il lavoro e grandi famiglie che viaggiano insieme!","vuoi":"Una bicicletta che si comporti bene in ogni circostanza. Una guida sportiva e confortevole, incredibilmente fluida, pi\u00f9 maneggevole e stabile di quel che pensi, con enorme capacit\u00e0 di carico e tanti accessori tra cui scegliere!"}},"_links":{"self":[{"href":"https:\/\/donnobikes.com\/de\/wp-json\/wp\/v2\/product\/8239","targetHints":{"allow":["GET"]}}],"collection":[{"href":"https:\/\/donnobikes.com\/de\/wp-json\/wp\/v2\/product"}],"about":[{"href":"https:\/\/donnobikes.com\/de\/wp-json\/wp\/v2\/types\/product"}],"replies":[{"embeddable":true,"href":"https:\/\/donnobikes.com\/de\/wp-json\/wp\/v2\/comments?post=8239"}],"wp:featuredmedia":[{"embeddable":true,"href":"https:\/\/donnobikes.com\/de\/wp-json\/wp\/v2\/media\/97901"}],"wp:attachment":[{"href":"https:\/\/donnobikes.com\/de\/wp-json\/wp\/v2\/media?parent=8239"}],"wp:term":[{"taxonomy":"product_brand","embeddable":true,"href":"https:\/\/donnobikes.com\/de\/wp-json\/wp\/v2\/product_brand?post=8239"},{"taxonomy":"product_cat","embeddable":true,"href":"https:\/\/donnobikes.com\/de\/wp-json\/wp\/v2\/product_cat?post=8239"},{"taxonomy":"product_tag","embeddable":true,"href":"https:\/\/donnobikes.com\/de\/wp-json\/wp\/v2\/product_tag?post=8239"}],"curies":[{"name":"wp","href":"https:\/\/api.w.org\/{rel}","templated":true}]}}