{"id":8517,"date":"2020-03-24T18:30:44","date_gmt":"2020-03-24T17:30:44","guid":{"rendered":"https:\/\/donnobikes.com\/product\/zashhitnaya-zashhitnaya-shapochka-thudguard-dlya-mladenczev\/"},"modified":"2024-03-06T13:00:11","modified_gmt":"2024-03-06T12:00:11","slug":"thudguard-kinderhelm","status":"publish","type":"product","link":"https:\/\/donnobikes.com\/de\/produkt\/thudguard-kinderhelm\/","title":{"rendered":"Thudguard Schutzhelm f\u00fcr Kinder"},"content":{"rendered":"<h3>Empfohlen f\u00fcr 0 bis 2 Jahre<\/h3>\n<p>Der Thudguard Kinderhelm ist leicht, robust und bequem. Er ist ideal f\u00fcr radfahrende Kinder bis zu dem Alter, in dem sie einen Fahrradhelm tragen k\u00f6nnen. Der Helm wurde entwickelt, um St\u00f6\u00dfe zu absorbieren, z. B. beim Aufprall des Kopfes auf den Fahrradsattel, und um die Auswirkungen eines Sturzes zu verringern. Er wurde von Medizinern und Notfallexperten getestet und zugelassen.<\/p>\n<ul>\n<li>Hergestellt aus ultraleichtem Schaumstoff, um Druck auf den Nacken des Kindes zu vermeiden.<\/li>\n<li>Eine Gr\u00f6\u00dfe f\u00fcr alle (16\u2033 Umfang plus 4\u2033 durch Gummiband).<\/li>\n<li>Er hat einen verstellbaren, weichen, elastischen Kinnriemen.<\/li>\n<li>Die L\u00f6cher auf der Innenseite sind ideal f\u00fcr die Atmungsaktivit\u00e4t. L<span class=\"elementor-icon-list-text\">Der Kopf wird bel\u00fcftet und schwitzt nicht.<\/span><\/li>\n<\/ul>","protected":false},"excerpt":{"rendered":"<p>Consigliato da 0 a 2 anni Il casco per bambini Thudguard \u00e8 leggero, robusto e confortevole. L&#8217;ideale per portare i bambini in bicicletta fino all&#8217;et\u00e0 in cui potranno portare il casco da bici. Progettato per assorbire gli urti, come sbattere la testa contro il seggiolino della bici, e ridurre l&#8217;impatto di una caduta,\u00a0 Il casco [&hellip;]<\/p>\n","protected":false},"featured_media":92974,"comment_status":"closed","ping_status":"closed","template":"","meta":[],"product_brand":[],"product_cat":[23],"product_tag":[],"class_list":{"0":"post-8517","1":"product","2":"type-product","3":"status-publish","4":"has-post-thumbnail","6":"product_cat-accessori-vari","7":"product_shipping_class-accessori","9":"first","10":"instock","11":"shipping-taxable","12":"purchasable","13":"product-type-simple"},"gallery_images":[92972,92973],"meta_box":{"short_name":"","marketing_name":"","motore_for_biciclette":[],"biciclette_id":"","consegna":"","configurator":[],"single_page_group":[],"catalog_group":[]},"_links":{"self":[{"href":"https:\/\/donnobikes.com\/de\/wp-json\/wp\/v2\/product\/8517","targetHints":{"allow":["GET"]}}],"collection":[{"href":"https:\/\/donnobikes.com\/de\/wp-json\/wp\/v2\/product"}],"about":[{"href":"https:\/\/donnobikes.com\/de\/wp-json\/wp\/v2\/types\/product"}],"replies":[{"embeddable":true,"href":"https:\/\/donnobikes.com\/de\/wp-json\/wp\/v2\/comments?post=8517"}],"wp:featuredmedia":[{"embeddable":true,"href":"https:\/\/donnobikes.com\/de\/wp-json\/wp\/v2\/media\/92974"}],"wp:attachment":[{"href":"https:\/\/donnobikes.com\/de\/wp-json\/wp\/v2\/media?parent=8517"}],"wp:term":[{"taxonomy":"product_brand","embeddable":true,"href":"https:\/\/donnobikes.com\/de\/wp-json\/wp\/v2\/product_brand?post=8517"},{"taxonomy":"product_cat","embeddable":true,"href":"https:\/\/donnobikes.com\/de\/wp-json\/wp\/v2\/product_cat?post=8517"},{"taxonomy":"product_tag","embeddable":true,"href":"https:\/\/donnobikes.com\/de\/wp-json\/wp\/v2\/product_tag?post=8517"}],"curies":[{"name":"wp","href":"https:\/\/api.w.org\/{rel}","templated":true}]}}