{"id":87881,"date":"2023-02-14T09:39:03","date_gmt":"2023-02-14T08:39:03","guid":{"rendered":"https:\/\/donnobikes.com\/?post_type=product&#038;p=87881"},"modified":"2026-02-09T10:04:14","modified_gmt":"2026-02-09T09:04:14","slug":"paar-xlc-seitentaschen","status":"publish","type":"product","link":"https:\/\/donnobikes.com\/de\/produkt\/paar-xlc-seitentaschen\/","title":{"rendered":"Paar XLC Double Bag BA-S90 Seitentaschen"},"content":{"rendered":"<h3>Kompatibel mit allen Modellen mit Dachgep\u00e4cktr\u00e4ger<\/h3>\n<p class=\"parrafo\"><span id=\"desc\" class=\"addReadMore showlesscontent\">Das Paar XLC Double Bag BA-S90 Seitentaschen ist aus wasserabweisendem Polyester gefertigt. Sehr ger\u00e4umig und robust:<\/span><\/p>\n<p class=\"parrafo\"><span id=\"desc\" class=\"addReadMore showlesscontent\"><strong>-jeweils 35 x 15 x 35 cm gro\u00df<\/strong><\/span><\/p>\n<p class=\"parrafo\"><span id=\"desc\" class=\"addReadMore showlesscontent\">&#8211;<strong>Mit einem Fassungsverm\u00f6gen von 35 Litern<\/strong> <\/span><\/p>\n<p class=\"parrafo\"><span id=\"desc\" class=\"addReadMore showlesscontent\"><strong>-Gewicht 1,7 kg<\/strong>.\u00a0<\/span><\/p>\n<p>Seitentaschen sind die perfekte Wahl, um alles zu transportieren, was Sie bei Ihren Abenteuern auf dem Cargo Bike brauchen!<\/p>\n<p>Sie sind kompakt und ger\u00e4umig zugleich und bieten reichlich Platz f\u00fcr B\u00fcroartikel, Kleingeld f\u00fcr Ihre Kinder, Spiele oder Essen f\u00fcr ein Picknick.<\/p>\n<p>Dank der hochwertigen Materialien und des ergonomischen Designs sind sie leicht zu tragen und auf Reisen zu verwenden.<\/p>\n<p>Vielseitig und langlebig, sind sie zuverl\u00e4ssige Begleiter f\u00fcr jede Gelegenheit.<\/p>\n<p class=\"parrafo\">Das Taschenset wird mit Klettverschlussb\u00e4ndern befestigt.\u00a0 <span id=\"desc\" class=\"addReadMore showlesscontent\">Das reflektierende Logo sorgt f\u00fcr Sichtbarkeit bei schlechten Lichtverh\u00e4ltnissen.<\/span><\/p>\n<p>&nbsp;<\/p>","protected":false},"excerpt":{"rendered":"<p>Compatibile con tutti i modelli con portapacchi La coppia di borse laterali XLC Double Bag BA-S90 sono realizzate in poliestere idrorepellente. Molto spaziose e robuste: -Misurano ciascuna 35 x 15 x 35 cm &#8211;Con una capacit\u00e0 di 35 litri -Pesano 1.7 kg.\u00a0 Le borse laterali sono la scelta perfetta per portare con te tutto ci\u00f2 [&hellip;]<\/p>\n","protected":false},"featured_media":92941,"comment_status":"closed","ping_status":"closed","template":"","meta":[],"product_brand":[],"product_cat":[23,641,640,639,651],"product_tag":[88],"class_list":{"0":"post-87881","1":"product","2":"type-product","3":"status-publish","4":"has-post-thumbnail","6":"product_cat-accessori-vari","7":"product_cat-inbicy-flashswitch-seduta-e-carico-posteriore-2","8":"product_cat-inbicy-supernova-seduta-e-carico-posteriore-2","9":"product_cat-seduta-e-carico-posteriore-2","10":"product_cat-yuba-kombi-db-seduta-e-carico-posteriore-2","11":"product_tag-borsa","12":"product_shipping_class-accessori","14":"first","15":"instock","16":"shipping-taxable","17":"purchasable","18":"product-type-simple"},"gallery_images":[92943,92942,92944],"meta_box":{"short_name":"Coppia Borse XLC","marketing_name":"","motore_for_biciclette":[],"biciclette_id":"","consegna":"","configurator":[],"single_page_group":[],"catalog_group":[]},"_links":{"self":[{"href":"https:\/\/donnobikes.com\/de\/wp-json\/wp\/v2\/product\/87881","targetHints":{"allow":["GET"]}}],"collection":[{"href":"https:\/\/donnobikes.com\/de\/wp-json\/wp\/v2\/product"}],"about":[{"href":"https:\/\/donnobikes.com\/de\/wp-json\/wp\/v2\/types\/product"}],"replies":[{"embeddable":true,"href":"https:\/\/donnobikes.com\/de\/wp-json\/wp\/v2\/comments?post=87881"}],"wp:featuredmedia":[{"embeddable":true,"href":"https:\/\/donnobikes.com\/de\/wp-json\/wp\/v2\/media\/92941"}],"wp:attachment":[{"href":"https:\/\/donnobikes.com\/de\/wp-json\/wp\/v2\/media?parent=87881"}],"wp:term":[{"taxonomy":"product_brand","embeddable":true,"href":"https:\/\/donnobikes.com\/de\/wp-json\/wp\/v2\/product_brand?post=87881"},{"taxonomy":"product_cat","embeddable":true,"href":"https:\/\/donnobikes.com\/de\/wp-json\/wp\/v2\/product_cat?post=87881"},{"taxonomy":"product_tag","embeddable":true,"href":"https:\/\/donnobikes.com\/de\/wp-json\/wp\/v2\/product_tag?post=87881"}],"curies":[{"name":"wp","href":"https:\/\/api.w.org\/{rel}","templated":true}]}}