{"id":87883,"date":"2023-02-14T09:56:28","date_gmt":"2023-02-14T08:56:28","guid":{"rendered":"https:\/\/donnobikes.com\/?post_type=product&#038;p=87883"},"modified":"2024-03-06T13:00:06","modified_gmt":"2024-03-06T12:00:06","slug":"ahooga-rucksack-x-win","status":"publish","type":"product","link":"https:\/\/donnobikes.com\/de\/produkt\/ahooga-rucksack-x-win\/","title":{"rendered":"Ahooga-Rucksack x Win"},"content":{"rendered":"<h3>Kompatibel mit allen faltbaren Ahooga-Modellen<\/h3>\n<p>Der von Vincita f\u00fcr Ahooga produzierte Rucksack ist der ideale Begleiter f\u00fcr den Transport von pers\u00f6nlichen Gegenst\u00e4nden in der Stadt. Ideal f\u00fcr Pendler und Studenten.<\/p>\n<ul>\n<li>Ger\u00e4umig, 43 x 27 x 15 cm gro\u00df.<\/li>\n<li>Leicht, nur 950 g schwer.<\/li>\n<li>Er hat ein Fassungsverm\u00f6gen von 26 Litern und eine maximale Tragf\u00e4higkeit von 7 Kilo.<\/li>\n<li>Sie bietet Au\u00dfen- und Innenf\u00e4cher mit Rei\u00dfverschluss, Seitenf\u00e4cher, ein separates Innenfach f\u00fcr Wertsachen und verstellbare Schultergurte.<\/li>\n<li>Er wird mit dem mitgelieferten KLICKfix-Adapter, einem Schnellkupplungssystem, am Lenker befestigt.<\/li>\n<\/ul>\n<p>Kein verschwitzter R\u00fccken mehr beim Radfahren! Am Ende der Fahrt l\u00e4sst er sich schnell vom Adapter l\u00f6sen und kann auf den Schultern getragen werden.<\/p>","protected":false},"excerpt":{"rendered":"<p>Compatibile con tutti i modelli Ahooga pieghevoli Lo zaino prodotto da Vincita per Ahooga, \u00e8 il compagno ideale per trasportare effetti personali in citt\u00e0. Ideale per pendolari e studenti. Capiente, misura 43 x 27 x 15 cm. Leggero, pesa solo 950 gr. Ha una capacit\u00e0 di 26 litri e una portata massima di 7 chili. [&hellip;]<\/p>\n","protected":false},"featured_media":93010,"comment_status":"closed","ping_status":"closed","template":"","meta":[],"product_brand":[],"product_cat":[78,73],"product_tag":[],"class_list":{"0":"post-87883","1":"product","2":"type-product","3":"status-publish","4":"has-post-thumbnail","6":"product_cat-ahooga-accessori","7":"product_cat-ahooga","8":"product_shipping_class-accessori","10":"first","11":"instock","12":"shipping-taxable","13":"purchasable","14":"product-type-simple"},"gallery_images":[93011,93012,93013],"meta_box":{"short_name":"Zaino Ahooga x Vincita","marketing_name":"","motore_for_biciclette":[],"biciclette_id":"","consegna":"","configurator":[],"single_page_group":[],"catalog_group":[]},"_links":{"self":[{"href":"https:\/\/donnobikes.com\/de\/wp-json\/wp\/v2\/product\/87883","targetHints":{"allow":["GET"]}}],"collection":[{"href":"https:\/\/donnobikes.com\/de\/wp-json\/wp\/v2\/product"}],"about":[{"href":"https:\/\/donnobikes.com\/de\/wp-json\/wp\/v2\/types\/product"}],"replies":[{"embeddable":true,"href":"https:\/\/donnobikes.com\/de\/wp-json\/wp\/v2\/comments?post=87883"}],"wp:featuredmedia":[{"embeddable":true,"href":"https:\/\/donnobikes.com\/de\/wp-json\/wp\/v2\/media\/93010"}],"wp:attachment":[{"href":"https:\/\/donnobikes.com\/de\/wp-json\/wp\/v2\/media?parent=87883"}],"wp:term":[{"taxonomy":"product_brand","embeddable":true,"href":"https:\/\/donnobikes.com\/de\/wp-json\/wp\/v2\/product_brand?post=87883"},{"taxonomy":"product_cat","embeddable":true,"href":"https:\/\/donnobikes.com\/de\/wp-json\/wp\/v2\/product_cat?post=87883"},{"taxonomy":"product_tag","embeddable":true,"href":"https:\/\/donnobikes.com\/de\/wp-json\/wp\/v2\/product_tag?post=87883"}],"curies":[{"name":"wp","href":"https:\/\/api.w.org\/{rel}","templated":true}]}}