{"id":87907,"date":"2023-02-15T10:01:48","date_gmt":"2023-02-15T09:01:48","guid":{"rendered":"https:\/\/donnobikes.com\/?post_type=product&#038;p=87907"},"modified":"2025-04-01T11:44:40","modified_gmt":"2025-04-01T09:44:40","slug":"sicherheitskabel-yuba","status":"publish","type":"product","link":"https:\/\/donnobikes.com\/de\/produkt\/sicherheitskabel-yuba\/","title":{"rendered":"Anti-Diebstahl-Sicherheitskabel"},"content":{"rendered":"<h3>Pin Lock kompatibel<\/h3>\n<p>Das Security Cable ist ein superleichtes Sicherheitskabel, nur 400 g auf 150 cm, aber sehr effektiv. Dieses einfach zu verwendende Kabel erfordert das Yuba Pin Lock, das separat erh\u00e4ltlich ist, oder ein anderes Rahmenschloss.<\/p>\n<p>Damit k\u00f6nnen Sie Ihr Fahrrad einfach und bequem sch\u00fctzen, wo immer Sie auch sind! Er ist ideal, um Ihr Fahrrad sicher an Masten und Parkpl\u00e4tzen zu verankern und vor Diebstahl zu sch\u00fctzen.<\/p>","protected":false},"excerpt":{"rendered":"<p>Compatibile con Pin Lock Il Security Cable \u00e8 un cavo di sicurezza super leggero, appena 400g per 150cm, ma molto efficace. Facile da usare, questo cavo richiede il Pin Lock Yuba, in vendita a parte, o un altro lucchetto da telaio. Usalo per proteggere in modo semplice e pratico la tua bicicletta ovunque tu vada! [&hellip;]<\/p>\n","protected":false},"featured_media":91114,"comment_status":"closed","ping_status":"closed","template":"","meta":[],"product_brand":[],"product_cat":[16,21],"product_tag":[],"class_list":{"0":"post-87907","1":"product","2":"type-product","3":"status-publish","4":"has-post-thumbnail","6":"product_cat-yuba-accessori","7":"product_cat-yuba","8":"product_shipping_class-accessori","10":"first","11":"instock","12":"shipping-taxable","13":"purchasable","14":"product-type-simple"},"gallery_images":[91113,91116,91117,91118],"meta_box":{"short_name":"","marketing_name":"","motore_for_biciclette":[],"biciclette_id":"","consegna":"","configurator":[],"single_page_group":[],"catalog_group":[]},"_links":{"self":[{"href":"https:\/\/donnobikes.com\/de\/wp-json\/wp\/v2\/product\/87907","targetHints":{"allow":["GET"]}}],"collection":[{"href":"https:\/\/donnobikes.com\/de\/wp-json\/wp\/v2\/product"}],"about":[{"href":"https:\/\/donnobikes.com\/de\/wp-json\/wp\/v2\/types\/product"}],"replies":[{"embeddable":true,"href":"https:\/\/donnobikes.com\/de\/wp-json\/wp\/v2\/comments?post=87907"}],"wp:featuredmedia":[{"embeddable":true,"href":"https:\/\/donnobikes.com\/de\/wp-json\/wp\/v2\/media\/91114"}],"wp:attachment":[{"href":"https:\/\/donnobikes.com\/de\/wp-json\/wp\/v2\/media?parent=87907"}],"wp:term":[{"taxonomy":"product_brand","embeddable":true,"href":"https:\/\/donnobikes.com\/de\/wp-json\/wp\/v2\/product_brand?post=87907"},{"taxonomy":"product_cat","embeddable":true,"href":"https:\/\/donnobikes.com\/de\/wp-json\/wp\/v2\/product_cat?post=87907"},{"taxonomy":"product_tag","embeddable":true,"href":"https:\/\/donnobikes.com\/de\/wp-json\/wp\/v2\/product_tag?post=87907"}],"curies":[{"name":"wp","href":"https:\/\/api.w.org\/{rel}","templated":true}]}}