{"id":87914,"date":"2023-02-15T10:34:47","date_gmt":"2023-02-15T09:34:47","guid":{"rendered":"https:\/\/donnobikes.com\/?post_type=product&#038;p=87914"},"modified":"2024-03-06T13:00:08","modified_gmt":"2024-03-06T12:00:08","slug":"bambusdeck-yuba-wurziges-curry","status":"publish","type":"product","link":"https:\/\/donnobikes.com\/de\/produkt\/bambusdeck-yuba-wurziges-curry\/","title":{"rendered":"Bambusdeck Yuba W\u00fcrziges Curry"},"content":{"rendered":"<h3>Kompatibel mit allen Spicy Curry Modellen<\/h3>\n<p>Das Yuba Spicy Curry Bamboo Deck ist ein geformtes Brett zur Optimierung des Laderaums von Yuba's Spicy Curry Longtails. Perfekt, um eine bequeme Sitzgelegenheit f\u00fcr Passagiere oder eine stabile, flache Ladefl\u00e4che zu schaffen, ist dieses Add-on unerl\u00e4sslich f\u00fcr Ihr Spicy Curry-Lastenrad.<\/p>\n<p>Das Bamboo Deck Yuba Spicy Curry ist aus 5-lagigem Bambus, einem witterungsbest\u00e4ndigen und nachhaltigen Material, hergestellt. Der Anbau von Bambus ist schnell und verbraucht wenig Wasser. Alle unsere Bambusprodukte entsprechen den REACH-Richtlinien, die vor gef\u00e4hrlichen und giftigen Chemikalien sch\u00fctzen. F\u00fcr Bambusprodukte gilt eine einj\u00e4hrige beschr\u00e4nkte Garantie auf die strukturelle Integrit\u00e4t.<\/p>\n<p>Das Spicy Curry Deck passt perfekt zu den Spicy Curry Sideboards, den separat erh\u00e4ltlichen Fu\u00dfst\u00fctzen f\u00fcr den Fahrgastkomfort auf Ihrem Yuba Spicy Curry.<\/p>","protected":false},"excerpt":{"rendered":"<p>Compatibile con tutti i modelli Spicy Curry Bamboo Deck Yuba Spicy Curry \u00e8 una tavola sagomata per ottimizzare lo spazio di carico delle longtail Spicy Curry di Yuba. Perfetto per creare una comoda area di seduta per i passeggeri o una piattaforma di carico robusta e piatta, questo componente aggiuntivo \u00e8 essenziale per la tua [&hellip;]<\/p>\n","protected":false},"featured_media":91190,"comment_status":"closed","ping_status":"closed","template":"","meta":[],"product_brand":[],"product_cat":[16,21],"product_tag":[],"class_list":{"0":"post-87914","1":"product","2":"type-product","3":"status-publish","4":"has-post-thumbnail","6":"product_cat-yuba-accessori","7":"product_cat-yuba","8":"product_shipping_class-accessori","10":"first","11":"instock","12":"shipping-taxable","13":"purchasable","14":"product-type-simple"},"gallery_images":[91194,91191,91192,91193],"meta_box":{"short_name":"Tavola Portapacchi Bamboo Spicy","marketing_name":"","motore_for_biciclette":[],"biciclette_id":"","consegna":"","configurator":[],"single_page_group":[],"catalog_group":[]},"_links":{"self":[{"href":"https:\/\/donnobikes.com\/de\/wp-json\/wp\/v2\/product\/87914","targetHints":{"allow":["GET"]}}],"collection":[{"href":"https:\/\/donnobikes.com\/de\/wp-json\/wp\/v2\/product"}],"about":[{"href":"https:\/\/donnobikes.com\/de\/wp-json\/wp\/v2\/types\/product"}],"replies":[{"embeddable":true,"href":"https:\/\/donnobikes.com\/de\/wp-json\/wp\/v2\/comments?post=87914"}],"wp:featuredmedia":[{"embeddable":true,"href":"https:\/\/donnobikes.com\/de\/wp-json\/wp\/v2\/media\/91190"}],"wp:attachment":[{"href":"https:\/\/donnobikes.com\/de\/wp-json\/wp\/v2\/media?parent=87914"}],"wp:term":[{"taxonomy":"product_brand","embeddable":true,"href":"https:\/\/donnobikes.com\/de\/wp-json\/wp\/v2\/product_brand?post=87914"},{"taxonomy":"product_cat","embeddable":true,"href":"https:\/\/donnobikes.com\/de\/wp-json\/wp\/v2\/product_cat?post=87914"},{"taxonomy":"product_tag","embeddable":true,"href":"https:\/\/donnobikes.com\/de\/wp-json\/wp\/v2\/product_tag?post=87914"}],"curies":[{"name":"wp","href":"https:\/\/api.w.org\/{rel}","templated":true}]}}