{"id":87917,"date":"2023-02-15T10:37:12","date_gmt":"2023-02-15T09:37:12","guid":{"rendered":"https:\/\/donnobikes.com\/?post_type=product&#038;p=87917"},"modified":"2026-02-09T10:04:01","modified_gmt":"2026-02-09T09:04:01","slug":"wirbel-yuba","status":"publish","type":"product","link":"https:\/\/donnobikes.com\/de\/produkt\/wirbel-yuba\/","title":{"rendered":"Yuba-Zapfen"},"content":{"rendered":"<h3>Kompatibel mit allen Kombi-Modellen<\/h3>\n<p>Die Yuba Pegs sind kleine Pfl\u00f6cke, die einfach am Rahmen des Yuba Kombi-Lastenfahrrads befestigt werden und den F\u00fc\u00dfen der Kinder alternativen Halt bieten. Perfekt f\u00fcr Kleinkinder und Erwachsene, wenn die Gep\u00e4cktaschen voll sind!<\/p>","protected":false},"excerpt":{"rendered":"<p>Kompatibel mit allen Yuba Kombi Pegs sind kleine Rasten, die sich leicht am Rahmen des Yuba Kombi Cargo Bikes befestigen lassen und einen alternativen Halt f\u00fcr die F\u00fc\u00dfe der Kinder bieten. Perfekt f\u00fcr Kleinkinder und Erwachsene, wenn die Gep\u00e4cktaschen voll sind!<\/p>","protected":false},"featured_media":91242,"comment_status":"closed","ping_status":"closed","template":"","meta":[],"product_brand":[],"product_cat":[16,639,21,651],"product_tag":[],"class_list":{"0":"post-87917","1":"product","2":"type-product","3":"status-publish","4":"has-post-thumbnail","6":"product_cat-yuba-accessori","7":"product_cat-seduta-e-carico-posteriore-2","8":"product_cat-yuba","9":"product_cat-yuba-kombi-db-seduta-e-carico-posteriore-2","10":"product_shipping_class-accessori","12":"first","13":"instock","14":"shipping-taxable","15":"purchasable","16":"product-type-simple"},"gallery_images":[91241,91243,91244,91245],"meta_box":{"short_name":"Pioli Pegs","marketing_name":"","motore_for_biciclette":[],"biciclette_id":"","consegna":"","configurator":[],"single_page_group":[],"catalog_group":[]},"_links":{"self":[{"href":"https:\/\/donnobikes.com\/de\/wp-json\/wp\/v2\/product\/87917","targetHints":{"allow":["GET"]}}],"collection":[{"href":"https:\/\/donnobikes.com\/de\/wp-json\/wp\/v2\/product"}],"about":[{"href":"https:\/\/donnobikes.com\/de\/wp-json\/wp\/v2\/types\/product"}],"replies":[{"embeddable":true,"href":"https:\/\/donnobikes.com\/de\/wp-json\/wp\/v2\/comments?post=87917"}],"wp:featuredmedia":[{"embeddable":true,"href":"https:\/\/donnobikes.com\/de\/wp-json\/wp\/v2\/media\/91242"}],"wp:attachment":[{"href":"https:\/\/donnobikes.com\/de\/wp-json\/wp\/v2\/media?parent=87917"}],"wp:term":[{"taxonomy":"product_brand","embeddable":true,"href":"https:\/\/donnobikes.com\/de\/wp-json\/wp\/v2\/product_brand?post=87917"},{"taxonomy":"product_cat","embeddable":true,"href":"https:\/\/donnobikes.com\/de\/wp-json\/wp\/v2\/product_cat?post=87917"},{"taxonomy":"product_tag","embeddable":true,"href":"https:\/\/donnobikes.com\/de\/wp-json\/wp\/v2\/product_tag?post=87917"}],"curies":[{"name":"wp","href":"https:\/\/api.w.org\/{rel}","templated":true}]}}