{"id":87919,"date":"2023-02-15T10:43:11","date_gmt":"2023-02-15T09:43:11","guid":{"rendered":"https:\/\/donnobikes.com\/?post_type=product&#038;p=87919"},"modified":"2024-03-06T13:00:05","modified_gmt":"2024-03-06T12:00:05","slug":"offener-lader-yuba","status":"publish","type":"product","link":"https:\/\/donnobikes.com\/de\/produkt\/offener-lader-yuba\/","title":{"rendered":"Yuba Offener Lader-Stoffkasten"},"content":{"rendered":"<h3>Kompatibel mit allen Supercargo-Modellen<\/h3>\n<p>Der Yuba Open Loader ist eine Frontbox, eine Stoffbox, mit der sich das Supercargo-Lastenrad von Yuba in einen zweir\u00e4drigen Megatransporter verwandeln l\u00e4sst. Leicht, flexibel, langlebig und wetterfest ist er bereit, Fracht, Waren, Haustiere und Kinder zu transportieren, ohne eine Tonne Gewicht hinzuzuf\u00fcgen! Das separat erh\u00e4ltliche Base Board ist f\u00fcr die Montage erforderlich.<\/p>\n<p>Transportieren Sie Ihre Eink\u00e4ufe, Werkzeuge, Haustiere und Kinder sicher und gesch\u00fctzt. Um Ihre Kinder stilvoll und bequem zu transportieren, ist das separat erh\u00e4ltliche Open Loader Seat Kit ein Muss. Und um den Yuba Open Loader auch an Tagen mit Regen, Schnee, Wind oder anderen Wetterbedingungen optimal nutzen zu k\u00f6nnen, kombinieren Sie ihn mit dem Yuba Canopy.<\/p>","protected":false},"excerpt":{"rendered":"<p>Compatibile con tutti i modelli Supercargo L&#8217;Open Loader Yuba \u00e8 un contenitore frontale, un box in tessuto, per trasformare la cargo bike Supercargo di Yuba in un mega-trasportatore a due ruote. Leggero, flessibile, durevole e resistente agli agenti atmosferici, \u00e8 pronto a trasportare carichi, merci, amici a quattro zampe e bambini, senza aggiungere una tonnellata [&hellip;]<\/p>\n","protected":false},"featured_media":91312,"comment_status":"closed","ping_status":"closed","template":"","meta":[],"product_brand":[],"product_cat":[16,21],"product_tag":[],"class_list":{"0":"post-87919","1":"product","2":"type-product","3":"status-publish","4":"has-post-thumbnail","6":"product_cat-yuba-accessori","7":"product_cat-yuba","8":"product_shipping_class-accessori","10":"first","11":"instock","12":"shipping-taxable","13":"purchasable","14":"product-type-simple"},"gallery_images":[91313,91320,91319,91316,91318,91317],"meta_box":{"short_name":"Box in tessuto Open Loader","marketing_name":"","motore_for_biciclette":[],"biciclette_id":"","consegna":"","configurator":[],"single_page_group":[],"catalog_group":[]},"_links":{"self":[{"href":"https:\/\/donnobikes.com\/de\/wp-json\/wp\/v2\/product\/87919","targetHints":{"allow":["GET"]}}],"collection":[{"href":"https:\/\/donnobikes.com\/de\/wp-json\/wp\/v2\/product"}],"about":[{"href":"https:\/\/donnobikes.com\/de\/wp-json\/wp\/v2\/types\/product"}],"replies":[{"embeddable":true,"href":"https:\/\/donnobikes.com\/de\/wp-json\/wp\/v2\/comments?post=87919"}],"wp:featuredmedia":[{"embeddable":true,"href":"https:\/\/donnobikes.com\/de\/wp-json\/wp\/v2\/media\/91312"}],"wp:attachment":[{"href":"https:\/\/donnobikes.com\/de\/wp-json\/wp\/v2\/media?parent=87919"}],"wp:term":[{"taxonomy":"product_brand","embeddable":true,"href":"https:\/\/donnobikes.com\/de\/wp-json\/wp\/v2\/product_brand?post=87919"},{"taxonomy":"product_cat","embeddable":true,"href":"https:\/\/donnobikes.com\/de\/wp-json\/wp\/v2\/product_cat?post=87919"},{"taxonomy":"product_tag","embeddable":true,"href":"https:\/\/donnobikes.com\/de\/wp-json\/wp\/v2\/product_tag?post=87919"}],"curies":[{"name":"wp","href":"https:\/\/api.w.org\/{rel}","templated":true}]}}